{"id":18332,"date":"2026-01-07T23:06:37","date_gmt":"2026-01-07T22:06:37","guid":{"rendered":"https:\/\/bowling.praguesbarrel.eu\/?page_id=18332"},"modified":"2026-01-07T23:06:37","modified_gmt":"2026-01-07T22:06:37","slug":"sistemazione-alberghiera","status":"publish","type":"page","link":"https:\/\/bowling.praguesbarrel.eu\/it\/prezzo\/sistemazione-alberghiera\/","title":{"rendered":"Sistemazione alberghiera"},"content":{"rendered":"<div class=\"ytvideo-wrapper\"><iframe loading=\"lazy\" src=\"https:\/\/www.google.com\/maps\/d\/u\/1\/embed?mid=162JkbF4Cvw27ZIEIw9PPFuzuUw0\" width=\"640\" height=\"480\"><span data-mce-type=\"bookmark\" style=\"display: inline-block; width: 0px; overflow: hidden; line-height: 0;\" class=\"mce_SELRES_start\">\ufeff<\/span><span data-mce-type=\"bookmark\" style=\"display: inline-block; width: 0px; overflow: hidden; line-height: 0;\" class=\"mce_SELRES_start\">\ufeff<\/span><\/iframe><\/div>\n<h2>ambassador *****<\/h2>\n<p>Albergo Ambassador e situato nella parte bassa i piazza Venceslao, 5 minuti a piedi dalla Piazza della Citt\u00e0 Vecchia. Le camere offrono almeno 25m2 di spazio e sono arredate nello stile art-nouveau.<br \/>\nTutte i bagni di marmo sono dotati di vasca idromassaggio e di solito anche con una doccia. Le camere sono fornite di TV con lo schermo piatto e vari programmi satellitari, cassaforte, frigobar e Wi-Fi gratis.<br \/>\nC&#8217;\u00e8 anche la possibilit\u00e0 di rilassarsi nel centro benessere che offre una vasta gamma di massaggi Thailandesi e Ayurvedici, trattamenti corpo&amp;viso oppure massaggi speciali &#8211; al miele, al cioccolato oppure massaggio delle ciacre con le pietre laviche.<br \/>\n<a href=\"https:\/\/bowling.praguesbarrel.eu\/ambassador\/\"><img loading=\"lazy\" decoding=\"async\" class=\"aligncenter size-full wp-image-3804\" src=\"https:\/\/bowling.praguesbarrel.eu\/wp-content\/uploads\/2017\/01\/Bowling-tournament-hotel-ambassador03.jpg\" alt=\"\" width=\"640\" height=\"350\" \/><\/a><\/p>\n<h2>ambiance ****<\/h2>\n<p>Ambiance \u00e8 situato a Praga 2, 12 minuti a piedi da piazza Venceslao, 7 minuti a piedi dai club Retro, Radost FX e Le Mirage. L&#8217;albergo \u00e8 circondato dai pub, ristoranti e minimarket. Offre stanze pi\u00f9 piccole ma accoglienti con cassaforte, aria condizionata, Wi-Fi gratis e ottima colazione. S pu\u00f2 rilassare nella terazza nel cortile. Il parcheggio \u00e8 disponibile nel vicino hotel Superior.<br \/>\n<a href=\"https:\/\/bowling.praguesbarrel.eu\/ambiance\/\"><img loading=\"lazy\" decoding=\"async\" class=\"aligncenter size-full wp-image-3804\" src=\"https:\/\/bowling.praguesbarrel.eu\/wp-content\/uploads\/2017\/08\/bowlingl-international-tournament-07-1.jpg\" alt=\"\" width=\"640\" height=\"350\" \/><\/a><\/p>\n<h2>DUO ****<\/h2>\n<p>Hotel DUO \u00e8 un grande albergo nella immediata vicinanza dell astazione metropolitana St\u0159\u00ed\u017ekov con cui si arriva in centro in 15 minuti. \u00c8 situato in periferia, nel complesso residenziale di case prefabricate pi\u00f9 antico a Praga &#8211; quindi offre ottimi servizi civici &#8211; il parco, bar, pub, supermercati&#8230;<br \/>\nLe camere sono semplici ma accoglienti, in ogni stanza si trova il bollitore a cassaforte. Nel tempo libero si pu\u00f2 godere ottimo caff\u00e8 o coctail nel lobby elegante, giocare a bowling, andare dal parucchiere oppure andare a farsi un massaggio. (entrambi Thai e classico) La piscina, sauna e fitness sono gratuiti per gli ospiti dell&#8217;albergo. Shopaholici aprezzeranno la vicinanza del centro commerciale pi\u00f9 grande di Praga.<\/p>\n<p><a href=\"https:\/\/bowling.praguesbarrel.eu\/hotel-duo\/\"><img loading=\"lazy\" decoding=\"async\" class=\"aligncenter size-full wp-image-3804\" src=\"https:\/\/bowling.praguesbarrel.eu\/wp-content\/uploads\/2021\/08\/hotel_duo1.jpeg\" alt=\"\" width=\"640\" height=\"350\" \/><\/a><\/p>\n<h2>OLSANKA ***<\/h2>\n<p>Hotel Ol\u0161anka\u00a0\u00e8 una scelta eccellente per quelli che preferiscono alloggiare vicino al centro bowling del nostro torneo. L&#8217;albergo\u00a0\u00e8 situato nel quore di quartiere \u017di\u017ekov &#8211; be noto per i numerevoli bar, osterie e caff\u00e9. Le piste si raggiungono in 10 minuti a piedi, il centro in 10 minuti nel tram. Tutte le stanze sono dotate di TV con segnale satellitare e WiFi gratuita. L&#8217;albergo tiene un proprio centro sportivo con la piscina, fitness, sauna, massaggi, badinton ecc.<a href=\"https:\/\/bowling.praguesbarrel.eu\/it\/olsanka\/\"><img loading=\"lazy\" decoding=\"async\" class=\"aligncenter wp-image-3800 size-full\" src=\"https:\/\/bowling.praguesbarrel.eu\/wp-content\/uploads\/2016\/09\/olsanka-min.jpg\" alt=\"\" width=\"640\" height=\"425\" srcset=\"https:\/\/bowling.praguesbarrel.eu\/wp-content\/uploads\/2016\/09\/olsanka-min.jpg 640w, https:\/\/bowling.praguesbarrel.eu\/wp-content\/uploads\/2016\/09\/olsanka-min-300x199.jpg 300w\" sizes=\"auto, (max-width: 640px) 100vw, 640px\" \/><\/a><\/p>\n<h2>PRAGUE CENTRE PLAZA ***<\/h2>\n<p>Un bel tre stelle a Praga 2 Vinohrady, uno dei quartieri pi\u00f9 fichi della citt\u00e0. Piazza Venceslao dista 12 minuti a piedi. Godetevi l&#8217;infinita quantit\u00e0 dei pub, bar e music club in prossimit\u00e0 dell&#8217;albergo! In pi\u00f9 c&#8217;\u00e8 la possibilit\u00e1 di rilassarsi in sauna, jacuzzi oppure bagno di birra. \ud83d\ude42<\/p>\n<p><a href=\"https:\/\/bowling.praguesbarrel.eu\/it\/prague-centre-plaza\/\"><img loading=\"lazy\" decoding=\"async\" class=\"aligncenter size-full wp-image-3801\" src=\"https:\/\/bowling.praguesbarrel.eu\/wp-content\/uploads\/2016\/09\/praguecentreplaza.jpg\" alt=\"\" width=\"640\" height=\"443\" srcset=\"https:\/\/bowling.praguesbarrel.eu\/wp-content\/uploads\/2016\/09\/praguecentreplaza.jpg 640w, https:\/\/bowling.praguesbarrel.eu\/wp-content\/uploads\/2016\/09\/praguecentreplaza-300x208.jpg 300w\" sizes=\"auto, (max-width: 640px) 100vw, 640px\" \/><\/a><\/p>\n<h2>St. george ****<\/h2>\n<p>L&#8217;albergo St. George \u00e8 situato nel centro citt\u00e0, vicino alla fermata di metropolitana I.P. Pavlova, circa 15 minuti a piedi dalla piazza Venceslao. Vicino si trovano numerosi ristoranti e bar. Gli ospiti possono usufruire del Wi-Fi libero e TV a schermo piatto in ogni camera. Le camere hanno bagni luminosi dotati di asciugacapelli, vasca da bagno oppure doccia. L&#8217;albergo offre possibilit\u00e0 di parcheggio auto, cassaforte, pallestra e centro benessere. Lobby bar ha una bella terazza per godervi il vostro drink.<\/p>\n<p><a href=\"https:\/\/bowling.praguesbarrel.eu\/st-george\/\"><img loading=\"lazy\" decoding=\"async\" class=\"aligncenter size-full wp-image-3803\" src=\"https:\/\/bowling.praguesbarrel.eu\/wp-content\/uploads\/2019\/08\/196248717.jpg\" alt=\"\" width=\"640\" height=\"426\" \/><\/a><\/p>\n","protected":false},"excerpt":{"rendered":"<p>\ufeff\ufeff ambassador ***** Albergo Ambassador e situato nella parte bassa i piazza Venceslao, 5 minuti a piedi dalla Piazza della Citt\u00e0 Vecchia. Le camere offrono almeno 25m2 di spazio e sono arredate nello stile art-nouveau. Tutte i bagni di marmo sono dotati di vasca idromassaggio e di solito anche con una doccia. Le camere sono&#8230;<\/p>\n","protected":false},"author":4,"featured_media":0,"parent":18329,"menu_order":0,"comment_status":"closed","ping_status":"closed","template":"","meta":{"footnotes":""},"class_list":["post-18332","page","type-page","status-publish","hentry"],"_links":{"self":[{"href":"https:\/\/bowling.praguesbarrel.eu\/it\/wp-json\/wp\/v2\/pages\/18332","targetHints":{"allow":["GET"]}}],"collection":[{"href":"https:\/\/bowling.praguesbarrel.eu\/it\/wp-json\/wp\/v2\/pages"}],"about":[{"href":"https:\/\/bowling.praguesbarrel.eu\/it\/wp-json\/wp\/v2\/types\/page"}],"author":[{"embeddable":true,"href":"https:\/\/bowling.praguesbarrel.eu\/it\/wp-json\/wp\/v2\/users\/4"}],"replies":[{"embeddable":true,"href":"https:\/\/bowling.praguesbarrel.eu\/it\/wp-json\/wp\/v2\/comments?post=18332"}],"version-history":[{"count":1,"href":"https:\/\/bowling.praguesbarrel.eu\/it\/wp-json\/wp\/v2\/pages\/18332\/revisions"}],"predecessor-version":[{"id":18333,"href":"https:\/\/bowling.praguesbarrel.eu\/it\/wp-json\/wp\/v2\/pages\/18332\/revisions\/18333"}],"up":[{"embeddable":true,"href":"https:\/\/bowling.praguesbarrel.eu\/it\/wp-json\/wp\/v2\/pages\/18329"}],"wp:attachment":[{"href":"https:\/\/bowling.praguesbarrel.eu\/it\/wp-json\/wp\/v2\/media?parent=18332"}],"curies":[{"name":"wp","href":"https:\/\/api.w.org\/{rel}","templated":true}]}}