{"id":18141,"date":"2016-08-10T22:28:40","date_gmt":"2016-08-10T21:28:40","guid":{"rendered":"https:\/\/bowling.praguesbarrel.eu\/gallery\/"},"modified":"2016-08-10T22:28:40","modified_gmt":"2016-08-10T21:28:40","slug":"gallery","status":"publish","type":"page","link":"https:\/\/bowling.praguesbarrel.eu\/it\/gallery\/","title":{"rendered":"Gallery"},"content":{"rendered":"<div class=\"photo-grid\"><a href=\"https:\/\/photos.app.goo.gl\/fobkB4y4h3Sbbs2T6\"><br \/>\n<img decoding=\"async\" src=\"http:\/\/bowling.praguesbarrel.eu\/wp-content\/uploads\/2025\/09\/bowling-tournament-2023.jpg\" alt=\"Popis prvn\u00edho obr\u00e1zku\" \/><br \/>\n<\/a><br \/>\n<a href=\"https:\/\/photos.app.goo.gl\/btonRkSXZGqzzTXJ9\"><br \/>\n<img decoding=\"async\" src=\"http:\/\/bowling.praguesbarrel.eu\/wp-content\/uploads\/2025\/09\/bowling-tournament-2024.jpg\" alt=\"Popis druh\u00e9ho obr\u00e1zku\" \/><br \/>\n<\/a><br \/>\n<a href=\"https:\/\/photos.app.goo.gl\/Cb5o1R7CbYbJe5t77\"><br \/>\n<img decoding=\"async\" src=\"http:\/\/bowling.praguesbarrel.eu\/wp-content\/uploads\/2025\/09\/bowling-tournament-2025.jpg\" alt=\"Popis t\u0159et\u00edho obr\u00e1zku\" \/><br \/>\n<\/a><\/div>\n<p>All the photos from our bowling tournaments can be found in Google Photos albums according to years: <a href=\"https:\/\/photos.app.goo.gl\/qXqbaUen2c1uU61j9\">2014<\/a>, <a href=\"https:\/\/photos.app.goo.gl\/RMdRgkuxFhBcUxX69\">2015<\/a>, <a href=\"https:\/\/photos.app.goo.gl\/w8EFAfNFNkMEiW8y9\">2016<\/a>, <a href=\"https:\/\/photos.app.goo.gl\/PqEvjTHFXwYXnX1A7\">2017<\/a>, <a href=\"https:\/\/photos.app.goo.gl\/2kPHsrBXtXAY3bbK9\">2018<\/a>, <a href=\"https:\/\/photos.app.goo.gl\/6ehyAEJYi5SK5Hjg9\">2019<\/a>, <a href=\"https:\/\/photos.app.goo.gl\/aX4AWK2mxg7L52yHA\">2021<\/a>, <a href=\"https:\/\/photos.app.goo.gl\/i68Soo5pQe2Fb2HJ6\">2022<\/a>, <a href=\"https:\/\/photos.app.goo.gl\/fobkB4y4h3Sbbs2T6\">2023<\/a>, <a href=\"https:\/\/photos.app.goo.gl\/btonRkSXZGqzzTXJ9\">2024<\/a>, <a href=\"https:\/\/photos.app.goo.gl\/Cb5o1R7CbYbJe5t77\">2025<\/a><\/p>\n<div class=\"ytvideo-wrapper\"><iframe title=\"YouTube video player\" src=\"https:\/\/www.youtube.com\/embed\/3S0spqLwwPo?si=hwtA_-wHWAJHqVbU\" frameborder=\"0\" allowfullscreen=\"allowfullscreen\"><\/iframe><\/div>\n<p>All the videos from our previous bowling tournament can be found <a href=\"https:\/\/www.youtube.com\/playlist?list=PLHMdOFDTqY8CAeLBs-2txtTJKI8BJyl4J\">in this playlist<\/a>.<\/p>\n","protected":false},"excerpt":{"rendered":"<p>All the photos from our bowling tournaments can be found in Google Photos albums according to years: 2014, 2015, 2016, 2017, 2018, 2019, 2021, 2022, 2023, 2024, 2025 All the videos from our previous bowling tournament can be found in this playlist.<\/p>\n","protected":false},"author":8,"featured_media":0,"parent":0,"menu_order":0,"comment_status":"closed","ping_status":"closed","template":"templates\/gallery.php","meta":{"footnotes":""},"class_list":["post-18141","page","type-page","status-publish","hentry"],"_links":{"self":[{"href":"https:\/\/bowling.praguesbarrel.eu\/it\/wp-json\/wp\/v2\/pages\/18141","targetHints":{"allow":["GET"]}}],"collection":[{"href":"https:\/\/bowling.praguesbarrel.eu\/it\/wp-json\/wp\/v2\/pages"}],"about":[{"href":"https:\/\/bowling.praguesbarrel.eu\/it\/wp-json\/wp\/v2\/types\/page"}],"author":[{"embeddable":true,"href":"https:\/\/bowling.praguesbarrel.eu\/it\/wp-json\/wp\/v2\/users\/8"}],"replies":[{"embeddable":true,"href":"https:\/\/bowling.praguesbarrel.eu\/it\/wp-json\/wp\/v2\/comments?post=18141"}],"version-history":[{"count":0,"href":"https:\/\/bowling.praguesbarrel.eu\/it\/wp-json\/wp\/v2\/pages\/18141\/revisions"}],"wp:attachment":[{"href":"https:\/\/bowling.praguesbarrel.eu\/it\/wp-json\/wp\/v2\/media?parent=18141"}],"curies":[{"name":"wp","href":"https:\/\/api.w.org\/{rel}","templated":true}]}}