{"id":129,"date":"2016-09-08T05:19:14","date_gmt":"2016-09-08T04:19:14","guid":{"rendered":"http:\/\/bowling.praguesbarrel.eu\/it\/?page_id=129"},"modified":"2026-01-06T12:07:17","modified_gmt":"2026-01-06T11:07:17","slug":"torneo","status":"publish","type":"page","link":"https:\/\/bowling.praguesbarrel.eu\/it\/torneo\/","title":{"rendered":"Torneo"},"content":{"rendered":"<div>\n<p>Il torneo di bowling Prague&#8217;s Barrel \u00e8 un evento internazionale amatoriale annuale in cui l&#8217;unico requisito \u00e8 l&#8217;amore per il divertimento. Che la tua squadra sia composta da \u201cgeni del bowling\u201d o da principianti assoluti, tutti sono invitati a giocare qualche partita e a godersi quattro giorni indimenticabili in una delle citt\u00e0 pi\u00f9 belle d&#8217;Europa.<\/p>\n<p><strong>Il torneo ha celebrato il suo decimo anniversario (<a href=\"https:\/\/bowling.praguesbarrel.eu\/it\/torneo\/results\/\">vedi tutti i risultati<\/a>) ed \u00e8 partner della Deutsche Betriebsport Verband e della Czech Amateur Bowling League<\/strong>, quindi puoi aspettarti un&#8217;organizzazione di prim&#8217;ordine senza formalit\u00e0 rigide. Non si tratta solo di strike e spare: il pacchetto include alloggio, trasferimenti, pensione completa, iscrizione alla competizione, birra alla spina illimitata e organizzatori felici di aiutarti in ogni momento, dall&#8217;arrivo alla partenza. In altre parole, ci pensiamo noi a tutto, cos\u00ec potrete concentrarvi sul divertimento.<\/p>\n<p>Ancora indecisi? Date un&#8217;occhiata alle<a href=\"https:\/\/bowling.praguesbarrel.eu\/it\/enrolled-teams\/\">\u00a0squadre che si sono gi\u00e0 iscritte<\/a> e unitevi alla grande comunit\u00e0 di partecipanti di Prague&#8217;s Barrel!<\/p>\n<p>\u2764\ufe0f \ud83c\udfb3<strong> Al nostro torneo forniamo un&#8217;assistenza completa<\/strong>, assicurando a ogni squadra un&#8217;esperienza di gioco indimenticabile e senza intoppi.<\/p>\n<div class=\"pointer-events-none h-px w-px\" aria-hidden=\"true\" data-edge=\"true\"><\/div>\n<div class=\"ytvideo-wrapper\"><iframe title=\"YouTube video player\" src=\"https:\/\/www.youtube.com\/embed\/3S0spqLwwPo?si=hwtA_-wHWAJHqVbU\" frameborder=\"0\" allowfullscreen=\"allowfullscreen\"><\/iframe><\/div>\n<p>&nbsp;<\/p>\n<p>Perch\u00e9 scegliere Prague&#8217;s Barrel? Perch\u00e9 la citt\u00e0 \u00e8 meravigliosa e facilmente accessibile, l&#8217;atmosfera \u00e8 imbattibile e <strong>le squadre continuano a tornare anno dopo anno<\/strong>, a dimostrazione del fatto che una volta provato il bowling, la birra e il fascino di Praga in un unico pacchetto, non potrai pi\u00f9 farne a meno.<\/p>\n<h2>Guarda come sta andando il torneo<\/h2>\n<\/div>\n<div><\/div>\n<p><a href=\"http:\/\/bowling.praguesbarrel.eu\/wp-content\/uploads\/2024\/08\/Experience_bowling_prezentace_compressed.pdf\"><img loading=\"lazy\" decoding=\"async\" class=\"alignnone size-full wp-image-76128\" src=\"http:\/\/bowling.praguesbarrel.eu\/wp-content\/uploads\/2024\/08\/Experience_bowling_prezentace-1024x576.gif\" alt=\"\" width=\"1152\" height=\"648\" \/><\/a><\/p>\n<style>#sp-ea-18240 .spcollapsing { height: 0; overflow: hidden; transition-property: height;transition-duration: 300ms;}#sp-ea-18240.sp-easy-accordion>.sp-ea-single {margin-bottom: 10px; border: 1px solid #e2e2e2; }#sp-ea-18240.sp-easy-accordion>.sp-ea-single>.ea-header a {color: #444;}#sp-ea-18240.sp-easy-accordion>.sp-ea-single>.sp-collapse>.ea-body {background: #fff; color: #444;}#sp-ea-18240.sp-easy-accordion>.sp-ea-single {background: #eee;}#sp-ea-18240.sp-easy-accordion>.sp-ea-single>.ea-header a .ea-expand-icon { float: left; color: #444;font-size: 16px;}<\/style><div id=\"sp_easy_accordion-1764617555\"><div id=\"sp-ea-18240\" class=\"sp-ea-one sp-easy-accordion\" data-ea-active=\"ea-click\" data-ea-mode=\"vertical\" data-preloader=\"\" data-scroll-active-item=\"\" data-offset-to-scroll=\"0\"><div class=\"ea-card ea-expand sp-ea-single\"><h3 class=\"ea-header\"><a class=\"collapsed\" id=\"ea-header-182400\" role=\"button\" data-sptoggle=\"spcollapse\" data-sptarget=\"#collapse182400\" aria-controls=\"collapse182400\" href=\"#\" aria-expanded=\"true\" tabindex=\"0\"><i aria-hidden=\"true\" role=\"presentation\" class=\"ea-expand-icon eap-icon-ea-expand-minus\"><\/i> Regole<\/a><\/h3><div class=\"sp-collapse spcollapse collapsed show\" id=\"collapse182400\" data-parent=\"#sp-ea-18240\" role=\"region\" aria-labelledby=\"ea-header-182400\"> <div class=\"ea-body\"><p>Nello spirito del Prague's Barrel, immaginate di sostituire la vostra routine quotidiana con quattro giorni di strike, risate e boccali di birra. Si tratta di un torneo di bowling amatoriale in cui tutti, dai principianti ai giocatori esperti, sono i benvenuti, e l'attenzione \u00e8 rivolta tanto al divertimento quanto ai punteggi.<\/p><p><strong>Stabiliremo alcune semplici regole per garantire la correttezza del gioco, poi faremo volare i birilli per vedere quale squadra si aggiudicher\u00e0 il titolo e potr\u00e0 vantarsi di averlo conquistato nella Praga magica.<\/strong> Quindi raduna i tuoi amici, porta il tuo entusiasmo e preparati a un mix indimenticabile di sport, goliardia e birra a volont\u00e0.<\/p><ul><li>La squadra consiste di 4 giocatori<\/li><li>La sostituzione del giocatore \u00e8 possibile ma il sostituto non pu\u00f2 giocare in un\u2018altra squadra<\/li><li>Le donne riceveranno 5 birilli di handicap in tutte le partite del torneo. \u00a0I 5 birilli del handicap devono essere iscritti nel sistema del punteggio.<\/li><li>I nominativi dei giocatori devono essere inseriti nel sistema del punteggio.<\/li><li>Tutte le partite saranno soggette allo stile Europeo. I cambiamenti delle corsie durante le partite non sono possibili,<\/li><li>Nel caso ci fosse una squadra con numero di giocatori insufficiente \u2013 verr\u00e0 assegnata 120 punti blind a giocatore mancante<\/li><li>La competizione si svolge conformemente con le regole tecniche di FIQ, WTBA (parte Europea) and CBA (associazione di bowling Ceca) a eccezione di consumazione delle bevande alcooliche ecc. dovuta al carattere del torneo<\/li><li>Il sorteggio e divisione in centri bowling saranno fatti durante la prima cena comune il gioved\u00ec sera oppure saranno pubblicate sul sito<\/li><\/ul><\/div><\/div><\/div><div class=\"ea-card sp-ea-single\"><h3 class=\"ea-header\"><a class=\"collapsed\" id=\"ea-header-182401\" role=\"button\" data-sptoggle=\"spcollapse\" data-sptarget=\"#collapse182401\" aria-controls=\"collapse182401\" href=\"#\" aria-expanded=\"false\" tabindex=\"0\"><i aria-hidden=\"true\" role=\"presentation\" class=\"ea-expand-icon eap-icon-ea-expand-plus\"><\/i> La formula del torneo<\/a><\/h3><div class=\"sp-collapse spcollapse \" id=\"collapse182401\" data-parent=\"#sp-ea-18240\" role=\"region\" aria-labelledby=\"ea-header-182401\"> <div class=\"ea-body\"><p>\u200b\u200bSar\u00e0 modificato in base al numero di squadre. Il tabellone sar\u00e0 pubblicato sul nostro sito web prima del torneo e sar\u00e0 lo stesso per tutti i centri. La bozza della formula \u00e8 disponibile qui sotto.<\/p><h3>Venerd\u00cc<\/h3><div>Il primo giorno si svolgono le qualificazioni ( ogni squadra disputer\u00e0 min. 3 partite) a totale birilli incluso gli handicap suddivider\u00e0 le squadre in gruppi di merito (A,B,C e pi\u00f9 se neccessario). Nel caso ci sia un pareggio, la classifica sar\u00e0 determinata a seconda del totale dei birilli senza il handicap, poi a seconda di birilli abbattuti dell\u2019ultima (penultima) partita. Nel caso il punteggio fosse ancora pari, decide il punteggio migliore della qualificazione del giocatore migliore della squadra.<\/div><h3>Sabato<\/h3><div>Prima si disputeranno i gironi, seguito dal sistema di eliminazione diretta in ogni gruppo di merito (ogni squadra disputer\u00e0 min. 3 partite).<\/div><\/div><\/div><\/div><div class=\"ea-card sp-ea-single\"><h3 class=\"ea-header\"><a class=\"collapsed\" id=\"ea-header-182402\" role=\"button\" data-sptoggle=\"spcollapse\" data-sptarget=\"#collapse182402\" aria-controls=\"collapse182402\" href=\"#\" aria-expanded=\"false\" tabindex=\"0\"><i aria-hidden=\"true\" role=\"presentation\" class=\"ea-expand-icon eap-icon-ea-expand-plus\"><\/i> Programma<\/a><\/h3><div class=\"sp-collapse spcollapse \" id=\"collapse182402\" data-parent=\"#sp-ea-18240\" role=\"region\" aria-labelledby=\"ea-header-182402\"> <div class=\"ea-body\"><h3><strong>Gioved\u00ec<\/strong><\/h3><p>10:00 \u2013 18:00 Arrivo delle squadre e check - in<br \/>19:30 \u2013 22:00 Cena in un ristorante tipico ceco<br \/>22:00 \u2013 ? Programma libero<\/p><h3><strong>Venerd\u00ec<\/strong><\/h3><p>7:00 \u2013 9:00 Colazione in albergo<br \/>8:15 \u2013 9:15 Partenza per i centri di bowling<br \/>9:00 \u2013 18:00 a) Programma sportivo (pranzo presso la struttura sportiva)<br \/>b) Programma libero (shopping, visita della citt\u00e0)<br \/>20:00 \u2013 22:00 Cena sul battello e il giro sulla fiume Moldava<br \/>22:00 \u2013 ? Programma libero<\/p><h2><strong>Sabato<\/strong><\/h2><p>7:00 \u2013 9:00 Colazione in albergo<br \/>8:15 \u2013 9:15 Partenza per i centri di bowling<br \/>9:00 \u2013 18:00 a) Programma sportivo (pranzo presso la struttura sportiva)<br \/>b) Programma libero (shopping, visita della citt\u00e0)<br \/>19:30 Cerimonia di chiusura con le premiazioni, cena e musica<br \/>Festa libera<\/p><h2><strong>Domenica<\/strong><\/h2><p>7:00 \u2013 9:00 Colazione in albergo<br \/>fino alle 11 check-out<br \/>tempo libero, partenza<\/p><\/div><\/div><\/div><div class=\"ea-card sp-ea-single\"><h3 class=\"ea-header\"><a class=\"collapsed\" id=\"ea-header-182403\" role=\"button\" data-sptoggle=\"spcollapse\" data-sptarget=\"#collapse182403\" aria-controls=\"collapse182403\" href=\"#\" aria-expanded=\"false\" tabindex=\"0\"><i aria-hidden=\"true\" role=\"presentation\" class=\"ea-expand-icon eap-icon-ea-expand-plus\"><\/i> Strutture sportive<\/a><\/h3><div class=\"sp-collapse spcollapse \" id=\"collapse182403\" data-parent=\"#sp-ea-18240\" role=\"region\" aria-labelledby=\"ea-header-182403\"> <div class=\"ea-body\"><p>Abbiamo unito le forze con i migliori centri <strong>Xbowling di Praga<\/strong> a <a href=\"https:\/\/prosek.xbowling.cz\/\">Prosek<\/a> e <a href=\"https:\/\/zizkov.xbowling.cz\/\">\u017di\u017ekov<\/a> per offrirti il miglior palcoscenico possibile per i tuoi strike. Entrambe le sedi vantano uno staff ben preparato e le loro piste Brunswick e QubicaAMF modernizzate sono mantenute secondo i pi\u00f9 alti standard tecnici. Grazie alla collaborazione con questi centri, garantiamo a tutti i giocatori, sia dilettanti che professionisti, strutture di altissima qualit\u00e0 e l'ospitalit\u00e0 che rende il nostro torneo cos\u00ec speciale. Questi centri di bowling sono tra i migliori di Praga e ospitano regolarmente competizioni prestigiose come il campionato ceco <strong>ABL, la 9-Pin Team League e il Prosek IRON Ten<\/strong>, oltre a numerosi tornei nazionali e internazionali.<\/p><\/div><\/div><\/div><\/div><\/div>\n","protected":false},"excerpt":{"rendered":"<p>Il torneo di bowling Prague&#8217;s Barrel \u00e8 un evento internazionale amatoriale annuale in cui l&#8217;unico requisito \u00e8 l&#8217;amore per il divertimento. Che la tua squadra sia composta da \u201cgeni del bowling\u201d o da principianti assoluti, tutti sono invitati a giocare qualche partita e a godersi quattro giorni indimenticabili in una delle citt\u00e0 pi\u00f9 belle d&#8217;Europa&#8230;.<\/p>\n","protected":false},"author":5,"featured_media":17293,"parent":0,"menu_order":0,"comment_status":"closed","ping_status":"closed","template":"","meta":{"footnotes":""},"class_list":["post-129","page","type-page","status-publish","has-post-thumbnail","hentry"],"_links":{"self":[{"href":"https:\/\/bowling.praguesbarrel.eu\/it\/wp-json\/wp\/v2\/pages\/129","targetHints":{"allow":["GET"]}}],"collection":[{"href":"https:\/\/bowling.praguesbarrel.eu\/it\/wp-json\/wp\/v2\/pages"}],"about":[{"href":"https:\/\/bowling.praguesbarrel.eu\/it\/wp-json\/wp\/v2\/types\/page"}],"author":[{"embeddable":true,"href":"https:\/\/bowling.praguesbarrel.eu\/it\/wp-json\/wp\/v2\/users\/5"}],"replies":[{"embeddable":true,"href":"https:\/\/bowling.praguesbarrel.eu\/it\/wp-json\/wp\/v2\/comments?post=129"}],"version-history":[{"count":18,"href":"https:\/\/bowling.praguesbarrel.eu\/it\/wp-json\/wp\/v2\/pages\/129\/revisions"}],"predecessor-version":[{"id":18300,"href":"https:\/\/bowling.praguesbarrel.eu\/it\/wp-json\/wp\/v2\/pages\/129\/revisions\/18300"}],"wp:featuredmedia":[{"embeddable":true,"href":"https:\/\/bowling.praguesbarrel.eu\/it\/wp-json\/wp\/v2\/media\/17293"}],"wp:attachment":[{"href":"https:\/\/bowling.praguesbarrel.eu\/it\/wp-json\/wp\/v2\/media?parent=129"}],"curies":[{"name":"wp","href":"https:\/\/api.w.org\/{rel}","templated":true}]}}