{"id":18336,"date":"2026-01-07T23:09:22","date_gmt":"2026-01-07T22:09:22","guid":{"rendered":"https:\/\/bowling.praguesbarrel.eu\/?page_id=18336"},"modified":"2026-01-07T23:09:22","modified_gmt":"2026-01-07T22:09:22","slug":"hebergement","status":"publish","type":"page","link":"https:\/\/bowling.praguesbarrel.eu\/fr\/prix\/hebergement\/","title":{"rendered":"H\u00e9bergement"},"content":{"rendered":"<div class=\"ytvideo-wrapper\"><iframe loading=\"lazy\" src=\"https:\/\/www.google.com\/maps\/d\/u\/1\/embed?mid=162JkbF4Cvw27ZIEIw9PPFuzuUw0\" width=\"640\" height=\"480\"><span data-mce-type=\"bookmark\" style=\"display: inline-block; width: 0px; overflow: hidden; line-height: 0;\" class=\"mce_SELRES_start\">\ufeff<\/span><span data-mce-type=\"bookmark\" style=\"display: inline-block; width: 0px; overflow: hidden; line-height: 0;\" class=\"mce_SELRES_start\">\ufeff<\/span><\/iframe><\/div>\n<h2>ambassador *****<\/h2>\n<p>H\u00f4tel Ambassador est situ\u00e9 dans la partie inf\u00e9rieure de la place Venceslas, \u00e0 5 minutes \u00e0 pied de la Place de la Vieille Ville. Les chambres offrent au moins 25 m\u00e8tres carr\u00e9s d&rsquo;espace et de meubles de style art-nouveau et la d\u00e9coration.<br \/>\nTous les salles de bains en marble sont spacieuses et \u00e9quip\u00e9es d&rsquo;une baignoire d&rsquo;hydromassage et habituellement aussi avec une douche. Toutes les chambres sont \u00e9quip\u00e9es avec TV \u00e0 \u00e9cran plat avec de nombreuses cha\u00eenes par satellite, coffre-fort, minibar et connexion Wi-fi.<br \/>\nVous pouvez vous aussi d\u00e9tendre dans le club de bien-\u00eatre qui offre une large gamme de massages tha\u00eflandais et ayurv\u00e9diques, des enveloppements et des gommages et divers massages sp\u00e9ciaux comme le miel, le chocolat ou chakra pierre massages.<br \/>\n<a href=\"https:\/\/bowling.praguesbarrel.eu\/ambassador\/\"><img decoding=\"async\" class=\"aligncenter size-full wp-image-3804\" src=\"https:\/\/bowling.praguesbarrel.eu\/wp-content\/uploads\/2017\/01\/Bowling-tournament-hotel-ambassador03.jpg\" alt=\"\" width=\"100%\" \/><\/a><\/p>\n<h2>ambiance ****<\/h2>\n<p>L&rsquo;h\u00f4tel Ambiance est situ\u00e9 \u00e0 Prague 2, \u00e0 12 minutes \u00e0 pied de la place Venceslas, \u00e0 7 minutes \u00e0 pied des clubs Retro, Radost FX et Le mirage. L&rsquo;h\u00f4tel est encercl\u00e9 de pubs, de sup\u00e9rettes et de restaurants. L&rsquo;h\u00f4tel offre des chambres petites mais confortables, avec coffre-fort, air conditionn\u00e9, Wi-Fi gratuit et excellent petit d\u00e9jeuner. Vous pouvez vous d\u00e9tendre sur la terrasse du jardin. Parking est possible dans l&rsquo;h\u00f4tel Superior pas loin d&rsquo;Ambiance.<br \/>\n<a href=\"https:\/\/bowling.praguesbarrel.eu\/ambiance\/\"><img decoding=\"async\" class=\"aligncenter size-full wp-image-3804\" src=\"https:\/\/bowling.praguesbarrel.eu\/wp-content\/uploads\/2017\/08\/bowlingl-international-tournament-07-1.jpg\" alt=\"\" width=\"100%\" \/><\/a><\/p>\n<h2>DUO ****<\/h2>\n<p>L&rsquo;h\u00f4tel DUO est un grand h\u00f4tel situ\u00e9 \u00e0 proximit\u00e9 imm\u00e9diate de le bowling centre DUO et de la station de m\u00e9tro St\u0159\u00ed\u017ekov, avec laquelle vous rejoindrez le centre-ville en 15 minutes. Il est situ\u00e9 dans la banlieue de la ville, dans le plus ancien lotissement pr\u00e9fabriqu\u00e9 de Prague &#8211; il offre parc, bars, pubs, supermarch\u00e9s&#8230; Shopaholics appr\u00e9cieront la proximit\u00e9 du plus grand centre commercial de Prague OC Let\u0148any.<br \/>\nLes chambres sont simples mais confortables, dans chaque chambre il y a une bouilloire et un coffre-fort. Dans le temps libre, vous pourrez d\u00e9guster un excellent caf\u00e9 ou un cocktail dans l&rsquo;\u00e9l\u00e9gant hall, jouer au bowling, aller au salon de coiffure ou aller au massage (tha\u00eflandais ou sportif). La piscine, sauna et fitness sont gratuits pour les clients de l&rsquo;h\u00f4tel.<br \/>\n<a href=\"https:\/\/bowling.praguesbarrel.eu\/hotel-duo\/\"><img decoding=\"async\" class=\"aligncenter size-full wp-image-3804\" src=\"https:\/\/bowling.praguesbarrel.eu\/wp-content\/uploads\/2021\/08\/hotel_duo1.jpeg\" alt=\"\" width=\"100%\" \/><\/a><\/p>\n<h2>OL\u0160ANKA ***<\/h2>\n<p>H\u00f4tel Ol\u0161anka est un excellent choix pour ceux qui pr\u00e9f\u00e8rent un h\u00e9bergement \u00e0 proximit\u00e9 du centre de bowling \u017di\u017ekov. L&rsquo;h\u00f4tel est situ\u00e9 dans le coeur du quartier de \u017di\u017ekov &#8211; connu pour ses nombreux bars, pubs et caf\u00e9s. Vous pouvez rejoindre le centre de bowling \u00e0 10 minutes \u00e0 pied et il faut 10 minutes pour atteindre le centre-ville en tramway. Toutes les chambres sont \u00e9quip\u00e9es d&rsquo;une t\u00e9l\u00e9vision avec signal satellite et WiFi gratuit. L&rsquo;h\u00f4tel a son propre centre sportif avec piscine, sauna, fitness, massages et badminton etc.<br \/>\n<a href=\"https:\/\/bowling.praguesbarrel.eu\/fr\/olsanka\/\"><img decoding=\"async\" class=\"aligncenter wp-image-3800 size-full\" src=\"https:\/\/bowling.praguesbarrel.eu\/wp-content\/uploads\/2016\/09\/olsanka-min.jpg\" alt=\"\" width=\"100%\" srcset=\"https:\/\/bowling.praguesbarrel.eu\/wp-content\/uploads\/2016\/09\/olsanka-min.jpg 640w, https:\/\/bowling.praguesbarrel.eu\/wp-content\/uploads\/2016\/09\/olsanka-min-300x199.jpg 300w\" sizes=\"(max-width: 640px) 100vw, 640px\" \/><\/a><\/p>\n<h2>PRAGUE CENTRE PLAZA ***<\/h2>\n<p>Tr\u00e8s joli Hotel Prague Centre Plaza trois \u00e9toiles est situ\u00e9 \u00e0 Prague 2 \u2013 Vinohrady, \u00e0 12 minutes \u00e0 pied. Vous pouvez ici profiter de bars, caf\u00e9s et clubs. De plus, vous pourrez vous d\u00e9tendre dans le sauna, le jacuzzi ou le spa \u00e0 bi\u00e8re. Les chambres sont \u00e9quip\u00e9es d&rsquo;une douche et de la t\u00e9l\u00e9vision par satellite, la connexion Wi-Fi est gratuite dans tout l&rsquo;h\u00f4tel.<\/p>\n<p dir=\"ltr\"><a href=\"https:\/\/bowling.praguesbarrel.eu\/fr\/prague-centre-plaza\/\"><img decoding=\"async\" class=\"aligncenter size-full wp-image-3801\" src=\"https:\/\/bowling.praguesbarrel.eu\/wp-content\/uploads\/2016\/09\/praguecentreplaza.jpg\" alt=\"\" width=\"100%\" srcset=\"https:\/\/bowling.praguesbarrel.eu\/wp-content\/uploads\/2016\/09\/praguecentreplaza.jpg 640w, https:\/\/bowling.praguesbarrel.eu\/wp-content\/uploads\/2016\/09\/praguecentreplaza-300x208.jpg 300w\" sizes=\"(max-width: 640px) 100vw, 640px\" \/><\/a><\/p>\n<h2>st. george ****<\/h2>\n<p style=\"text-align: justify;\">L&rsquo;Hotel St. George est situ\u00e9 dans le centre-ville, pr\u00e8s de la station de m\u00e9tro I.P.Pavlova, \u00e0 environ 15 minutes de la place Wenceslas. A proximit\u00e9 on trouvent plusieurs restaurants et bars. Pendant votre s\u00e9jour, vous pourrez profiter d&rsquo;une connexion Wi-Fi gratuite, de la climatisation et d&rsquo;une t\u00e9l\u00e9vision \u00e0 \u00e9cran plat. Les salles de bains sont \u00e9quip\u00e9es d&rsquo;un s\u00e8che-cheveux, d&rsquo;une baignoire spa ou d&rsquo;une douche. L&rsquo;h\u00f4tel propose un coffre-fort, un parking, une salle de sport et un centre de bien-\u00eatre. Le bar du hall dispose \u00e9galement d&rsquo;une belle terrasse pour boire un verre.<\/p>\n<p><a href=\"https:\/\/bowling.praguesbarrel.eu\/st-george\/\"><img decoding=\"async\" class=\"aligncenter size-full wp-image-3803\" src=\"https:\/\/bowling.praguesbarrel.eu\/wp-content\/uploads\/2019\/08\/196248717.jpg\" alt=\"\" width=\"100%\" \/><\/a><\/p>\n","protected":false},"excerpt":{"rendered":"<p>\ufeff\ufeff ambassador ***** H\u00f4tel Ambassador est situ\u00e9 dans la partie inf\u00e9rieure de la place Venceslas, \u00e0 5 minutes \u00e0 pied de la Place de la Vieille Ville. Les chambres offrent au moins 25 m\u00e8tres carr\u00e9s d&rsquo;espace et de meubles de style art-nouveau et la d\u00e9coration. Tous les salles de bains en marble sont spacieuses et&#8230;<\/p>\n","protected":false},"author":4,"featured_media":0,"parent":18317,"menu_order":0,"comment_status":"closed","ping_status":"closed","template":"","meta":{"footnotes":""},"class_list":["post-18336","page","type-page","status-publish","hentry"],"_links":{"self":[{"href":"https:\/\/bowling.praguesbarrel.eu\/fr\/wp-json\/wp\/v2\/pages\/18336","targetHints":{"allow":["GET"]}}],"collection":[{"href":"https:\/\/bowling.praguesbarrel.eu\/fr\/wp-json\/wp\/v2\/pages"}],"about":[{"href":"https:\/\/bowling.praguesbarrel.eu\/fr\/wp-json\/wp\/v2\/types\/page"}],"author":[{"embeddable":true,"href":"https:\/\/bowling.praguesbarrel.eu\/fr\/wp-json\/wp\/v2\/users\/4"}],"replies":[{"embeddable":true,"href":"https:\/\/bowling.praguesbarrel.eu\/fr\/wp-json\/wp\/v2\/comments?post=18336"}],"version-history":[{"count":1,"href":"https:\/\/bowling.praguesbarrel.eu\/fr\/wp-json\/wp\/v2\/pages\/18336\/revisions"}],"predecessor-version":[{"id":18337,"href":"https:\/\/bowling.praguesbarrel.eu\/fr\/wp-json\/wp\/v2\/pages\/18336\/revisions\/18337"}],"up":[{"embeddable":true,"href":"https:\/\/bowling.praguesbarrel.eu\/fr\/wp-json\/wp\/v2\/pages\/18317"}],"wp:attachment":[{"href":"https:\/\/bowling.praguesbarrel.eu\/fr\/wp-json\/wp\/v2\/media?parent=18336"}],"curies":[{"name":"wp","href":"https:\/\/api.w.org\/{rel}","templated":true}]}}