{"id":18317,"date":"2026-01-07T23:00:36","date_gmt":"2026-01-07T22:00:36","guid":{"rendered":"https:\/\/bowling.praguesbarrel.eu\/?page_id=18317"},"modified":"2026-01-18T20:54:24","modified_gmt":"2026-01-18T19:54:24","slug":"prix","status":"publish","type":"page","link":"https:\/\/bowling.praguesbarrel.eu\/fr\/prix\/","title":{"rendered":"Prix"},"content":{"rendered":"<p>Pour que votre s\u00e9jour \u00e0 Prague soit le plus facile et le plus agr\u00e9able possible, nous vous offrons un paquet complet qui contient tous les services. Le prix du paquet varie et il n&rsquo;est li\u00e9 qu\u2019au <a href=\"\/fr\/prix\/hebergement\/\">choix de l\u2019h\u00e9bergement<\/a>.<\/p>\n<p>Le prix est indiqu\u00e9 en euros et par personne.<\/p>\n\t\t\t\t\t\t\t<h3 style=\"margin-bottom:20px ;display:block;width:100%;margin-top:10px\">Price <\/h3>\r\n\t\t\t\t\t\t\t\t<style>\r\n\t\t\t\t\r\n\t\t\t\t\t#tab_container_5877 {\r\n\toverflow:hidden;\r\n\tdisplay:block;\r\n\twidth:100%;\r\n\tborder:0px solid #ddd;\r\n\tmargin-bottom:30px;\r\n\t}\r\n\r\n#tab_container_5877 .tab-content{\r\n\tpadding:20px;\r\n\tborder: 1px solid #e6e6e6 !important;\r\n\tmargin-top: 0px;\r\n\tbackground-color:#ffffff !important;\r\n\tcolor: #000000 !important;\r\n\tfont-size:16px !important;\r\n\tfont-family: Open Sans !important;\r\n\t\r\n\t\tborder: 1px solid #e6e6e6 !important;\r\n\t}\r\n#tab_container_5877 .wpsm_nav-tabs {\r\n    border-bottom: 0px solid #ddd;\r\n}\r\n#tab_container_5877 .wpsm_nav-tabs > li.active > a, #tab_container_5877 .wpsm_nav-tabs > li.active > a:hover, #tab_container_5877 .wpsm_nav-tabs > li.active > a:focus {\r\n\tcolor: #000000 !important;\r\n\tcursor: default;\r\n\tbackground-color: #ffffff !important;\r\n\tborder: 1px solid #e6e6e6 !important;\r\n}\r\n\r\n#tab_container_5877 .wpsm_nav-tabs > li > a {\r\n    margin-right: 0px !important; \r\n    line-height: 1.42857143 !important;\r\n    border: 1px solid #d5d5d5 !important;\r\n    border-radius: 0px 0px 0 0 !important; \r\n\tbackground-color: #e8e8e8 !important;\r\n\tcolor: #000000 !important;\r\n\tpadding: 15px 18px 15px 18px !important;\r\n\ttext-decoration: none !important;\r\n\tfont-size: 14px !important;\r\n\ttext-align:center !important;\r\n\tfont-family: Open Sans !important;\r\n}\r\n#tab_container_5877 .wpsm_nav-tabs > li > a:focus {\r\noutline: 0px !important;\r\n}\r\n\r\n#tab_container_5877 .wpsm_nav-tabs > li > a:before {\r\n\tdisplay:none !important;\r\n}\r\n#tab_container_5877 .wpsm_nav-tabs > li > a:after {\r\n\tdisplay:none !important ;\r\n}\r\n#tab_container_5877 .wpsm_nav-tabs > li{\r\npadding:0px !important ;\r\nmargin:0px;\r\n}\r\n\r\n#tab_container_5877 .wpsm_nav-tabs > li > a:hover , #tab_container_5877 .wpsm_nav-tabs > li > a:focus {\r\n    color: #000000 !important;\r\n    background-color: #e8e8e8 !important;\r\n\tborder: 1px solid #d5d5d5 !important;\r\n\t\r\n}\r\n#tab_container_5877 .wpsm_nav-tabs > li > a .fa{\r\n\r\nmargin-right:5px !important;\r\n\r\nmargin-left:5px !important;\r\n\r\n\r\n}\r\n\r\n\t\t#tab_container_5877 .wpsm_nav-tabs a{\r\n\t\t\tbackground-image: none;\r\n\t\t\tbackground-position: 0 0;\r\n\t\t\tbackground-repeat: repeat-x;\r\n\t\t}\r\n\t\t\t\r\n\r\n\r\n#tab_container_5877 .wpsm_nav-tabs > li {\r\n    float: left;\r\n    margin-bottom: -1px !important;\r\n\tmargin-right:0px !important; \r\n}\r\n\r\n\r\n#tab_container_5877 .tab-content{\r\noverflow:hidden !important;\r\n}\r\n\r\n\r\n@media (min-width: 769px) {\r\n\r\n\t#tab_container_5877 .wpsm_nav-tabs > li{\r\n\t\tfloat:left !important ;\r\n\t\t\t\tmargin-right:-1px !important;\r\n\t\t\t\t\t}\r\n\t#tab_container_5877 .wpsm_nav-tabs{\r\n\t\tfloat:none !important;\r\n\t\tmargin:0px !important;\r\n\t}\r\n\r\n\t#tab_container_5877 .wpsm_nav-tabs > li {\r\n\t\t\t\t\r\n\t}\r\n\t#tab_container_5877 .wpsm_nav{\r\n\t\t\t}\r\n\r\n}\r\n\r\n\r\n\r\n@media (max-width: 768px) {\r\n\t#tab_container_5877 .wpsm_nav-tabs > li {\r\n\t\t\t\t\r\n\t}\r\n\t#tab_container_5877 .wpsm_nav{\r\n\t\t\t}\r\n}\r\n\r\n\r\n\t.wpsm_nav-tabs li:before{\r\n\t\tdisplay:none !important;\r\n\t}\r\n\r\n\t@media (max-width: 768px) {\r\n\t\t\t\t\r\n\t\t\t\t.wpsm_nav-tabs{\r\n\t\t\tmargin-left:0px !important;\r\n\t\t\tmargin-right:0px !important; \r\n\t\t\t\r\n\t\t}\r\n\t\t\t\t#tab_container_5877 .wpsm_nav-tabs > li{\r\n\t\t\tfloat:none !important;\r\n\t\t}\r\n\t\t\t\r\n\t}\t\t\t\t<\/style>\r\n\t\t\t\t<div id=\"tab_container_5877\" >\r\n\t \r\n\t\t\t\t\t<ul class=\"wpsm_nav wpsm_nav-tabs\" role=\"tablist\" id=\"myTab_5877\">\r\n\t\t\t\t\t\t\t\r\n\t\t\t\t\t\t\t<li role=\"presentation\"  class=\"active\"  onclick=\"do_resize()\">\r\n\t\t\t\t\t\t\t\t<a href=\"#tabs_desc_5877_1\" aria-controls=\"tabs_desc_5877_1\" role=\"tab\" data-toggle=\"tab\">\r\n\t\t\t\t\t\t\t\t\t\r\n\t\t\t\t\t\t\t\t\t\t\t\t\t\t\t\t\t\t\t\t\t\t\t\t\t\t\t\t\t\t\t<i class=\"fa fa-laptop\"><\/i> \t\t\t\t\t\t\t\t\t\t\t\t\t\t\t\t\t\t\t\r\n\t\t\t\t\t\t\t\t\t\t\t\t\t\t\t\t\t\t\r\n\t\t\t\t\t\t\t\t\t<span>28. 5. - 31. 5. 2026<\/span>\r\n\t\t\t\t\t\t\t\t\t\r\n\t\t\t\t\t\t\t\t\t\t\t\t\t\t\t\t\t\t\r\n\t\t\t\t\t\t\t\t\t\t\t\t\t\t\t\t\t\t\t\t\r\n\t\t\t\t\t\t\t\t\t\r\n\t\t\t\t\t\t\t\t<\/a>\r\n\t\t\t\t\t\t\t<\/li>\r\n\t\t\t\t\t\t\t\t\t\t\t <\/ul>\r\n\r\n\t\t\t\t\t  <!-- Tab panes -->\r\n\t\t\t\t\t  <div class=\"tab-content\" id=\"tab-content_5877\">\r\n\t\t\t\t\t\t\t\t\t\t\t\t <div role=\"tabpanel\" class=\"tab-pane  in active \" id=\"tabs_desc_5877_1\">\r\n\t\t\t\t\t\t\t\t<strong>28. 5. - 31. 5. 2026<\/strong>\r\n<div style=\"max-width: 100%;overflow: auto\">\r\n<table width=\"518\">\r\n<tbody>\r\n<tr>\r\n<td width=\"139\">Hotel\/Type of room \u20ac<\/td>\r\n<td width=\"84\">Twin\/double<\/td>\r\n<td width=\"71\">extra night<\/td>\r\n<td width=\"41\">Single<\/td>\r\n<td width=\"71\">extra night<\/td>\r\n<td width=\"41\">Triple<\/td>\r\n<td width=\"71\">extra night<\/td>\r\n<\/tr>\r\n<tr>\r\n<td>Prague Centre Plaza 3*<\/td>\r\n<td>470<\/td>\r\n<td>60<\/td>\r\n<td>610<\/td>\r\n<td>105<\/td>\r\n<td>440<\/td>\r\n<td>45<\/td>\r\n<\/tr>\r\n<tr>\r\n<td>Ol\u0161anka 3*<\/td>\r\n<td>480<\/td>\r\n<td>60<\/td>\r\n<td>580<\/td>\r\n<td>100<\/td>\r\n<td>460<\/td>\r\n<td>50<\/td>\r\n<\/tr>\r\n<tr>\r\n<td>Superior 3*+<\/td>\r\n<td>480<\/td>\r\n<td>60<\/td>\r\n<td>630<\/td>\r\n<td>110<\/td>\r\n<td>460<\/td>\r\n<td>50<\/td>\r\n<\/tr>\r\n<tr>\r\n<td>Duo 4*<\/td>\r\n<td>500<\/td>\r\n<td>65<\/td>\r\n<td>650<\/td>\r\n<td>115<\/td>\r\n<td>470<\/td>\r\n<td>60<\/td>\r\n<\/tr>\r\n<tr>\r\n<td>ST. George 4*<\/td>\r\n<td>530<\/td>\r\n<td>80<\/td>\r\n<td>720<\/td>\r\n<td>140<\/td>\r\n<td>510<\/td>\r\n<td>70<\/td>\r\n<\/tr>\r\n<tr>\r\n<td>Ambassador 5*<\/td>\r\n<td>560<\/td>\r\n<td>85<\/td>\r\n<td>750<\/td>\r\n<td>150<\/td>\r\n<td>520<\/td>\r\n<td>70<\/td>\r\n<\/tr>\r\n<\/tbody>\r\n<\/table>\r\n<\/div>\t\t\t\t\t\t <\/div>\r\n\t\t\t\t\t\t\t\r\n\t\t\t\t\t <\/div>\r\n\t\t\t\t\t \r\n\t\t\t\t <\/div>\r\n <script>\r\n\t\tjQuery(function () {\r\n\t\t\tjQuery('#myTab_5877 a:first').tab('show')\r\n\t\t});\r\n\t\t\r\n\t\t\t\tjQuery(function(){\r\n\t\t\tvar b=\"fadeIn\";\r\n\t\t\tvar c;\r\n\t\t\tvar a;\r\n\t\t\td(jQuery(\"#myTab_5877 a\"),jQuery(\"#tab-content_5877\"));function d(e,f,g){\r\n\t\t\t\te.click(function(i){\r\n\t\t\t\t\ti.preventDefault();\r\n\t\t\t\t\tjQuery(this).tab(\"show\");\r\n\t\t\t\t\tvar h=jQuery(this).data(\"easein\");\r\n\t\t\t\t\tif(c){c.removeClass(a);}\r\n\t\t\t\t\tif(h){f.find(\"div.active\").addClass(\"animated \"+h);a=h;}\r\n\t\t\t\t\telse{if(g){f.find(\"div.active\").addClass(\"animated \"+g);a=g;}else{f.find(\"div.active\").addClass(\"animated \"+b);a=b;}}c=f.find(\"div.active\");\r\n\t\t\t\t});\r\n\t\t\t}\r\n\t\t});\r\n\t\t\r\n\r\n\t\tfunction do_resize(){\r\n\r\n\t\t\tvar width=jQuery( '.tab-content .tab-pane iframe' ).width();\r\n\t\t\tvar height=jQuery( '.tab-content .tab-pane iframe' ).height();\r\n\r\n\t\t\tvar toggleSize = true;\r\n\t\t\tjQuery('iframe').animate({\r\n\t\t\t    width: toggleSize ? width : 640,\r\n\t\t\t    height: toggleSize ? height : 360\r\n\t\t\t  }, 250);\r\n\r\n\t\t\t  toggleSize = !toggleSize;\r\n\t\t}\r\n\r\n\r\n\t<\/script>\r\n\t\t\t\t\r\n\t\t\t\n<p>Le prix de la nuit suppl\u00e9mentaire comprend l&rsquo;h\u00e9bergement, le petit d\u00e9jeuner, l&rsquo;assistance de l&rsquo;\u00e9quipage du Barrel et l&rsquo;organisation de tout \u00e9v\u00e9nement (voyage, match amical, etc.) uniquement au prix co\u00fbtant.<\/p>\n<h2>Le prix de votre paquet contient<\/h2>\n<ul>\n<li>H\u00e9bergement \u00e0 l&rsquo;h\u00f4tel<\/li>\n<li>Transport avec des bus\/trams pour toutes les activit\u00e9s li\u00e9es au tournoi<\/li>\n<li>Location des pistes de bowling<\/li>\n<li>Organisation du tournoi<\/li>\n<li>Guide sympathique tout au long du tournoi (pour les groupes de 10 personnes et plus)<\/li>\n<li>Pension compl\u00e8te<\/li>\n<li>Bi\u00e8re \u00e0 volont\u00e9 et gratuite tout au long de toutes les activit\u00e9s officielles du tournoi<\/li>\n<li>Programme du soir commun<\/li>\n<li>Souvenirs pour tous les participants<\/li>\n<li>Transport\u00a0de et vers l&rsquo;a\u00e9roport\/la gare<\/li>\n<\/ul>\n<p>\u2764\ufe0f \ud83c\udfb3 Lors de notre tournoi, nous offrons des soins tout compris de l&rsquo;arriv\u00e9e au d\u00e9part, garantissant \u00e0 chaque \u00e9quipe une exp\u00e9rience de tournoi fluide et inoubliable.<\/p>\n<p>Le prix ne contient pas d&rsquo;assurance des participants.<\/p>\n<p>Si votre accompagnement reste fid\u00e8le \u00e0 l&rsquo;\u00e9quipe tout le temps, nous le consid\u00e9rons comme un participant \u00e0 part enti\u00e8re, y compris le prix.<br \/>\n<img loading=\"lazy\" decoding=\"async\" class=\"alignnone size-full wp-image-17955\" src=\"http:\/\/bowling.praguesbarrel.eu\/wp-content\/uploads\/2025\/09\/Navrh-bez-nazvu-1.jpg\" alt=\"bowling trophy\" width=\"1000\" height=\"500\" srcset=\"https:\/\/bowling.praguesbarrel.eu\/wp-content\/uploads\/2025\/09\/Navrh-bez-nazvu-1.jpg 1000w, https:\/\/bowling.praguesbarrel.eu\/wp-content\/uploads\/2025\/09\/Navrh-bez-nazvu-1-300x150.jpg 300w, https:\/\/bowling.praguesbarrel.eu\/wp-content\/uploads\/2025\/09\/Navrh-bez-nazvu-1-768x384.jpg 768w\" sizes=\"auto, (max-width: 1000px) 100vw, 1000px\" \/><\/p>\n<h2>Informations compl\u00e9mentaires<\/h2>\n<p>Chaque \u00e9quipe doit verser un acompte de 200 \u20ac. Ce versement doit \u00eatre effectu\u00e9 <strong>avant mars 2026<\/strong>. Cet acompte sera revers\u00e9 sur votre compte apr\u00e8s votre d\u00e9part ou d\u00e9duit du solde.<\/p>\n<ul>\n<li>Nom de la banque: Revolut Bank UAB<\/li>\n<li>Code SWIFT \/ BIC: REVOLT21<\/li>\n<li>Adresse de la banque: Konstitucijos ave. 21B, 08130, Vilnius, Lithuania<\/li>\n<li>Nom du b\u00e9n\u00e9ficiaire: Martin Zizka<\/li>\n<li>IBAN: LT80 3250 0812 6255 4796<\/li>\n<li>BIC correspondent: CHASDEFX<\/li>\n<li>Note: nom d\u2019\u00e9quipe<\/li>\n<\/ul>\n<p>Le paiement par virement bancaire n&rsquo;est possible que plus de 14 jours avant le tournoi.<\/p>\n<p>Avertissement d&rsquo;organisateur &#8211; cet \u00e9v\u00e9nement n&rsquo;est pas convenable pour des petits enfants.<\/p>\n<style>#sp-ea-18187 .spcollapsing { height: 0; overflow: hidden; transition-property: height;transition-duration: 300ms;}#sp-ea-18187.sp-easy-accordion>.sp-ea-single {margin-bottom: 10px; border: 1px solid #e2e2e2; }#sp-ea-18187.sp-easy-accordion>.sp-ea-single>.ea-header a {color: #444;}#sp-ea-18187.sp-easy-accordion>.sp-ea-single>.sp-collapse>.ea-body {background: #fff; color: #444;}#sp-ea-18187.sp-easy-accordion>.sp-ea-single {background: #eee;}#sp-ea-18187.sp-easy-accordion>.sp-ea-single>.ea-header a .ea-expand-icon { float: left; color: #444;font-size: 16px;}<\/style><div id=\"sp_easy_accordion-1760005891\"><div id=\"sp-ea-18187\" class=\"sp-ea-one sp-easy-accordion\" data-ea-active=\"ea-click\" data-ea-mode=\"vertical\" data-preloader=\"\" data-scroll-active-item=\"\" data-offset-to-scroll=\"0\"><div class=\"ea-card ea-expand sp-ea-single\"><h3 class=\"ea-header\"><a class=\"collapsed\" id=\"ea-header-181870\" role=\"button\" data-sptoggle=\"spcollapse\" data-sptarget=\"#collapse181870\" aria-controls=\"collapse181870\" href=\"#\" aria-expanded=\"true\" tabindex=\"0\"><i aria-hidden=\"true\" role=\"presentation\" class=\"ea-expand-icon eap-icon-ea-expand-minus\"><\/i> Des r\u00e9ductions<\/a><\/h3><div class=\"sp-collapse spcollapse collapsed show\" id=\"collapse181870\" data-parent=\"#sp-ea-18187\" role=\"region\" aria-labelledby=\"ea-header-181870\"> <div class=\"ea-body\"><ul><li>Pour le chef du groupe (de 21 personnes et plus) - 50% du prix<\/li><li>Pour le chef du groupe (de 35 personnes et plus) - GRATUIT<\/li><li>Chauffeur de bus (qui ne joue pas) - gratuit pour les groupes avec 20 participants et plus.<\/li><li><strong>REMISE DE FID\u00c9LIT\u00c9<\/strong> : Les \u00e9quipes qui participent au tournoi de bowling pour la quatri\u00e8me fois et plus peuvent b\u00e9n\u00e9ficier d'une r\u00e9duction de 20 \u20ac par personne.<\/li><\/ul><p><em>*<\/em>Les remises ne se cumulent pas.<\/p><\/div><\/div><\/div><div class=\"ea-card sp-ea-single\"><h3 class=\"ea-header\"><a class=\"collapsed\" id=\"ea-header-181871\" role=\"button\" data-sptoggle=\"spcollapse\" data-sptarget=\"#collapse181871\" aria-controls=\"collapse181871\" href=\"#\" aria-expanded=\"false\" tabindex=\"0\"><i aria-hidden=\"true\" role=\"presentation\" class=\"ea-expand-icon eap-icon-ea-expand-plus\"><\/i> Les conditions d\u2019annulation<\/a><\/h3><div class=\"sp-collapse spcollapse \" id=\"collapse181871\" data-parent=\"#sp-ea-18187\" role=\"region\" aria-labelledby=\"ea-header-181871\"> <div class=\"ea-body\"><ul><li>plus de 90 jours en advance: 0 %<\/li><li>90 - 50 jours en avance: 50 %<\/li><li>moins que 50 jours en avance et pendant le tournoi: 100 %<\/li><\/ul><\/div><\/div><\/div><\/div><\/div>\n","protected":false},"excerpt":{"rendered":"<p>Pour que votre s\u00e9jour \u00e0 Prague soit le plus facile et le plus agr\u00e9able possible, nous vous offrons un paquet complet qui contient tous les services. Le prix du paquet varie et il n&rsquo;est li\u00e9 qu\u2019au choix de l\u2019h\u00e9bergement. Le prix est indiqu\u00e9 en euros et par personne. Le prix de la nuit suppl\u00e9mentaire comprend&#8230;<\/p>\n","protected":false},"author":4,"featured_media":0,"parent":0,"menu_order":1,"comment_status":"closed","ping_status":"closed","template":"","meta":{"footnotes":""},"class_list":["post-18317","page","type-page","status-publish","hentry"],"_links":{"self":[{"href":"https:\/\/bowling.praguesbarrel.eu\/fr\/wp-json\/wp\/v2\/pages\/18317","targetHints":{"allow":["GET"]}}],"collection":[{"href":"https:\/\/bowling.praguesbarrel.eu\/fr\/wp-json\/wp\/v2\/pages"}],"about":[{"href":"https:\/\/bowling.praguesbarrel.eu\/fr\/wp-json\/wp\/v2\/types\/page"}],"author":[{"embeddable":true,"href":"https:\/\/bowling.praguesbarrel.eu\/fr\/wp-json\/wp\/v2\/users\/4"}],"replies":[{"embeddable":true,"href":"https:\/\/bowling.praguesbarrel.eu\/fr\/wp-json\/wp\/v2\/comments?post=18317"}],"version-history":[{"count":3,"href":"https:\/\/bowling.praguesbarrel.eu\/fr\/wp-json\/wp\/v2\/pages\/18317\/revisions"}],"predecessor-version":[{"id":18365,"href":"https:\/\/bowling.praguesbarrel.eu\/fr\/wp-json\/wp\/v2\/pages\/18317\/revisions\/18365"}],"wp:attachment":[{"href":"https:\/\/bowling.praguesbarrel.eu\/fr\/wp-json\/wp\/v2\/media?parent=18317"}],"curies":[{"name":"wp","href":"https:\/\/api.w.org\/{rel}","templated":true}]}}