{"id":18310,"date":"2026-01-07T22:55:38","date_gmt":"2026-01-07T21:55:38","guid":{"rendered":"https:\/\/bowling.praguesbarrel.eu\/?page_id=18310"},"modified":"2026-01-07T22:55:38","modified_gmt":"2026-01-07T21:55:38","slug":"faq","status":"publish","type":"page","link":"https:\/\/bowling.praguesbarrel.eu\/fr\/faq\/","title":{"rendered":"FAQ"},"content":{"rendered":"<h3>BIENVENUE DANS LA SECTION FAQ DU TOURNOI DE BOWLING PRAGUE\u2019S BARREL!<\/h3>\n<p>Que vous soyez un joueur impatient d&rsquo;entrer sur la ligne, ou un supporter d\u00e9vou\u00e9 pr\u00eat \u00e0 encourager son \u00e9quipe, vous \u00eates au bon endroit ! Notre section Questions fr\u00e9quemment pos\u00e9es est con\u00e7ue pour vous aider \u00e0 naviguer dans le tournoi en douceur, en vous fournissant toutes les informations essentielles et les r\u00e9ponses \u00e0 vos questions les plus pressantes.<\/p>\n<p>Nous y abordons tous les sujets, des d\u00e9tails de r\u00e9servation, les horaires du tournoi, les informations sur les lieux et d&rsquo;autres choses encore. Notre objectif est de faire en sorte que votre exp\u00e9rience au Prague&rsquo;s Barrel soit non seulement passionnante, mais aussi la plus agr\u00e9able possible.<\/p>\n<p><strong>Vous ne trouvez pas ce que vous cherchez ?<\/strong> Ne vous inqui\u00e9tez pas ! Nous sommes l\u00e0 pour vous aider. Si vous ne trouvez pas la r\u00e9ponse \u00e0 votre question dans notre FAQ, n&rsquo;h\u00e9sitez pas \u00e0 nous contacter directement pour une assistance personnalis\u00e9e.<\/p>\n<style>#sp-ea-17470 .spcollapsing { height: 0; overflow: hidden; transition-property: height;transition-duration: 300ms;}#sp-ea-17470.sp-easy-accordion>.sp-ea-single {margin-bottom: 10px; border: 1px solid #e2e2e2; }#sp-ea-17470.sp-easy-accordion>.sp-ea-single>.ea-header a {color: #444;}#sp-ea-17470.sp-easy-accordion>.sp-ea-single>.sp-collapse>.ea-body {background: #fff; color: #444;}#sp-ea-17470.sp-easy-accordion>.sp-ea-single {background: #eee;}#sp-ea-17470.sp-easy-accordion>.sp-ea-single>.ea-header a .ea-expand-icon { float: left; color: #444;font-size: 16px;}<\/style><div id=\"sp_easy_accordion-1709625845\"><div id=\"sp-ea-17470\" class=\"sp-ea-one sp-easy-accordion\" data-ea-active=\"ea-click\" data-ea-mode=\"vertical\" data-preloader=\"\" data-scroll-active-item=\"\" data-offset-to-scroll=\"0\"><div class=\"ea-card ea-expand sp-ea-single\"><h3 class=\"ea-header\"><a class=\"collapsed\" id=\"ea-header-174700\" role=\"button\" data-sptoggle=\"spcollapse\" data-sptarget=\"#collapse174700\" aria-controls=\"collapse174700\" href=\"#\" aria-expanded=\"true\" tabindex=\"0\"><i aria-hidden=\"true\" role=\"presentation\" class=\"ea-expand-icon eap-icon-ea-expand-minus\"><\/i> Quel est le prix du tournoi?<\/a><\/h3><div class=\"sp-collapse spcollapse collapsed show\" id=\"collapse174700\" data-parent=\"#sp-ea-17470\" role=\"region\" aria-labelledby=\"ea-header-174700\"> <div class=\"ea-body\"><p><a href=\"https:\/\/bowling.praguesbarrel.eu\/fr\/prix\/\">Le prix<\/a> diff\u00e8re pour chaque type <a href=\"https:\/\/bowling.praguesbarrel.eu\/fr\/prix\/hebergement\/\">d'h\u00e9bergement<\/a> (h\u00f4tels de 3 \u00e0 5 \u00e9toiles dans le centre ville ou \u00e0 proximit\u00e9) que vous pouvez choisir sur notre site web. Le prix est par personne et contient:<\/p><ul><li>Trois nuits dans votre h\u00f4tel choisi<\/li><li>Transport avec des bus\/trams pour toutes les activit\u00e9s li\u00e9es au tournoiLocation des pistes de bowling<\/li><li>Organisation du tournoi<\/li><li>Location des pistes de bowling<\/li><li>Guide sympathique tout au long du tournoi (pour les groupes de 10 personnes et plus)<\/li><li>Pension compl\u00e8te<\/li><li>Bi\u00e8re \u00e0 volont\u00e9 et gratuite tout au long de toutes les activit\u00e9s officielles du tournoi<\/li><li>Programme du soir commun<\/li><li>Souvenirs pour tous les participants<\/li><li>Transport de et vers l\u2019a\u00e9roport\/la gare<\/li><\/ul><p>Le prix ne contient pas d\u2019assurance des participants.<\/p><\/div><\/div><\/div><div class=\"ea-card sp-ea-single\"><h3 class=\"ea-header\"><a class=\"collapsed\" id=\"ea-header-174701\" role=\"button\" data-sptoggle=\"spcollapse\" data-sptarget=\"#collapse174701\" aria-controls=\"collapse174701\" href=\"#\" aria-expanded=\"false\" tabindex=\"0\"><i aria-hidden=\"true\" role=\"presentation\" class=\"ea-expand-icon eap-icon-ea-expand-plus\"><\/i> Le prix indiqu\u00e9 est par \u00e9quipe, par chambre ou par personne?<\/a><\/h3><div class=\"sp-collapse spcollapse \" id=\"collapse174701\" data-parent=\"#sp-ea-17470\" role=\"region\" aria-labelledby=\"ea-header-174701\"> <div class=\"ea-body\"><p>Tous les prix sont par personne.<\/p><\/div><\/div><\/div><div class=\"ea-card sp-ea-single\"><h3 class=\"ea-header\"><a class=\"collapsed\" id=\"ea-header-174702\" role=\"button\" data-sptoggle=\"spcollapse\" data-sptarget=\"#collapse174702\" aria-controls=\"collapse174702\" href=\"#\" aria-expanded=\"false\" tabindex=\"0\"><i aria-hidden=\"true\" role=\"presentation\" class=\"ea-expand-icon eap-icon-ea-expand-plus\"><\/i> Le d\u00e9p\u00f4t est-il remboursable?<\/a><\/h3><div class=\"sp-collapse spcollapse \" id=\"collapse174702\" data-parent=\"#sp-ea-17470\" role=\"region\" aria-labelledby=\"ea-header-174702\"> <div class=\"ea-body\"><p>Pour confirmer l'inscription de votre \u00e9quipe au tournoi, vous versez un d\u00e9p\u00f4t du 200\u20ac sur notre compte. Ensuite, vous payez le prix total pour tous les joueurs. Nous garderons le d\u00e9p\u00f4t pendant le tournoi au cas o\u00f9 quelque chose arriverait et si tout va bien, nous vous la renverrons sur votre compte juste apr\u00e8s la fin du tournoi.<\/p><\/div><\/div><\/div><div class=\"ea-card sp-ea-single\"><h3 class=\"ea-header\"><a class=\"collapsed\" id=\"ea-header-174703\" role=\"button\" data-sptoggle=\"spcollapse\" data-sptarget=\"#collapse174703\" aria-controls=\"collapse174703\" href=\"#\" aria-expanded=\"false\" tabindex=\"0\"><i aria-hidden=\"true\" role=\"presentation\" class=\"ea-expand-icon eap-icon-ea-expand-plus\"><\/i> Combien de matches jouons-nous pendant le tournoi?<\/a><\/h3><div class=\"sp-collapse spcollapse \" id=\"collapse174703\" data-parent=\"#sp-ea-17470\" role=\"region\" aria-labelledby=\"ea-header-174703\"> <div class=\"ea-body\"><p>Cela d\u00e9pend du syst\u00e8me, mais en g\u00e9n\u00e9ral, vous jouez au moins 3 jeux par jour (vendredi et samedi), m\u00eame si vous perdez tout le premier jour, vous jouez toujours pour le r\u00e9sultat final et vous recevez un prix lors de la c\u00e9r\u00e9monie finale du samedi.<\/p><\/div><\/div><\/div><div class=\"ea-card sp-ea-single\"><h3 class=\"ea-header\"><a class=\"collapsed\" id=\"ea-header-174704\" role=\"button\" data-sptoggle=\"spcollapse\" data-sptarget=\"#collapse174704\" aria-controls=\"collapse174704\" href=\"#\" aria-expanded=\"false\" tabindex=\"0\"><i aria-hidden=\"true\" role=\"presentation\" class=\"ea-expand-icon eap-icon-ea-expand-plus\"><\/i> Y a-t-il vraiment de la bi\u00e8re gratuite partout?<\/a><\/h3><div class=\"sp-collapse spcollapse \" id=\"collapse174704\" data-parent=\"#sp-ea-17470\" role=\"region\" aria-labelledby=\"ea-header-174704\"> <div class=\"ea-body\"><p>Pendant les activit\u00e9s officielles du tournoi, oui. Nous vous accueillons avec une bi\u00e8re fra\u00eeche \u00e0 l'a\u00e9roport, puis vous avez de la bi\u00e8re \u00bbsans fond\u00ab lors du d\u00eener de bienvenue, dans les centres sportives et pendant la croisi\u00e8re en bateau. Il en sera de m\u00eame lors de la c\u00e9r\u00e9monie finale du samedi. Nous servons diff\u00e9rents types de bi\u00e8res tch\u00e8ques, ce qui vous permet de go\u00fbter \u00e0 diff\u00e9rentes sortes.<\/p><\/div><\/div><\/div><div class=\"ea-card sp-ea-single\"><h3 class=\"ea-header\"><a class=\"collapsed\" id=\"ea-header-174705\" role=\"button\" data-sptoggle=\"spcollapse\" data-sptarget=\"#collapse174705\" aria-controls=\"collapse174705\" href=\"#\" aria-expanded=\"false\" tabindex=\"0\"><i aria-hidden=\"true\" role=\"presentation\" class=\"ea-expand-icon eap-icon-ea-expand-plus\"><\/i> O\u00f9 dois-je r\u00e9server mon h\u00e9bergement?<\/a><\/h3><div class=\"sp-collapse spcollapse \" id=\"collapse174705\" data-parent=\"#sp-ea-17470\" role=\"region\" aria-labelledby=\"ea-header-174705\"> <div class=\"ea-body\"><p>Vous n'avez pas besoin de le faire, simplement laisser savoir votre f\u00e9e de la bi\u00e8re l'h\u00f4tel que vous avez choisi et le type de chambres, et elle s'en occupera!<\/p><\/div><\/div><\/div><div class=\"ea-card sp-ea-single\"><h3 class=\"ea-header\"><a class=\"collapsed\" id=\"ea-header-174706\" role=\"button\" data-sptoggle=\"spcollapse\" data-sptarget=\"#collapse174706\" aria-controls=\"collapse174706\" href=\"#\" aria-expanded=\"false\" tabindex=\"0\"><i aria-hidden=\"true\" role=\"presentation\" class=\"ea-expand-icon eap-icon-ea-expand-plus\"><\/i> Que faire si je veux arriver plus t\u00f4t ou partir plus tard?<\/a><\/h3><div class=\"sp-collapse spcollapse \" id=\"collapse174706\" data-parent=\"#sp-ea-17470\" role=\"region\" aria-labelledby=\"ea-header-174706\"> <div class=\"ea-body\"><p>Vous voulez plus de jours pour explorer la ville? Pas de probl\u00e8me! Simplement demander \u00e0 votre f\u00e9e de la bi\u00e8re de prolonger votre s\u00e9jour. Le prix de chaque nuit suppl\u00e9mentaire est indiqu\u00e9 dans la liste des prix.<\/p><\/div><\/div><\/div><div class=\"ea-card sp-ea-single\"><h3 class=\"ea-header\"><a class=\"collapsed\" id=\"ea-header-174707\" role=\"button\" data-sptoggle=\"spcollapse\" data-sptarget=\"#collapse174707\" aria-controls=\"collapse174707\" href=\"#\" aria-expanded=\"false\" tabindex=\"0\"><i aria-hidden=\"true\" role=\"presentation\" class=\"ea-expand-icon eap-icon-ea-expand-plus\"><\/i> Quelqu'un viendra nous chercher \u00e0 l'a\u00e9roport ou \u00e0 la gare?<\/a><\/h3><div class=\"sp-collapse spcollapse \" id=\"collapse174707\" data-parent=\"#sp-ea-17470\" role=\"region\" aria-labelledby=\"ea-header-174707\"> <div class=\"ea-body\"><p>Bien entendu, le prix du tournoi contient \u00e9galement le transport depuis et vers l'a\u00e9roport\/la gare ferroviaire\/la gare routi\u00e8re pour la plus grande partie du groupe. Si votre \u00e9quipe se divise en deux parties, nous pouvons commander un transport pour le deuxi\u00e8me groupe, mais pour les frais suppl\u00e9mentaires.<\/p><\/div><\/div><\/div><div class=\"ea-card sp-ea-single\"><h3 class=\"ea-header\"><a class=\"collapsed\" id=\"ea-header-174708\" role=\"button\" data-sptoggle=\"spcollapse\" data-sptarget=\"#collapse174708\" aria-controls=\"collapse174708\" href=\"#\" aria-expanded=\"false\" tabindex=\"0\"><i aria-hidden=\"true\" role=\"presentation\" class=\"ea-expand-icon eap-icon-ea-expand-plus\"><\/i> O\u00f9 se trouve le centre de bowling et comment puis-je m'y rendre?<\/a><\/h3><div class=\"sp-collapse spcollapse \" id=\"collapse174708\" data-parent=\"#sp-ea-17470\" role=\"region\" aria-labelledby=\"ea-header-174708\"> <div class=\"ea-body\"><p>Nous avons plus de possibilit\u00e9s o\u00f9 jouer - Xbowling \u017di\u017ekov, Xbowling Stra\u0161nice, Xbowling DUO ou Bowling Celnice, cela d\u00e9pend du nombre d'\u00e9quipes et du syst\u00e8me que vous d\u00e9couvrirez lors du tirage au sort de jeudi. Pour votre plus grand confort, nous organisons le transport entre votre h\u00f4tel et le centre. Il vous suffit d'\u00eatre pr\u00eat au bon moment \u00e0 votre point d'embarquement. Vous trouverez l'horaire de votre prise en charge sur le tableau, le canal WhatsApp ou demandez simplement \u00e0 votre h\u00f4tesse.<\/p><\/div><\/div><\/div><div class=\"ea-card sp-ea-single\"><h3 class=\"ea-header\"><a class=\"collapsed\" id=\"ea-header-174709\" role=\"button\" data-sptoggle=\"spcollapse\" data-sptarget=\"#collapse174709\" aria-controls=\"collapse174709\" href=\"#\" aria-expanded=\"false\" tabindex=\"0\"><i aria-hidden=\"true\" role=\"presentation\" class=\"ea-expand-icon eap-icon-ea-expand-plus\"><\/i> Comment se rendra-t-on au programme de la soir\u00e9e?<\/a><\/h3><div class=\"sp-collapse spcollapse \" id=\"collapse174709\" data-parent=\"#sp-ea-17470\" role=\"region\" aria-labelledby=\"ea-header-174709\"> <div class=\"ea-body\"><p>Le premier d\u00eener a lieu dans le restaurant art nouveau Obecn\u00ed d\u016fm qui se trouve dans le centre ville, donc tous ceux qui vivent dans les h\u00f4tels du centre peuvent facilement s'y rendre \u00e0 pied. Pour les \u00e9quipes vivant dans les h\u00f4tels en dehors du centre ville, nous fournirons des billets pour le transport public. Il en va de m\u00eame pour le bateau. La c\u00e9r\u00e9monie finale \u00e9tant un peu plus \u00e9loign\u00e9e, nous aurons notre propre tram qui partira des stations proches des h\u00f4tels et qui vous emm\u00e8nera au club o\u00f9 se d\u00e9roulera la derni\u00e8re f\u00eate.<\/p><\/div><\/div><\/div><div class=\"ea-card sp-ea-single\"><h3 class=\"ea-header\"><a class=\"collapsed\" id=\"ea-header-1747010\" role=\"button\" data-sptoggle=\"spcollapse\" data-sptarget=\"#collapse1747010\" aria-controls=\"collapse1747010\" href=\"#\" aria-expanded=\"false\" tabindex=\"0\"><i aria-hidden=\"true\" role=\"presentation\" class=\"ea-expand-icon eap-icon-ea-expand-plus\"><\/i> Puis-je b\u00e9n\u00e9ficier d'une r\u00e9duction?<\/a><\/h3><div class=\"sp-collapse spcollapse \" id=\"collapse1747010\" data-parent=\"#sp-ea-17470\" role=\"region\" aria-labelledby=\"ea-header-1747010\"> <div class=\"ea-body\"><p>Oui, c'est possible! Si vous faites partie de la famille de Prague's Barrel (\u00e0 partir de la 4\u00e8me participation), chaque membre de votre \u00e9quipe b\u00e9n\u00e9ficie d'une r\u00e9duction de 20\u20ac. Si vous \u00eates le capitaine d'une grande \u00e9quipe de plus de 21 participants, vous b\u00e9n\u00e9ficierez d'une r\u00e9duction de 50 %. Si vous \u00eates un super capitaine avec plus de 35 participants en m\u00eame temps, vous l'avez gratuitement. \ud83d\ude42 Sachez que les r\u00e9ductions ne sont pas cumulables.<\/p><\/div><\/div><\/div><div class=\"ea-card sp-ea-single\"><h3 class=\"ea-header\"><a class=\"collapsed\" id=\"ea-header-1747011\" role=\"button\" data-sptoggle=\"spcollapse\" data-sptarget=\"#collapse1747011\" aria-controls=\"collapse1747011\" href=\"#\" aria-expanded=\"false\" tabindex=\"0\"><i aria-hidden=\"true\" role=\"presentation\" class=\"ea-expand-icon eap-icon-ea-expand-plus\"><\/i> O\u00f9 puis-je trouver des informations sur le tournoi pour lequel je suis inscrit?<\/a><\/h3><div class=\"sp-collapse spcollapse \" id=\"collapse1747011\" data-parent=\"#sp-ea-17470\" role=\"region\" aria-labelledby=\"ea-header-1747011\"> <div class=\"ea-body\"><p>Vous pouvez consulter la liste <a href=\"https:\/\/bowling.praguesbarrel.eu\/enrolled-teams\/\">des \u00e9quipes inscrites<\/a> sur notre site web. Nous envoyons un bulletin d\u00e9taill\u00e9 aux capitaines d'\u00e9quipe 14 jours avant le tournoi. Vous pouvez \u00e9galement le trouver <a href=\"https:\/\/bowling.praguesbarrel.eu\/bulletin\/\">sur notre site web<\/a>. Pendant le tournoi, vous pouvez trouver des informations sur notre site web, sur les r\u00e9seaux sociaux (<a href=\"https:\/\/www.instagram.com\/praguesbarrel\/\">Instagram<\/a>, <a href=\"https:\/\/www.facebook.com\/PraguesBarrelTournaments\">Facebook<\/a>) ou sur le canal WhatsApp cr\u00e9\u00e9 sp\u00e9cialement pour le tournoi. Bien s\u00fbr, tout est \u00e9galement affich\u00e9 de mani\u00e8re visible sur le tableau, pendant le programme de la soir\u00e9e et, bien s\u00fbr, votre h\u00f4tesse d'\u00e9quipe est au courant de tout. \ud83d\ude42<\/p><\/div><\/div><\/div><div class=\"ea-card sp-ea-single\"><h3 class=\"ea-header\"><a class=\"collapsed\" id=\"ea-header-1747012\" role=\"button\" data-sptoggle=\"spcollapse\" data-sptarget=\"#collapse1747012\" aria-controls=\"collapse1747012\" href=\"#\" aria-expanded=\"false\" tabindex=\"0\"><i aria-hidden=\"true\" role=\"presentation\" class=\"ea-expand-icon eap-icon-ea-expand-plus\"><\/i> Qu'est que ce passe si nous annulons notre participation?<\/a><\/h3><div class=\"sp-collapse spcollapse \" id=\"collapse1747012\" data-parent=\"#sp-ea-17470\" role=\"region\" aria-labelledby=\"ea-header-1747012\"> <div class=\"ea-body\"><p>Il peut arriver que vous n'ayez pas assez de joueurs ou qu'ils soient bless\u00e9s. Dans tous les cas, veuillez nous en informer le plus rapidement possible. Nous proc\u00e9derons alors au paiement conform\u00e9ment \u00e0 nos conditions d'annulation :<\/p><ul><li>plus de 90 jours en avance: 0%<\/li><li>90\u201350 jours en avance: 50%<\/li><li>moins que 50 jours en avance: 100%<\/li><li>sur le tournoi: 100% du prix estim\u00e9 pour un nombre de participants confirm\u00e9<\/li><\/ul><\/div><\/div><\/div><div class=\"ea-card sp-ea-single\"><h3 class=\"ea-header\"><a class=\"collapsed\" id=\"ea-header-1747013\" role=\"button\" data-sptoggle=\"spcollapse\" data-sptarget=\"#collapse1747013\" aria-controls=\"collapse1747013\" href=\"#\" aria-expanded=\"false\" tabindex=\"0\"><i aria-hidden=\"true\" role=\"presentation\" class=\"ea-expand-icon eap-icon-ea-expand-plus\"><\/i> Puis-je choisir mon propre h\u00e9bergement si je ne choisis pas le v\u00f4tre?<\/a><\/h3><div class=\"sp-collapse spcollapse \" id=\"collapse1747013\" data-parent=\"#sp-ea-17470\" role=\"region\" aria-labelledby=\"ea-header-1747013\"> <div class=\"ea-body\"><p>Oui, c'est possible, dans ce cas vous payez moins cher pour le tournoi, les repas, le transport, etc. Veuillez contacter votre f\u00e9e de la bi\u00e8re pour conna\u00eetre le prix actuel. Veillez \u00e0 ce que votre h\u00e9bergement soit proche de nos points d'embarquement afin de ne pas vous priver de la possibilit\u00e9 d'utiliser notre bus entre l'h\u00f4tel et le centre de bowling.<\/p><\/div><\/div><\/div><\/div><\/div>\n","protected":false},"excerpt":{"rendered":"<p>BIENVENUE DANS LA SECTION FAQ DU TOURNOI DE BOWLING PRAGUE\u2019S BARREL! Que vous soyez un joueur impatient d&rsquo;entrer sur la ligne, ou un supporter d\u00e9vou\u00e9 pr\u00eat \u00e0 encourager son \u00e9quipe, vous \u00eates au bon endroit ! Notre section Questions fr\u00e9quemment pos\u00e9es est con\u00e7ue pour vous aider \u00e0 naviguer dans le tournoi en douceur, en vous&#8230;<\/p>\n","protected":false},"author":4,"featured_media":0,"parent":0,"menu_order":0,"comment_status":"closed","ping_status":"closed","template":"","meta":{"footnotes":""},"class_list":["post-18310","page","type-page","status-publish","hentry"],"_links":{"self":[{"href":"https:\/\/bowling.praguesbarrel.eu\/fr\/wp-json\/wp\/v2\/pages\/18310","targetHints":{"allow":["GET"]}}],"collection":[{"href":"https:\/\/bowling.praguesbarrel.eu\/fr\/wp-json\/wp\/v2\/pages"}],"about":[{"href":"https:\/\/bowling.praguesbarrel.eu\/fr\/wp-json\/wp\/v2\/types\/page"}],"author":[{"embeddable":true,"href":"https:\/\/bowling.praguesbarrel.eu\/fr\/wp-json\/wp\/v2\/users\/4"}],"replies":[{"embeddable":true,"href":"https:\/\/bowling.praguesbarrel.eu\/fr\/wp-json\/wp\/v2\/comments?post=18310"}],"version-history":[{"count":1,"href":"https:\/\/bowling.praguesbarrel.eu\/fr\/wp-json\/wp\/v2\/pages\/18310\/revisions"}],"predecessor-version":[{"id":18311,"href":"https:\/\/bowling.praguesbarrel.eu\/fr\/wp-json\/wp\/v2\/pages\/18310\/revisions\/18311"}],"wp:attachment":[{"href":"https:\/\/bowling.praguesbarrel.eu\/fr\/wp-json\/wp\/v2\/media?parent=18310"}],"curies":[{"name":"wp","href":"https:\/\/api.w.org\/{rel}","templated":true}]}}