{"id":1204,"date":"2016-09-30T21:14:57","date_gmt":"2016-09-30T20:14:57","guid":{"rendered":"http:\/\/bowling.praguesbarrel.eu\/fr\/?page_id=1204"},"modified":"2025-12-28T19:37:33","modified_gmt":"2025-12-28T18:37:33","slug":"contacts-pragues-barrel-bowling-tournoi","status":"publish","type":"page","link":"https:\/\/bowling.praguesbarrel.eu\/fr\/contacts-pragues-barrel-bowling-tournoi\/","title":{"rendered":"Contacts"},"content":{"rendered":"<p>Nous aimons la bi\u00e8re, les gens et le bowling. C&rsquo;est de cette combinaison qu&rsquo;est n\u00e9 le tournoi du Prague&rsquo;s Barrel: un week-end de bowling, de bi\u00e8res rafra\u00eechissantes et de rencontres conviviales venues d&rsquo;Europe et du monde entier. Notre objectif est de vous permettre de vous lib\u00e9rer du stress du quotidien, de vous d\u00e9penser, de vous divertir et de ne vous soucier de rien; c&rsquo;est notre mission.<\/p>\n<p>L&rsquo;\u00e9quipe organisatrice du tournoi de bowling amateur est \u00e0 votre disposition pour r\u00e9pondre \u00e0 toutes vos questions. N&rsquo;h\u00e9sitez pas \u00e0 nous contacter.<\/p>\n<h2>NOTRE \u00c9QUIPE<\/h2>\n<div class=\"contact-grid\">\n<div class=\"contact-card\">\n<p><img decoding=\"async\" src=\"https:\/\/bowling.praguesbarrel.eu\/wp-content\/uploads\/2023\/05\/ROBK3476.jpg\" alt=\"Barbara\" \/><\/p>\n<h3>Barbara<\/h3>\n<p>Coordinateur pour la Scandinavie et Finlande, les pays de langue fran\u00e7ais<br \/>\nemail: <a style=\"font-size: 15.008px;\" href=\"mailto:barbara@praguesbarrel.eu\">barbara@praguesbarrel.eu<\/a><br \/>\ngsm: <a href=\"tel:+420604974394\">+420 604 974 394<\/a><\/p>\n<\/div>\n<div class=\"contact-card\">\n<p><img decoding=\"async\" src=\"https:\/\/bowling.praguesbarrel.eu\/wp-content\/uploads\/2023\/05\/ROBK3477.jpg\" alt=\"Sofie\" \/><\/p>\n<h3>Sofie<\/h3>\n<p>Coordinateur pour pays anglophones et pays de langue allemande<br \/>\nemail:\u00a0<a href=\"mailto:sofie@praguesbarrel.eu\">sofie@praguesbarrel.eu<\/a><br \/>\ngsm: <a href=\"tel:+420732797139\">+420 732 79 71 39\u200b<\/a>, <a href=\"tel:+393318472549\">+39 331 847 25 49\u200b<\/a><\/p>\n<\/div>\n<div class=\"contact-card\">\n<p><img decoding=\"async\" src=\"https:\/\/bowling.praguesbarrel.eu\/wp-content\/uploads\/2023\/05\/Masha_01.jpg\" alt=\"Masha\" \/><\/p>\n<h3>Masha<\/h3>\n<p>Coordinateur pour les pays de langue russe<br \/>\nemail: <a href=\"mailto:masha@praguesbarrel.eu\">masha@praguesbarrel.eu<\/a><br \/>\ngsm:\u00a0<a href=\"tel:+420732938233\">+420 732 938 233<\/a><\/p>\n<\/div>\n<div class=\"contact-card\">\n<p><img decoding=\"async\" src=\"https:\/\/bowling.praguesbarrel.eu\/wp-content\/uploads\/2023\/05\/ROBK3467.jpg\" alt=\"Martin\" \/><\/p>\n<h3>Martin<\/h3>\n<p>Sport manager<br \/>\nemail: <a href=\"mailto:martin@praguesbarrel.eu\">martin@praguesbarrel.eu<\/a><br \/>\ngsm: <a href=\"tel:+420724906168\">+420 724 906 168<\/a><\/p>\n<\/div>\n<\/div>\n<h2>NOTRE ENTREPRISE<\/h2>\n<p><strong>Prague\u2019s Barrel s.r.o.<\/strong><br \/>\nT\u00e1borsk\u00e1 4<br \/>\n140 00 Praha<br \/>\nCzech Republic<br \/>\nID: 22103716<br \/>\nVAT ID: CZ22103716<br \/>\n<a href=\"info@praguesbarrel.eu\">info@praguesbarrel.eu<\/a><\/p>\n<h2>SUIVEZ-NOUS SUR LES R\u00c9SEAUX SOCIAUX<\/h2>\n<p><a href=\"https:\/\/www.facebook.com\/PraguesBarrelTournaments\"><img loading=\"lazy\" decoding=\"async\" class=\"alignnone wp-image-61595\" src=\"https:\/\/praguesbarrel.eu\/y0OH9L\/themes\/praguesbarrel\/img\/fb-ico.png\" alt=\"\" width=\"50\" height=\"50\" \/><\/a> <a href=\"https:\/\/www.instagram.com\/praguesbarrel\/\"><img loading=\"lazy\" decoding=\"async\" class=\"alignnone wp-image-61595\" src=\"http:\/\/praguesbarrel.eu\/y0OH9L\/uploads\/2022\/08\/Instagram-ikona.png\" alt=\"\" width=\"50\" height=\"50\" \/><\/a> <a href=\"https:\/\/www.youtube.com\/user\/PraguesBarrelTV\"><img loading=\"lazy\" decoding=\"async\" class=\"alignnone wp-image-61601\" src=\"http:\/\/praguesbarrel.eu\/y0OH9L\/uploads\/2022\/09\/2018_social_media_popular_app_logo_youtube-1024.webp\" alt=\"\" width=\"50\" height=\"50\" \/><\/a> <a href=\"https:\/\/whatsapp.com\/channel\/0029VaTXl94FXUui3S9que2U\"> <img loading=\"lazy\" decoding=\"async\" class=\"alignnone wp-image-61601\" src=\"http:\/\/praguesbarrel.eu\/y0OH9L\/uploads\/2024\/03\/whatsapp.png\" alt=\"\" width=\"50\" height=\"50\" \/><\/a> <a href=\"https:\/\/www.tiktok.com\/@pragues.barrel\"> <img loading=\"lazy\" decoding=\"async\" class=\"alignnone wp-image-61601\" src=\"https:\/\/hockey.praguesbarrel.eu\/wp-content\/uploads\/2024\/12\/tiktok.png\" alt=\"\" width=\"50\" height=\"50\" \/><\/a><\/p>\n","protected":false},"excerpt":{"rendered":"<p>Nous aimons la bi\u00e8re, les gens et le bowling. C&rsquo;est de cette combinaison qu&rsquo;est n\u00e9 le tournoi du Prague&rsquo;s Barrel: un week-end de bowling, de bi\u00e8res rafra\u00eechissantes et de rencontres conviviales venues d&rsquo;Europe et du monde entier. Notre objectif est de vous permettre de vous lib\u00e9rer du stress du quotidien, de vous d\u00e9penser, de vous&#8230;<\/p>\n","protected":false},"author":4,"featured_media":0,"parent":0,"menu_order":0,"comment_status":"closed","ping_status":"closed","template":"","meta":{"footnotes":""},"class_list":["post-1204","page","type-page","status-publish","hentry"],"_links":{"self":[{"href":"https:\/\/bowling.praguesbarrel.eu\/fr\/wp-json\/wp\/v2\/pages\/1204","targetHints":{"allow":["GET"]}}],"collection":[{"href":"https:\/\/bowling.praguesbarrel.eu\/fr\/wp-json\/wp\/v2\/pages"}],"about":[{"href":"https:\/\/bowling.praguesbarrel.eu\/fr\/wp-json\/wp\/v2\/types\/page"}],"author":[{"embeddable":true,"href":"https:\/\/bowling.praguesbarrel.eu\/fr\/wp-json\/wp\/v2\/users\/4"}],"replies":[{"embeddable":true,"href":"https:\/\/bowling.praguesbarrel.eu\/fr\/wp-json\/wp\/v2\/comments?post=1204"}],"version-history":[{"count":29,"href":"https:\/\/bowling.praguesbarrel.eu\/fr\/wp-json\/wp\/v2\/pages\/1204\/revisions"}],"predecessor-version":[{"id":18291,"href":"https:\/\/bowling.praguesbarrel.eu\/fr\/wp-json\/wp\/v2\/pages\/1204\/revisions\/18291"}],"wp:attachment":[{"href":"https:\/\/bowling.praguesbarrel.eu\/fr\/wp-json\/wp\/v2\/media?parent=1204"}],"curies":[{"name":"wp","href":"https:\/\/api.w.org\/{rel}","templated":true}]}}