{"id":1198,"date":"2016-09-30T21:09:47","date_gmt":"2016-09-30T20:09:47","guid":{"rendered":"http:\/\/bowling.praguesbarrel.eu\/fr\/?page_id=1198"},"modified":"2025-10-09T11:18:30","modified_gmt":"2025-10-09T10:18:30","slug":"pragues-barrel-bowling-tournoi","status":"publish","type":"page","link":"https:\/\/bowling.praguesbarrel.eu\/fr\/","title":{"rendered":"Tournoi de bowling \u00abPrague&rsquo;s Barrel\u00bb 2026"},"content":{"rendered":"<p><strong>Le Tournoi de Bowling Prague&rsquo;s Barrel<\/strong> est un \u00e9v\u00e9nement international pour \u00e9quipes amateurs. C&rsquo;est l&rsquo;occasion pour les coll\u00e8gues et les amis de se retrouver pendant <strong>quatre jours inoubliables<\/strong> \u00e0 Prague. Au programme: comp\u00e9tition amicale, bonne humeur et plaisir sans fin, sur les pistes comme en dehors. Profitez de matchs parfaitement organis\u00e9s, de soir\u00e9es pleines de rires et, bien s\u00fbr,<strong> de bi\u00e8res gratuites sans fond<\/strong> lors de tous les \u00e9v\u00e9nements officiels. Nous avons organis\u00e9 l&rsquo;ECSG \u00e0 Prague en collaboration avec le Deutsche Betriebsport Verband et la Ligue tch\u00e8que de bowling amateur. <strong>Rejoignez la tradition et d\u00e9couvrez pourquoi tant d&rsquo;\u00e9quipes reviennent ann\u00e9e apr\u00e8s ann\u00e9e !<\/strong><\/p>\n<p><strong><a href=\"https:\/\/bowling.praguesbarrel.eu\/ppt\/\">D\u00e9couvrez ce qui vous attend au tournoi \u2013 le programme complet des 4 jours!<\/a><\/strong><\/p>\n<ul>\n<li><strong>Le tournoi de bowling 28-31 mai 2026 (12e \u00e9dition annuelle)<\/strong><\/li>\n<\/ul>\n<div class=\"button-row\">\n<p><a class=\"btn\" href=\"https:\/\/bowling.praguesbarrel.eu\/fr\/inscription-pragues-barrel-bowling-tournoi\/\">Inscrivez votre \u00e9quipe<\/a><\/p>\n<p><a class=\"btn btn-inverted\" href=\"https:\/\/youtu.be\/3S0spqLwwPo\">Vid\u00e9o<\/a><\/p>\n<p><a class=\"btn btn-inverted\" href=\"https:\/\/bowling.praguesbarrel.eu\/fr\/enrolled-teams\/\">Les \u00e9quipes inscrites<\/a><\/p>\n<\/div>\n","protected":false},"excerpt":{"rendered":"<p>Le Tournoi de Bowling Prague&rsquo;s Barrel est un \u00e9v\u00e9nement international pour \u00e9quipes amateurs. C&rsquo;est l&rsquo;occasion pour les coll\u00e8gues et les amis de se retrouver pendant quatre jours inoubliables \u00e0 Prague. Au programme: comp\u00e9tition amicale, bonne humeur et plaisir sans fin, sur les pistes comme en dehors. Profitez de matchs parfaitement organis\u00e9s, de soir\u00e9es pleines de&#8230;<\/p>\n","protected":false},"author":4,"featured_media":17291,"parent":0,"menu_order":0,"comment_status":"closed","ping_status":"open","template":"templates\/homepage.php","meta":{"footnotes":""},"class_list":["post-1198","page","type-page","status-publish","has-post-thumbnail","hentry"],"_links":{"self":[{"href":"https:\/\/bowling.praguesbarrel.eu\/fr\/wp-json\/wp\/v2\/pages\/1198","targetHints":{"allow":["GET"]}}],"collection":[{"href":"https:\/\/bowling.praguesbarrel.eu\/fr\/wp-json\/wp\/v2\/pages"}],"about":[{"href":"https:\/\/bowling.praguesbarrel.eu\/fr\/wp-json\/wp\/v2\/types\/page"}],"author":[{"embeddable":true,"href":"https:\/\/bowling.praguesbarrel.eu\/fr\/wp-json\/wp\/v2\/users\/4"}],"replies":[{"embeddable":true,"href":"https:\/\/bowling.praguesbarrel.eu\/fr\/wp-json\/wp\/v2\/comments?post=1198"}],"version-history":[{"count":33,"href":"https:\/\/bowling.praguesbarrel.eu\/fr\/wp-json\/wp\/v2\/pages\/1198\/revisions"}],"predecessor-version":[{"id":18179,"href":"https:\/\/bowling.praguesbarrel.eu\/fr\/wp-json\/wp\/v2\/pages\/1198\/revisions\/18179"}],"wp:featuredmedia":[{"embeddable":true,"href":"https:\/\/bowling.praguesbarrel.eu\/fr\/wp-json\/wp\/v2\/media\/17291"}],"wp:attachment":[{"href":"https:\/\/bowling.praguesbarrel.eu\/fr\/wp-json\/wp\/v2\/media?parent=1198"}],"curies":[{"name":"wp","href":"https:\/\/api.w.org\/{rel}","templated":true}]}}