{"id":118,"date":"2016-08-21T12:01:50","date_gmt":"2016-08-21T11:01:50","guid":{"rendered":"http:\/\/bowling.praguesbarrel.eu\/fr\/?page_id=118"},"modified":"2025-10-09T18:59:55","modified_gmt":"2025-10-09T17:59:55","slug":"tournoi","status":"publish","type":"page","link":"https:\/\/bowling.praguesbarrel.eu\/fr\/tournoi\/","title":{"rendered":"Tournoi"},"content":{"rendered":"<p>Le Tournoi de Bowling Prague&rsquo;s Barrel est un \u00e9v\u00e9nement amateur international annuel o\u00f9 la seule exigence est l&rsquo;amour du bon temps. Que votre \u00e9quipe soit compos\u00e9e de g\u00e9nies du bowling chevronn\u00e9s ou de novices, chacun est le bienvenu pour lancer quelques cases et profiter de quatre jours inoubliables dans l&rsquo;une des plus belles villes d&rsquo;Europe.<\/p>\n<p><strong>Le tournoi a f\u00eat\u00e9 ses 10 ans (<a href=\"https:\/\/bowling.praguesbarrel.eu\/fr\/tournoi\/results\/\">voir tous les r\u00e9sultats<\/a>)<\/strong> <strong>et est partenaire du Deutsche Betriebsport Verband et de la Ligue tch\u00e8que de bowling amateur<\/strong>. Attendez-vous donc \u00e0 une organisation de premier ordre, sans formalit\u00e9s excessives. Au-del\u00e0 des strikes et des spares, votre forfait comprend l&rsquo;h\u00e9bergement, les transferts, la pension compl\u00e8te, l&rsquo;entr\u00e9e \u00e0 la comp\u00e9tition, <strong>des bi\u00e8res \u00e0 volont\u00e9<\/strong> et des organisateurs qui vous aidez de votre arriv\u00e9e \u00e0 votre d\u00e9part. En d&rsquo;autres termes, nous avons tout pr\u00e9vu pour que vous puissiez vous concentrer sur le plaisir.<\/p>\n<p>Encore h\u00e9sitant ? <a href=\"https:\/\/bowling.praguesbarrel.eu\/fr\/enrolled-teams\/\">D\u00e9couvrez les \u00e9quipes d\u00e9j\u00e0 inscrites<\/a> et rejoignez la formidable communaut\u00e9 des participants au Tournoi de Bowling Prague&rsquo;s Barrel.<\/p>\n<p>\u2764\ufe0f \ud83c\udfb3 <strong>Lors de notre tournoi, nous offrons des soins tout compris<\/strong>, garantissant \u00e0 chaque \u00e9quipe une exp\u00e9rience de tournoi fluide et inoubliable.<\/p>\n<article class=\"text-token-text-primary w-full focus:outline-none scroll-mt-[calc(var(--header-height)+min(200px,max(70px,20svh)))]\" dir=\"auto\" tabindex=\"-1\" data-turn-id=\"request-WEB:4221071d-7fc2-4b51-900b-ba49b3696b2e-3\" data-testid=\"conversation-turn-8\" data-scroll-anchor=\"true\" data-turn=\"assistant\">\n<div class=\"text-base my-auto mx-auto pb-10 [--thread-content-margin:--spacing(4)] thread-sm:[--thread-content-margin:--spacing(6)] thread-lg:[--thread-content-margin:--spacing(16)] px-(--thread-content-margin)\">\n<div class=\"[--thread-content-max-width:40rem] thread-lg:[--thread-content-max-width:48rem] mx-auto max-w-(--thread-content-max-width) flex-1 group\/turn-messages focus-visible:outline-hidden relative flex w-full min-w-0 flex-col agent-turn\" tabindex=\"-1\">\n<div class=\"z-0 flex min-h-[46px] justify-start\"><\/div>\n<div class=\"mt-3 w-full empty:hidden\">\n<div class=\"text-center\"><\/div>\n<\/div>\n<\/div>\n<\/div>\n<\/article>\n<div class=\"pointer-events-none h-px w-px\" aria-hidden=\"true\" data-edge=\"true\"><\/div>\n<div class=\"ytvideo-wrapper\"><iframe title=\"YouTube video player\" src=\"https:\/\/www.youtube.com\/embed\/3S0spqLwwPo?si=hwtA_-wHWAJHqVbU\" frameborder=\"0\" allowfullscreen=\"allowfullscreen\"><\/iframe><\/div>\n<p>&nbsp;<\/p>\n<p>Pourquoi choisir le Prague\u2019s Barrel\u00a0? Parce que la ville est magnifique et facilement accessible, l\u2019ambiance y est incomparable et les \u00e9quipes reviennent ann\u00e9e apr\u00e8s ann\u00e9e\u00a0: preuve qu\u2019une fois que vous aurez go\u00fbt\u00e9 au bowling, \u00e0 la bi\u00e8re et au charme de Prague r\u00e9unis en un seul \u00e9v\u00e9nement, vous serez conquis.<\/p>\n<h2>comment LE TOURNOI se d\u00e9roule<\/h2>\n<p><a href=\"http:\/\/bowling.praguesbarrel.eu\/wp-content\/uploads\/2024\/08\/Experience_bowling_prezentace_compressed.pdf\"><img loading=\"lazy\" decoding=\"async\" class=\"alignnone size-full wp-image-76128\" src=\"http:\/\/bowling.praguesbarrel.eu\/wp-content\/uploads\/2024\/08\/Experience_bowling_prezentace-1024x576.gif\" alt=\"\" width=\"1152\" height=\"648\" \/><\/a><\/p>\n<style>#sp-ea-18194 .spcollapsing { height: 0; overflow: hidden; transition-property: height;transition-duration: 300ms;}#sp-ea-18194.sp-easy-accordion>.sp-ea-single {margin-bottom: 10px; border: 1px solid #e2e2e2; }#sp-ea-18194.sp-easy-accordion>.sp-ea-single>.ea-header a {color: #444;}#sp-ea-18194.sp-easy-accordion>.sp-ea-single>.sp-collapse>.ea-body {background: #fff; color: #444;}#sp-ea-18194.sp-easy-accordion>.sp-ea-single {background: #eee;}#sp-ea-18194.sp-easy-accordion>.sp-ea-single>.ea-header a .ea-expand-icon { float: left; color: #444;font-size: 16px;}<\/style><div id=\"sp_easy_accordion-1760032330\"><div id=\"sp-ea-18194\" class=\"sp-ea-one sp-easy-accordion\" data-ea-active=\"ea-click\" data-ea-mode=\"vertical\" data-preloader=\"\" data-scroll-active-item=\"\" data-offset-to-scroll=\"0\"><div class=\"ea-card ea-expand sp-ea-single\"><h3 class=\"ea-header\"><a class=\"collapsed\" id=\"ea-header-181940\" role=\"button\" data-sptoggle=\"spcollapse\" data-sptarget=\"#collapse181940\" aria-controls=\"collapse181940\" href=\"#\" aria-expanded=\"true\" tabindex=\"0\"><i aria-hidden=\"true\" role=\"presentation\" class=\"ea-expand-icon eap-icon-ea-expand-minus\"><\/i> Programme<\/a><\/h3><div class=\"sp-collapse spcollapse collapsed show\" id=\"collapse181940\" data-parent=\"#sp-ea-18194\" role=\"region\" aria-labelledby=\"ea-header-181940\"> <div class=\"ea-body\"><h2>Jeudi<\/h2><p><strong>14:00 \u2013 18:00<\/strong>\u00a0 Arriv\u00e9 et h\u00e9bergement<br \/><strong>19:30 \u2013 22:00<\/strong>\u00a0 D\u00eener au restaurant traditionnel tch\u00e8que et\u00a0le tirage au sort<br \/>Temps libre<\/p><h2>vendredi<\/h2><p><strong>7:00 \u2013 9:00 \u00a0<\/strong>Petit-d\u00e9jeuner \u00e0 l\u2019h\u00f4tel<br \/><strong>8:15 \u2013 9:15 \u00a0<\/strong>D\u00e9part pour les centres de bowling<br \/><strong>9:00 \u2013 18:00\u00a0<\/strong>Programme sportif (d\u00e9jeuner au restaurant sur place) et temps libre (tourisme, shopping)<br \/><strong>20:00 \u2013 22:00 \u00a0<\/strong>Croisi\u00e8re en bateau mouche en traversant le centre historique avec d\u00eener<br \/>Temps libre<\/p><h2>samedi<\/h2><p><strong>7:00 \u2013 9:00<\/strong>\u00a0 \u00a0Petit-d\u00e9jeuner \u00e0 l\u2019h\u00f4tel<br \/><strong>8:15 \u2013 9:15<\/strong>\u00a0 D\u00e9part pour les centres de bowling<br \/><strong>9:00 \u2013 18:00<\/strong>\u00a0\u00a0Programme sportif (d\u00e9jeuner au restaurant sur place) et temps libre (tourisme, shopping)<br \/><strong>19:30 \u00a0<\/strong>C\u00e9r\u00e9monie de cl\u00f4ture avec la remise des prix, le d\u00eener et la musique<br \/>F\u00eate libre\u00a0\ud83d\ude42<\/p><h2>dimanche<\/h2><p><strong>7:00 \u2013 10:00 \u00a0<\/strong>Petit-d\u00e9jeuner \u00e0 l\u2019h\u00f4tel<br \/>Temps libre, d\u00e9part<\/p><\/div><\/div><\/div><div class=\"ea-card sp-ea-single\"><h3 class=\"ea-header\"><a class=\"collapsed\" id=\"ea-header-181941\" role=\"button\" data-sptoggle=\"spcollapse\" data-sptarget=\"#collapse181941\" aria-controls=\"collapse181941\" href=\"#\" aria-expanded=\"false\" tabindex=\"0\"><i aria-hidden=\"true\" role=\"presentation\" class=\"ea-expand-icon eap-icon-ea-expand-plus\"><\/i> Les r\u00e8gles<\/a><\/h3><div class=\"sp-collapse spcollapse \" id=\"collapse181941\" data-parent=\"#sp-ea-18194\" role=\"region\" aria-labelledby=\"ea-header-181941\"> <div class=\"ea-body\"><p>Le tournoi de bowling Prague\u2019s Barrel est un tournoi amateur qui est plein d\u2019\u00e9motions, saisissements, bonne humeur, bi\u00e8re et performances de qualit\u00e9. Pour qu\u2019on puisse couronner la meilleure \u00e9quipe \u00e0 la fin du tournoi et elle puisse partir de Prague avec le titre \u00abchampion du barrel\u00bb, il faut d\u00e9finir les r\u00e8gles de base.<\/p><ul><li>L\u2019\u00e9quipe se compose de 4 joueurs.<\/li><li>L\u2019\u00e9change des joueurs est possible, cependant ce joueur chang\u00e9 ne peut pas jouer dans une autre \u00e9quipe.<\/li><li>Les femmes re\u00e7oivent 5 quilles cr\u00e9dit\u00e9es dans tous les jeux qu\u2019elles ont jou\u00e9s, on leur attribue un handicap.<\/li><li>Le handicap de 5 quilles pour les femmes doit \u00e9galement \u00eatre not\u00e9 dans le syst\u00e8me.<\/li><li>Les noms complets des \u00e9quipes et des joueurs doivent \u00eatre not\u00e9s dans le syst\u00e8me des r\u00e9sultats.<\/li><li>Tous les jeux seront jou\u00e9s d\u2019apr\u00e8s la fa\u00e7on europ\u00e9enne de jouer. Il n\u2019est pas possible de changer de piste pendant le jeu, les pistes seront attribu\u00e9es aux \u00e9quipes.<\/li><li>Si une \u00e9quipe manque le quatri\u00e8me joueur, elle re\u00e7oit une compensation de 120 quilles.<\/li><li>Les jeux se d\u00e9roulent selon les r\u00e8gles en vigueur de FIQ, WTBA (Zone europ\u00e9en) et \u010cBA (Association tch\u00e8que de bowling) \u00e0 l\u2019exception des r\u00e8gles de la consommation d\u2019alcool et d\u2019autres en consid\u00e9ration du caract\u00e8re amateur du tournoi.<\/li><li>Le tirage au sort et la division dans les centres de bowling et dans les jeux auront lieu jeudi pendant le d\u00eener.<\/li><\/ul><p>Les r\u00e8gles officielles du tournoi sont celles en langue anglaise.<\/p><\/div><\/div><\/div><div class=\"ea-card sp-ea-single\"><h3 class=\"ea-header\"><a class=\"collapsed\" id=\"ea-header-181942\" role=\"button\" data-sptoggle=\"spcollapse\" data-sptarget=\"#collapse181942\" aria-controls=\"collapse181942\" href=\"#\" aria-expanded=\"false\" tabindex=\"0\"><i aria-hidden=\"true\" role=\"presentation\" class=\"ea-expand-icon eap-icon-ea-expand-plus\"><\/i> Le syst\u00e8me<\/a><\/h3><div class=\"sp-collapse spcollapse \" id=\"collapse181942\" data-parent=\"#sp-ea-18194\" role=\"region\" aria-labelledby=\"ea-header-181942\"> <div class=\"ea-body\"><p>Le syst\u00e8me sera pr\u00e9cis\u00e9 d\u2019apr\u00e8s le nombre d\u2019\u00e9quipes inscrites. Le planning pr\u00e9alable. L<strong>e model de graissage pour tous les centres de bowling<\/strong> sera \u00e0 la disposition avant le tournoi.<\/p><h3>Vendredi<\/h3><p>Une qualification aura lieu pendant la 1\u00e8re totale y compris le handicap, les \u00e9quipes seront subdivis\u00e9es en classes de performances (A, B, C, selon le besoin m\u00eame plus). Dans le cas de l\u2019\u00e9galit\u00e9, l\u2019ordre des \u00e9quipes sera d\u00e9termin\u00e9 selon le nombre des points sans le handicap, \u00e9ventuellement selon le lan\u00e7ant plus haut du dernier jeu de l\u2019\u00e9quipe (l\u2019avant-dernier jeu). Si le journ\u00e9e (chaque \u00e9quipe jouera min. 3 tours). D\u2019apr\u00e8s la somme de points r\u00e9sultat est toujours \u00e9gal, on d\u00e9cidera selon le lan\u00e7ant le plus haut d\u2019un joueur de l\u2019\u00e9quipe dans la qualification.<\/p><h3>samEdi<\/h3><p>On joue les poules (chacun contre chacun en poule) et puis le syst\u00e8me \u00e9liminatoire dans chaque classe de performance (Chaque \u00e9quipe jouera min. 3 tours.).<\/p><\/div><\/div><\/div><div class=\"ea-card sp-ea-single\"><h3 class=\"ea-header\"><a class=\"collapsed\" id=\"ea-header-181943\" role=\"button\" data-sptoggle=\"spcollapse\" data-sptarget=\"#collapse181943\" aria-controls=\"collapse181943\" href=\"#\" aria-expanded=\"false\" tabindex=\"0\"><i aria-hidden=\"true\" role=\"presentation\" class=\"ea-expand-icon eap-icon-ea-expand-plus\"><\/i> Les centres de bowling<\/a><\/h3><div class=\"sp-collapse spcollapse \" id=\"collapse181943\" data-parent=\"#sp-ea-18194\" role=\"region\" aria-labelledby=\"ea-header-181943\"> <div class=\"ea-body\"><p>Nous avons collabor\u00e9 avec les meilleurs centres de <strong>Xbowling de Prague, <a href=\"https:\/\/prosek.xbowling.cz\/\">Prosek<\/a> et <a href=\"https:\/\/zizkov.xbowling.cz\/\">\u017di\u017ekov<\/a>,<\/strong> pour vous offrir le meilleur cadre possible pour vos strikes. Ces deux sites disposent d'un personnel hautement qualifi\u00e9 et leurs pistes Brunswick et QubicaAMF modernis\u00e9es sont entretenues selon les normes techniques les plus strictes. En collaborant avec ces centres, nous vous garantissons, que vous soyez amateur ou habitu\u00e9 des ligues, des installations de qualit\u00e9 sup\u00e9rieure et l'hospitalit\u00e9 qui rend notre tournoi si sp\u00e9cial. Ces centres figurent parmi les meilleurs de Prague et accueillent r\u00e9guli\u00e8rement des comp\u00e9titions prestigieuses telles que le <strong>Championnat tch\u00e8que ABL<\/strong>, <strong>la Ligue de 9 quilles par \u00e9quipes et le Prosek IRON Ten<\/strong>, ainsi que de nombreux tournois nationaux et internationaux.<\/p><\/div><\/div><\/div><\/div><\/div>\n","protected":false},"excerpt":{"rendered":"<p>Le Tournoi de Bowling Prague&rsquo;s Barrel est un \u00e9v\u00e9nement amateur international annuel o\u00f9 la seule exigence est l&rsquo;amour du bon temps. Que votre \u00e9quipe soit compos\u00e9e de g\u00e9nies du bowling chevronn\u00e9s ou de novices, chacun est le bienvenu pour lancer quelques cases et profiter de quatre jours inoubliables dans l&rsquo;une des plus belles villes d&rsquo;Europe&#8230;.<\/p>\n","protected":false},"author":5,"featured_media":17291,"parent":0,"menu_order":0,"comment_status":"closed","ping_status":"closed","template":"","meta":{"footnotes":""},"class_list":["post-118","page","type-page","status-publish","has-post-thumbnail","hentry"],"_links":{"self":[{"href":"https:\/\/bowling.praguesbarrel.eu\/fr\/wp-json\/wp\/v2\/pages\/118","targetHints":{"allow":["GET"]}}],"collection":[{"href":"https:\/\/bowling.praguesbarrel.eu\/fr\/wp-json\/wp\/v2\/pages"}],"about":[{"href":"https:\/\/bowling.praguesbarrel.eu\/fr\/wp-json\/wp\/v2\/types\/page"}],"author":[{"embeddable":true,"href":"https:\/\/bowling.praguesbarrel.eu\/fr\/wp-json\/wp\/v2\/users\/5"}],"replies":[{"embeddable":true,"href":"https:\/\/bowling.praguesbarrel.eu\/fr\/wp-json\/wp\/v2\/comments?post=118"}],"version-history":[{"count":15,"href":"https:\/\/bowling.praguesbarrel.eu\/fr\/wp-json\/wp\/v2\/pages\/118\/revisions"}],"predecessor-version":[{"id":18195,"href":"https:\/\/bowling.praguesbarrel.eu\/fr\/wp-json\/wp\/v2\/pages\/118\/revisions\/18195"}],"wp:featuredmedia":[{"embeddable":true,"href":"https:\/\/bowling.praguesbarrel.eu\/fr\/wp-json\/wp\/v2\/media\/17291"}],"wp:attachment":[{"href":"https:\/\/bowling.praguesbarrel.eu\/fr\/wp-json\/wp\/v2\/media?parent=118"}],"curies":[{"name":"wp","href":"https:\/\/api.w.org\/{rel}","templated":true}]}}