{"id":18338,"date":"2026-01-07T23:10:39","date_gmt":"2026-01-07T22:10:39","guid":{"rendered":"https:\/\/bowling.praguesbarrel.eu\/?page_id=18338"},"modified":"2026-01-07T23:12:32","modified_gmt":"2026-01-07T22:12:32","slug":"unterkunftsmoeglichkeiten","status":"publish","type":"page","link":"https:\/\/bowling.praguesbarrel.eu\/de\/preis\/unterkunftsmoeglichkeiten\/","title":{"rendered":"Unterkunft"},"content":{"rendered":"<div class=\"ytvideo-wrapper\"><iframe loading=\"lazy\" src=\"https:\/\/www.google.com\/maps\/d\/u\/1\/embed?mid=162JkbF4Cvw27ZIEIw9PPFuzuUw0\" width=\"640\" height=\"480\"><span data-mce-type=\"bookmark\" style=\"display: inline-block; width: 0px; overflow: hidden; line-height: 0;\" class=\"mce_SELRES_start\">\ufeff<\/span><span data-mce-type=\"bookmark\" style=\"display: inline-block; width: 0px; overflow: hidden; line-height: 0;\" class=\"mce_SELRES_start\">\ufeff<\/span><\/iframe><\/div>\n<h2>ambassador *****<\/h2>\n<p>Hotel Ambassador befindet sich im unteren Teil des Wenzelsplatzes, nur 5 Gehminuten vom Altst\u00e4dter Ring. Die Zimmer (mindestens 25 m2) sind mit M\u00f6bel im Jugendstil und mit Dekoration ausgestattet. Alle Marmorbadezimmer sind ger\u00e4umig und sind mit einer<br \/>\nydromassage Badewanne und mit der Dusche ausgestattet. Alle Zimmer sind mit Flachbild-TV mit verschiedenen Satellitenempfang, Tresor, Minibar und Wi-Fi ausgestattet. Sie k\u00f6nnen auch im Welnessclub entspannen, der gro\u00dfe Auswahl an thail\u00e4ndischen und<br \/>\nyurveda-Massagen, Packungen und verschiedenen Spezialmassagen wie zum Beispiel Honig-, Schokolade- oder Chakra-Stein Massagen bietet.<br \/>\n<a href=\"https:\/\/bowling.praguesbarrel.eu\/ambassador\/\"><img loading=\"lazy\" decoding=\"async\" class=\"aligncenter size-full wp-image-3804\" src=\"https:\/\/bowling.praguesbarrel.eu\/wp-content\/uploads\/2017\/01\/Bowling-tournament-hotel-ambassador03.jpg\" alt=\"\" width=\"640\" height=\"350\" \/><\/a><\/p>\n<h2>ambiance ****<\/h2>\n<p>Ambiance befindet sich in Prag 2, 12 Minuten Fu\u00dfweg entfernt vom Wenceslas Square, 7 Minuten Fu\u00dfweg entfernt von Clubs wie Retro, Radost FX und Le mirage. Das Hotel ist umgeben von Bars, kleinen Superm\u00e4rkten und Restaurants. Die Zimmer dieses Hotels sind etwas kleiner, jedoch sehr gem\u00fctlich und mit Safe, Klimaanlage und geb\u00fchrenfreiem Wifi ausgestattet und es wird es k\u00f6stliches Fr\u00fchst\u00fcck angeboten. Zum Entspannen bietet sich die Hofterrasse an. Parkpl\u00e4tze stehen im nahegelegenen Hotel Superior zur Verf\u00fcgung.<br \/>\n<a href=\"https:\/\/bowling.praguesbarrel.eu\/ambiance\/\"><img loading=\"lazy\" decoding=\"async\" class=\"aligncenter size-full wp-image-3804\" src=\"https:\/\/bowling.praguesbarrel.eu\/wp-content\/uploads\/2017\/08\/bowlingl-international-tournament-07-1.jpg\" alt=\"\" width=\"640\" height=\"350\" \/><\/a><\/p>\n<h2>DUO ****<\/h2>\n<p>Hotel DUO ist ein gro\u00dfes Hotel in unmittelbarer N\u00e4he zu der U-bahn Haltestelle Strizkov, von der aus Sie das Stadtzentrum innerhalb von 15 Minuten erreichen. Es befindet sich in den Vororten, in der \u00e4ltesten Fertighaus- Siedlung in Prag &#8211; daher gibt es dort tolle \u00f6ffentliche Einrichtungen: viele Parks, nette Bars, Superm\u00e4rkte und vieles mehr.<br \/>\nDie Zimmer sind einfach gehalten, jedoch sehr gem\u00fctlich und in jedem Zimmer gibt es einen Wasserkocher und einen Safe. In Ihrer Freizeit k\u00f6nnen Sie den hervorragenden Kaffee oder einen der k\u00f6stlichen Cocktails in der eleganten Lobby genie\u00dfen, Bowlen gehen, zum Friseur gehen oder bei einer Massage entspannen (es werden sowohl Thai-Massagen als auch auch Sportmassagen angeboten). Das Pool, die Sauna und das Fitnesscenter sind geb\u00fchrenfrei f\u00fcr Hotelg\u00e4ste.<br \/>\nShopaholics werden sich \u00fcber die schnelle Erreichbarkeit der gr\u00f6\u00dften Shopping Mall in Prag &#8211; OC Letnany &#8211; freuen.<\/p>\n<p><a href=\"https:\/\/bowling.praguesbarrel.eu\/hotel-duo\/\"><img loading=\"lazy\" decoding=\"async\" class=\"aligncenter size-full wp-image-3804\" src=\"https:\/\/bowling.praguesbarrel.eu\/wp-content\/uploads\/2021\/08\/hotel_duo1.jpeg\" alt=\"\" width=\"640\" height=\"350\" \/><\/a><\/p>\n<h2>Ol\u0161anka ***<\/h2>\n<p>Hotel Olsanka ist eine ausgezeichnete Wahl f\u00fcr diejenigen, die <strong>Unterkunft nahe dem Bowling-Center unseres Turniers bevorzugen<\/strong>.\u00a0Das Hotel befindet sich im Stadtviertel \u017di\u017ekov, die bietet eine Vielzahl von tollen Caf\u00e9s, Bars und Kneipen.\u00a0Sie k\u00f6nnen das Bowling-Center in 10 Minuten zu Fu\u00df zu erreichenund es nimmt 10 Minuten bis in die Innenstadt mit der Stra\u00dfenbahn zu erreichen.\u00a0<strong>Alle Zimmer sind mit TV mit Satellitensignal und kostenlosem WLAN ausgestattet.<\/strong>\u00a0Hotel hat ein eigenes Sportzentrum mit Schwimmbad, Sauna, Fitness, Massagen und Badminton usw.<br \/>\n<a href=\"https:\/\/bowling.praguesbarrel.eu\/de\/olsanka\/\"><img loading=\"lazy\" decoding=\"async\" class=\"aligncenter wp-image-3800 size-full\" src=\"https:\/\/bowling.praguesbarrel.eu\/wp-content\/uploads\/2016\/09\/olsanka-min.jpg\" alt=\"\" width=\"640\" height=\"425\" srcset=\"https:\/\/bowling.praguesbarrel.eu\/wp-content\/uploads\/2016\/09\/olsanka-min.jpg 640w, https:\/\/bowling.praguesbarrel.eu\/wp-content\/uploads\/2016\/09\/olsanka-min-300x199.jpg 300w\" sizes=\"auto, (max-width: 640px) 100vw, 640px\" \/><\/a><\/p>\n<h2>PRAGUE CENTRE PLAZA ***<\/h2>\n<p>Ein sch\u00f6nes Hotel mit 3 Sternen im Prager Stadtteil Vinohrady. Vinohrady sind heute eine von dem modischsten Stadtviertel in ganz Prag. Nur in etwa 12 Minuten zu Fu\u00df sind Sie am Wenzelsplatz, wo Ihr Abendprogramm mit vielen Bars und Clubs gef\u00fcllt werden wird. Nach einem anstrengenden Tag entspannen Sie in der Sauna, im Whirlpool oder in einer von einzigartigen Bierbad Bernard.<\/p>\n<p dir=\"ltr\"><a href=\"https:\/\/bowling.praguesbarrel.eu\/de\/prague-centre-plaza\/\"><img loading=\"lazy\" decoding=\"async\" class=\"aligncenter size-full wp-image-3801\" src=\"https:\/\/bowling.praguesbarrel.eu\/wp-content\/uploads\/2016\/09\/praguecentreplaza.jpg\" alt=\"\" width=\"640\" height=\"443\" srcset=\"https:\/\/bowling.praguesbarrel.eu\/wp-content\/uploads\/2016\/09\/praguecentreplaza.jpg 640w, https:\/\/bowling.praguesbarrel.eu\/wp-content\/uploads\/2016\/09\/praguecentreplaza-300x208.jpg 300w\" sizes=\"auto, (max-width: 640px) 100vw, 640px\" \/><\/a><\/p>\n<h2>St. George ****<\/h2>\n<p>Das Hotel St. George befindet sich im Zentrum der Stadt, in der N\u00e4he von der U-Bahn-Station I.P.Pavlova, etwa 15 Minuten vom Wenzelsplatz entfernt. In der N\u00e4he befinden sich mehrere Restaurants und Bars. WLAN und ein Flachbild-TV stehen euch w\u00e4hrend Ihres Aufenthalts in jedem Zimmer kostenfrei zur Verf\u00fcgung. Die hellen Badezimmer sind mit einem Haartrockner, einer Whirlpool-Badewanne oder einer Dusche ausgestattet. Das Hotel bietet einen Safe, einen Parkplatz, einen Fitnessraum und ein Wellnesscenter. Die Lobbybar hat auch eine sch\u00f6ne Terrasse, auf der ihr euren Drink genie\u00dfen k\u00f6nnt.<br \/>\n<a href=\"https:\/\/bowling.praguesbarrel.eu\/st-george\/\"><img loading=\"lazy\" decoding=\"async\" class=\"aligncenter size-full wp-image-3803\" src=\"https:\/\/bowling.praguesbarrel.eu\/wp-content\/uploads\/2019\/08\/196248717.jpg\" alt=\"\" width=\"640\" height=\"426\" \/><\/a><\/p>\n","protected":false},"excerpt":{"rendered":"<p>\ufeff\ufeff ambassador ***** Hotel Ambassador befindet sich im unteren Teil des Wenzelsplatzes, nur 5 Gehminuten vom Altst\u00e4dter Ring. Die Zimmer (mindestens 25 m2) sind mit M\u00f6bel im Jugendstil und mit Dekoration ausgestattet. Alle Marmorbadezimmer sind ger\u00e4umig und sind mit einer ydromassage Badewanne und mit der Dusche ausgestattet. Alle Zimmer sind mit Flachbild-TV mit verschiedenen Satellitenempfang,&#8230;<\/p>\n","protected":false},"author":4,"featured_media":0,"parent":18326,"menu_order":0,"comment_status":"closed","ping_status":"closed","template":"","meta":{"footnotes":""},"class_list":["post-18338","page","type-page","status-publish","hentry"],"_links":{"self":[{"href":"https:\/\/bowling.praguesbarrel.eu\/de\/wp-json\/wp\/v2\/pages\/18338","targetHints":{"allow":["GET"]}}],"collection":[{"href":"https:\/\/bowling.praguesbarrel.eu\/de\/wp-json\/wp\/v2\/pages"}],"about":[{"href":"https:\/\/bowling.praguesbarrel.eu\/de\/wp-json\/wp\/v2\/types\/page"}],"author":[{"embeddable":true,"href":"https:\/\/bowling.praguesbarrel.eu\/de\/wp-json\/wp\/v2\/users\/4"}],"replies":[{"embeddable":true,"href":"https:\/\/bowling.praguesbarrel.eu\/de\/wp-json\/wp\/v2\/comments?post=18338"}],"version-history":[{"count":1,"href":"https:\/\/bowling.praguesbarrel.eu\/de\/wp-json\/wp\/v2\/pages\/18338\/revisions"}],"predecessor-version":[{"id":18340,"href":"https:\/\/bowling.praguesbarrel.eu\/de\/wp-json\/wp\/v2\/pages\/18338\/revisions\/18340"}],"up":[{"embeddable":true,"href":"https:\/\/bowling.praguesbarrel.eu\/de\/wp-json\/wp\/v2\/pages\/18326"}],"wp:attachment":[{"href":"https:\/\/bowling.praguesbarrel.eu\/de\/wp-json\/wp\/v2\/media?parent=18338"}],"curies":[{"name":"wp","href":"https:\/\/api.w.org\/{rel}","templated":true}]}}