{"id":18326,"date":"2026-01-07T23:04:14","date_gmt":"2026-01-07T22:04:14","guid":{"rendered":"https:\/\/bowling.praguesbarrel.eu\/?page_id=18326"},"modified":"2026-01-18T20:54:55","modified_gmt":"2026-01-18T19:54:55","slug":"preis","status":"publish","type":"page","link":"https:\/\/bowling.praguesbarrel.eu\/de\/preis\/","title":{"rendered":"Preis"},"content":{"rendered":"<p>Damit Ihr Prag-Abenteuer so unbeschwert und unterhaltsam wie m\u00f6glich wird, haben wir alles, was Sie brauchen, in einem einfachen Paket zusammengefasst. Ob Ihre Gruppe nun eine budgetfreundliche L\u00f6sung oder eine gehobene Ausstattung bevorzugt, unsere Paketpreise reichen von 440 \u20ac bis 750 \u20ac \u2013 die einzige Variable ist das <a href=\"https:\/\/bowling.praguesbarrel.eu\/de\/unterkunftsmoeglichkeiten\/\">von Ihnen gew\u00e4hlte Hotel<\/a>.<\/p>\n<p>Der Preis ist in Euro und pro Person angegeben.<\/p>\n\t\t\t\t\t\t\t<h3 style=\"margin-bottom:20px ;display:block;width:100%;margin-top:10px\">Price <\/h3>\r\n\t\t\t\t\t\t\t\t<style>\r\n\t\t\t\t\r\n\t\t\t\t\t#tab_container_5877 {\r\n\toverflow:hidden;\r\n\tdisplay:block;\r\n\twidth:100%;\r\n\tborder:0px solid #ddd;\r\n\tmargin-bottom:30px;\r\n\t}\r\n\r\n#tab_container_5877 .tab-content{\r\n\tpadding:20px;\r\n\tborder: 1px solid #e6e6e6 !important;\r\n\tmargin-top: 0px;\r\n\tbackground-color:#ffffff !important;\r\n\tcolor: #000000 !important;\r\n\tfont-size:16px !important;\r\n\tfont-family: Open Sans !important;\r\n\t\r\n\t\tborder: 1px solid #e6e6e6 !important;\r\n\t}\r\n#tab_container_5877 .wpsm_nav-tabs {\r\n    border-bottom: 0px solid #ddd;\r\n}\r\n#tab_container_5877 .wpsm_nav-tabs > li.active > a, #tab_container_5877 .wpsm_nav-tabs > li.active > a:hover, #tab_container_5877 .wpsm_nav-tabs > li.active > a:focus {\r\n\tcolor: #000000 !important;\r\n\tcursor: default;\r\n\tbackground-color: #ffffff !important;\r\n\tborder: 1px solid #e6e6e6 !important;\r\n}\r\n\r\n#tab_container_5877 .wpsm_nav-tabs > li > a {\r\n    margin-right: 0px !important; \r\n    line-height: 1.42857143 !important;\r\n    border: 1px solid #d5d5d5 !important;\r\n    border-radius: 0px 0px 0 0 !important; \r\n\tbackground-color: #e8e8e8 !important;\r\n\tcolor: #000000 !important;\r\n\tpadding: 15px 18px 15px 18px !important;\r\n\ttext-decoration: none !important;\r\n\tfont-size: 14px !important;\r\n\ttext-align:center !important;\r\n\tfont-family: Open Sans !important;\r\n}\r\n#tab_container_5877 .wpsm_nav-tabs > li > a:focus {\r\noutline: 0px !important;\r\n}\r\n\r\n#tab_container_5877 .wpsm_nav-tabs > li > a:before {\r\n\tdisplay:none !important;\r\n}\r\n#tab_container_5877 .wpsm_nav-tabs > li > a:after {\r\n\tdisplay:none !important ;\r\n}\r\n#tab_container_5877 .wpsm_nav-tabs > li{\r\npadding:0px !important ;\r\nmargin:0px;\r\n}\r\n\r\n#tab_container_5877 .wpsm_nav-tabs > li > a:hover , #tab_container_5877 .wpsm_nav-tabs > li > a:focus {\r\n    color: #000000 !important;\r\n    background-color: #e8e8e8 !important;\r\n\tborder: 1px solid #d5d5d5 !important;\r\n\t\r\n}\r\n#tab_container_5877 .wpsm_nav-tabs > li > a .fa{\r\n\r\nmargin-right:5px !important;\r\n\r\nmargin-left:5px !important;\r\n\r\n\r\n}\r\n\r\n\t\t#tab_container_5877 .wpsm_nav-tabs a{\r\n\t\t\tbackground-image: none;\r\n\t\t\tbackground-position: 0 0;\r\n\t\t\tbackground-repeat: repeat-x;\r\n\t\t}\r\n\t\t\t\r\n\r\n\r\n#tab_container_5877 .wpsm_nav-tabs > li {\r\n    float: left;\r\n    margin-bottom: -1px !important;\r\n\tmargin-right:0px !important; \r\n}\r\n\r\n\r\n#tab_container_5877 .tab-content{\r\noverflow:hidden !important;\r\n}\r\n\r\n\r\n@media (min-width: 769px) {\r\n\r\n\t#tab_container_5877 .wpsm_nav-tabs > li{\r\n\t\tfloat:left !important ;\r\n\t\t\t\tmargin-right:-1px !important;\r\n\t\t\t\t\t}\r\n\t#tab_container_5877 .wpsm_nav-tabs{\r\n\t\tfloat:none !important;\r\n\t\tmargin:0px !important;\r\n\t}\r\n\r\n\t#tab_container_5877 .wpsm_nav-tabs > li {\r\n\t\t\t\t\r\n\t}\r\n\t#tab_container_5877 .wpsm_nav{\r\n\t\t\t}\r\n\r\n}\r\n\r\n\r\n\r\n@media (max-width: 768px) {\r\n\t#tab_container_5877 .wpsm_nav-tabs > li {\r\n\t\t\t\t\r\n\t}\r\n\t#tab_container_5877 .wpsm_nav{\r\n\t\t\t}\r\n}\r\n\r\n\r\n\t.wpsm_nav-tabs li:before{\r\n\t\tdisplay:none !important;\r\n\t}\r\n\r\n\t@media (max-width: 768px) {\r\n\t\t\t\t\r\n\t\t\t\t.wpsm_nav-tabs{\r\n\t\t\tmargin-left:0px !important;\r\n\t\t\tmargin-right:0px !important; \r\n\t\t\t\r\n\t\t}\r\n\t\t\t\t#tab_container_5877 .wpsm_nav-tabs > li{\r\n\t\t\tfloat:none !important;\r\n\t\t}\r\n\t\t\t\r\n\t}\t\t\t\t<\/style>\r\n\t\t\t\t<div id=\"tab_container_5877\" >\r\n\t \r\n\t\t\t\t\t<ul class=\"wpsm_nav wpsm_nav-tabs\" role=\"tablist\" id=\"myTab_5877\">\r\n\t\t\t\t\t\t\t\r\n\t\t\t\t\t\t\t<li role=\"presentation\"  class=\"active\"  onclick=\"do_resize()\">\r\n\t\t\t\t\t\t\t\t<a href=\"#tabs_desc_5877_1\" aria-controls=\"tabs_desc_5877_1\" role=\"tab\" data-toggle=\"tab\">\r\n\t\t\t\t\t\t\t\t\t\r\n\t\t\t\t\t\t\t\t\t\t\t\t\t\t\t\t\t\t\t\t\t\t\t\t\t\t\t\t\t\t\t<i class=\"fa fa-laptop\"><\/i> \t\t\t\t\t\t\t\t\t\t\t\t\t\t\t\t\t\t\t\r\n\t\t\t\t\t\t\t\t\t\t\t\t\t\t\t\t\t\t\r\n\t\t\t\t\t\t\t\t\t<span>28. 5. - 31. 5. 2026<\/span>\r\n\t\t\t\t\t\t\t\t\t\r\n\t\t\t\t\t\t\t\t\t\t\t\t\t\t\t\t\t\t\r\n\t\t\t\t\t\t\t\t\t\t\t\t\t\t\t\t\t\t\t\t\r\n\t\t\t\t\t\t\t\t\t\r\n\t\t\t\t\t\t\t\t<\/a>\r\n\t\t\t\t\t\t\t<\/li>\r\n\t\t\t\t\t\t\t\t\t\t\t <\/ul>\r\n\r\n\t\t\t\t\t  <!-- Tab panes -->\r\n\t\t\t\t\t  <div class=\"tab-content\" id=\"tab-content_5877\">\r\n\t\t\t\t\t\t\t\t\t\t\t\t <div role=\"tabpanel\" class=\"tab-pane  in active \" id=\"tabs_desc_5877_1\">\r\n\t\t\t\t\t\t\t\t<strong>28. 5. - 31. 5. 2026<\/strong>\r\n<div style=\"max-width: 100%;overflow: auto\">\r\n<table width=\"518\">\r\n<tbody>\r\n<tr>\r\n<td width=\"139\">Hotel\/Type of room \u20ac<\/td>\r\n<td width=\"84\">Twin\/double<\/td>\r\n<td width=\"71\">extra night<\/td>\r\n<td width=\"41\">Single<\/td>\r\n<td width=\"71\">extra night<\/td>\r\n<td width=\"41\">Triple<\/td>\r\n<td width=\"71\">extra night<\/td>\r\n<\/tr>\r\n<tr>\r\n<td>Prague Centre Plaza 3*<\/td>\r\n<td>470<\/td>\r\n<td>60<\/td>\r\n<td>610<\/td>\r\n<td>105<\/td>\r\n<td>440<\/td>\r\n<td>45<\/td>\r\n<\/tr>\r\n<tr>\r\n<td>Ol\u0161anka 3*<\/td>\r\n<td>480<\/td>\r\n<td>60<\/td>\r\n<td>580<\/td>\r\n<td>100<\/td>\r\n<td>460<\/td>\r\n<td>50<\/td>\r\n<\/tr>\r\n<tr>\r\n<td>Superior 3*+<\/td>\r\n<td>480<\/td>\r\n<td>60<\/td>\r\n<td>630<\/td>\r\n<td>110<\/td>\r\n<td>460<\/td>\r\n<td>50<\/td>\r\n<\/tr>\r\n<tr>\r\n<td>Duo 4*<\/td>\r\n<td>500<\/td>\r\n<td>65<\/td>\r\n<td>650<\/td>\r\n<td>115<\/td>\r\n<td>470<\/td>\r\n<td>60<\/td>\r\n<\/tr>\r\n<tr>\r\n<td>ST. George 4*<\/td>\r\n<td>530<\/td>\r\n<td>80<\/td>\r\n<td>720<\/td>\r\n<td>140<\/td>\r\n<td>510<\/td>\r\n<td>70<\/td>\r\n<\/tr>\r\n<tr>\r\n<td>Ambassador 5*<\/td>\r\n<td>560<\/td>\r\n<td>85<\/td>\r\n<td>750<\/td>\r\n<td>150<\/td>\r\n<td>520<\/td>\r\n<td>70<\/td>\r\n<\/tr>\r\n<\/tbody>\r\n<\/table>\r\n<\/div>\t\t\t\t\t\t <\/div>\r\n\t\t\t\t\t\t\t\r\n\t\t\t\t\t <\/div>\r\n\t\t\t\t\t \r\n\t\t\t\t <\/div>\r\n <script>\r\n\t\tjQuery(function () {\r\n\t\t\tjQuery('#myTab_5877 a:first').tab('show')\r\n\t\t});\r\n\t\t\r\n\t\t\t\tjQuery(function(){\r\n\t\t\tvar b=\"fadeIn\";\r\n\t\t\tvar c;\r\n\t\t\tvar a;\r\n\t\t\td(jQuery(\"#myTab_5877 a\"),jQuery(\"#tab-content_5877\"));function d(e,f,g){\r\n\t\t\t\te.click(function(i){\r\n\t\t\t\t\ti.preventDefault();\r\n\t\t\t\t\tjQuery(this).tab(\"show\");\r\n\t\t\t\t\tvar h=jQuery(this).data(\"easein\");\r\n\t\t\t\t\tif(c){c.removeClass(a);}\r\n\t\t\t\t\tif(h){f.find(\"div.active\").addClass(\"animated \"+h);a=h;}\r\n\t\t\t\t\telse{if(g){f.find(\"div.active\").addClass(\"animated \"+g);a=g;}else{f.find(\"div.active\").addClass(\"animated \"+b);a=b;}}c=f.find(\"div.active\");\r\n\t\t\t\t});\r\n\t\t\t}\r\n\t\t});\r\n\t\t\r\n\r\n\t\tfunction do_resize(){\r\n\r\n\t\t\tvar width=jQuery( '.tab-content .tab-pane iframe' ).width();\r\n\t\t\tvar height=jQuery( '.tab-content .tab-pane iframe' ).height();\r\n\r\n\t\t\tvar toggleSize = true;\r\n\t\t\tjQuery('iframe').animate({\r\n\t\t\t    width: toggleSize ? width : 640,\r\n\t\t\t    height: toggleSize ? height : 360\r\n\t\t\t  }, 250);\r\n\r\n\t\t\t  toggleSize = !toggleSize;\r\n\t\t}\r\n\r\n\r\n\t<\/script>\r\n\t\t\t\t\r\n\t\t\t\n<p>Der Preis f\u00fcr die zus\u00e4tzliche \u00dcbernachtung beinhaltet die Unterkunft, das Fr\u00fchst\u00fcck, die Unterst\u00fctzung durch die Barrel-Crew und die Organisation von Veranstaltungen (Ausfl\u00fcge, Freundschaftsspiele usw.) zum Selbstkostenpreis.<\/p>\n<h2>Im Grundpreis f\u00fcr das Paket sind enthalten<\/h2>\n<ul>\n<li><a href=\"\/de\/preis\/unterkunftsmoeglichkeiten\/\"><strong>Unterkunft<\/strong><\/a><\/li>\n<li><strong>Bustransfers<\/strong> zu allen mit dem Turnier verbundenen Aktivit\u00e4ten<\/li>\n<li>Nutzung der <strong>Bowlingbahnen<\/strong><\/li>\n<li><strong>Organisation des Bowlingturniers<\/strong><\/li>\n<li>Nette Betreuung w\u00e4hrend des ganzen Aufenthalts (f\u00fcr Gruppen \u00fcber 10 Teilnehmer)<\/li>\n<li>Vollpension<\/li>\n<li><strong>Freibier bei allen offiziellen Veranstaltungen<\/strong> w\u00e4hrend des Turniers<\/li>\n<li><strong>Dampferfahrt<\/strong> auf der Moldau mit Abendessen<\/li>\n<li>Begleitprogramm f\u00fcr die nicht spielenden Teilnehmer (f\u00fcr Gruppen \u00fcber 30 Teilnehmer)<\/li>\n<li>Souvenirs f\u00fcr jeden Teilnehmer<\/li>\n<\/ul>\n<p>\u2764\ufe0f \ud83c\udfb3 <strong>Bei unserem Turnier bieten wir eine Rundum-Betreuung von der Ankunft bis zur Abreise<\/strong>, damit jedes Team ein reibungsloses und unvergessliches Turniererlebnis genie\u00dfen kann.<\/p>\n<p><strong>Der Preis beinhaltet keine Krankenversicherung.<\/strong><\/p>\n<p>Wenn Ihr Fan die ganze Zeit bei der Mannschaft bleibt, betrachten wir ihn\/sie als vollwertigen Teilnehmer, einschlie\u00dflich des Preises.<br \/>\n<img loading=\"lazy\" decoding=\"async\" class=\"alignnone size-full wp-image-17955\" src=\"http:\/\/bowling.praguesbarrel.eu\/wp-content\/uploads\/2025\/09\/Navrh-bez-nazvu-1.jpg\" alt=\"bowling trophy\" width=\"1000\" height=\"500\" srcset=\"https:\/\/bowling.praguesbarrel.eu\/wp-content\/uploads\/2025\/09\/Navrh-bez-nazvu-1.jpg 1000w, https:\/\/bowling.praguesbarrel.eu\/wp-content\/uploads\/2025\/09\/Navrh-bez-nazvu-1-300x150.jpg 300w, https:\/\/bowling.praguesbarrel.eu\/wp-content\/uploads\/2025\/09\/Navrh-bez-nazvu-1-768x384.jpg 768w\" sizes=\"auto, (max-width: 1000px) 100vw, 1000px\" \/><\/p>\n<h2>Weitere Informationen<\/h2>\n<div style=\"max-width: 100%; overflow: auto;\">\n<p>Jedes Team muss eine Vorauszahlung in H\u00f6he von 200 \u20ac leisten. Diese muss bis M\u00e4rz 2026 bezahlt werden. Die Kaution wird nach dem Check-out auf Ihr Konto zur\u00fcck\u00fcberwiesen oder von der Restzahlung abgezogen.<\/p>\n<ul>\n<li>Name der Bank: Revolut Bank UAB<\/li>\n<li>SWIFT \/ BIC-Code: REVOLT21<\/li>\n<li>Anschrift der Bank: Konstitucijos ave. 21B, 08130, Vilnius, Lithuania<\/li>\n<li>Name des Beg\u00fcnstigten: Martin Zizka<\/li>\n<li>BIC correspondent: CHASDEFX<\/li>\n<li>IBAN: LT80 3250 0812 6255 4796<\/li>\n<\/ul>\n<p><span style=\"font-weight: 400;\">Die Zahlung per Bank\u00fcberweisung ist nur mehr als 14 Tage vor dem Turnier m\u00f6glich.<\/span><\/p>\n<p>Anm. des Veranstalters \u2013 das Turnier ist f\u00fcr kleine Kinder nicht geeignet.<\/p>\n<style>#sp-ea-18270 .spcollapsing { height: 0; overflow: hidden; transition-property: height;transition-duration: 300ms;}#sp-ea-18270.sp-easy-accordion>.sp-ea-single {margin-bottom: 10px; border: 1px solid #e2e2e2; }#sp-ea-18270.sp-easy-accordion>.sp-ea-single>.ea-header a {color: #444;}#sp-ea-18270.sp-easy-accordion>.sp-ea-single>.sp-collapse>.ea-body {background: #fff; color: #444;}#sp-ea-18270.sp-easy-accordion>.sp-ea-single {background: #eee;}#sp-ea-18270.sp-easy-accordion>.sp-ea-single>.ea-header a .ea-expand-icon { float: left; color: #444;font-size: 16px;}<\/style><div id=\"sp_easy_accordion-1765309082\"><div id=\"sp-ea-18270\" class=\"sp-ea-one sp-easy-accordion\" data-ea-active=\"ea-click\" data-ea-mode=\"vertical\" data-preloader=\"\" data-scroll-active-item=\"\" data-offset-to-scroll=\"0\"><div class=\"ea-card ea-expand sp-ea-single\"><h3 class=\"ea-header\"><a class=\"collapsed\" id=\"ea-header-182700\" role=\"button\" data-sptoggle=\"spcollapse\" data-sptarget=\"#collapse182700\" aria-controls=\"collapse182700\" href=\"#\" aria-expanded=\"true\" tabindex=\"0\"><i aria-hidden=\"true\" role=\"presentation\" class=\"ea-expand-icon eap-icon-ea-expand-minus\"><\/i> Erm\u00e4\u00dfigungen<\/a><\/h3><div class=\"sp-collapse spcollapse collapsed show\" id=\"collapse182700\" data-parent=\"#sp-ea-18270\" role=\"region\" aria-labelledby=\"ea-header-182700\"> <div class=\"ea-body\"><ul><li>Leiter einerGruppe von 21 Leuten und mehr - 50%<\/li><li>Leiter einer Gruppe von 35 Leuten und mehr - KOSTENLOS<\/li><li>Nicht spielenderBusfahrer - kostenlos<\/li><li><span style=\"font-weight: 400\"><strong>TREUERABATT:<\/strong> Teams, die zum vierten Mal oder \u00f6fter am Bowlingturnier teilnehmen, erhalten einen Rabatt von 20 \u20ac pro Person.<\/span><\/li><\/ul><p>*Die Rabatte addieren sich nicht.<\/p><\/div><\/div><\/div><div class=\"ea-card sp-ea-single\"><h3 class=\"ea-header\"><a class=\"collapsed\" id=\"ea-header-182701\" role=\"button\" data-sptoggle=\"spcollapse\" data-sptarget=\"#collapse182701\" aria-controls=\"collapse182701\" href=\"#\" aria-expanded=\"false\" tabindex=\"0\"><i aria-hidden=\"true\" role=\"presentation\" class=\"ea-expand-icon eap-icon-ea-expand-plus\"><\/i> Stornogeb\u00fchren<\/a><\/h3><div class=\"sp-collapse spcollapse \" id=\"collapse182701\" data-parent=\"#sp-ea-18270\" role=\"region\" aria-labelledby=\"ea-header-182701\"> <div class=\"ea-body\"><ul><li>mehr als 90 Tage vor dem Turnier \u2013 0 %<\/li><li>im Zeitraum 90 Tage bis 50 Tage vor dem Turnier \u2013 50 % des Vorschusses<\/li><li>weniger als 50 Tage vor dem Turnier \u2013 100 % des Vorschusses<\/li><\/ul><\/div><\/div><\/div><\/div><\/div>\n<\/div>\n","protected":false},"excerpt":{"rendered":"<p>Damit Ihr Prag-Abenteuer so unbeschwert und unterhaltsam wie m\u00f6glich wird, haben wir alles, was Sie brauchen, in einem einfachen Paket zusammengefasst. Ob Ihre Gruppe nun eine budgetfreundliche L\u00f6sung oder eine gehobene Ausstattung bevorzugt, unsere Paketpreise reichen von 440 \u20ac bis 750 \u20ac \u2013 die einzige Variable ist das von Ihnen gew\u00e4hlte Hotel. Der Preis ist&#8230;<\/p>\n","protected":false},"author":4,"featured_media":0,"parent":0,"menu_order":1,"comment_status":"closed","ping_status":"closed","template":"","meta":{"footnotes":""},"class_list":["post-18326","page","type-page","status-publish","hentry"],"_links":{"self":[{"href":"https:\/\/bowling.praguesbarrel.eu\/de\/wp-json\/wp\/v2\/pages\/18326","targetHints":{"allow":["GET"]}}],"collection":[{"href":"https:\/\/bowling.praguesbarrel.eu\/de\/wp-json\/wp\/v2\/pages"}],"about":[{"href":"https:\/\/bowling.praguesbarrel.eu\/de\/wp-json\/wp\/v2\/types\/page"}],"author":[{"embeddable":true,"href":"https:\/\/bowling.praguesbarrel.eu\/de\/wp-json\/wp\/v2\/users\/4"}],"replies":[{"embeddable":true,"href":"https:\/\/bowling.praguesbarrel.eu\/de\/wp-json\/wp\/v2\/comments?post=18326"}],"version-history":[{"count":3,"href":"https:\/\/bowling.praguesbarrel.eu\/de\/wp-json\/wp\/v2\/pages\/18326\/revisions"}],"predecessor-version":[{"id":18367,"href":"https:\/\/bowling.praguesbarrel.eu\/de\/wp-json\/wp\/v2\/pages\/18326\/revisions\/18367"}],"wp:attachment":[{"href":"https:\/\/bowling.praguesbarrel.eu\/de\/wp-json\/wp\/v2\/media?parent=18326"}],"curies":[{"name":"wp","href":"https:\/\/api.w.org\/{rel}","templated":true}]}}