{"id":18314,"date":"2026-01-07T22:56:37","date_gmt":"2026-01-07T21:56:37","guid":{"rendered":"https:\/\/bowling.praguesbarrel.eu\/?page_id=18314"},"modified":"2026-01-07T22:56:37","modified_gmt":"2026-01-07T21:56:37","slug":"faq","status":"publish","type":"page","link":"https:\/\/bowling.praguesbarrel.eu\/de\/faq\/","title":{"rendered":"FAQ"},"content":{"rendered":"<h3>WILLKOMMEN IM FAQ-BEREICH DES PRAGER BARREL-BOWLINGTURNIER!<\/h3>\n<p>Egal, ob Sie ein Spieler sind, der unbedingt die Linie betreten m\u00f6chte, oder ein treuer Fan, der Ihr Team anfeuern m\u00f6chte, bei uns sind Sie genau richtig! Unser FAQ-Bereich soll Ihnen dabei helfen, reibungslos durch das Turnier zu navigieren und Ihnen alle wichtigen Informationen und Antworten auf Ihre dringendsten Fragen zu liefern.<\/p>\n<p>Hier decken wir alles ab, von Buchungsdetails, Turnierpl\u00e4nen, Informationen zum Veranstaltungsort und vielem mehr. Unser Ziel ist es, sicherzustellen, dass Ihr Erlebnis im Prague&#8217;s Barrel nicht nur aufregend, sondern auch so stressfrei wie m\u00f6glich ist.<\/p>\n<p><strong>K\u00f6nnen Sie nicht finden, was Sie suchen?<\/strong> Keine Sorge! Wir sind hier um zu helfen. Wenn Ihre Frage in unseren FAQ nicht beantwortet wird, k\u00f6nnen Sie sich gerne direkt an uns wenden, um individuelle Unterst\u00fctzung zu erhalten.<\/p>\n<style>#sp-ea-17467 .spcollapsing { height: 0; overflow: hidden; transition-property: height;transition-duration: 300ms;}#sp-ea-17467.sp-easy-accordion>.sp-ea-single {margin-bottom: 10px; border: 1px solid #e2e2e2; }#sp-ea-17467.sp-easy-accordion>.sp-ea-single>.ea-header a {color: #444;}#sp-ea-17467.sp-easy-accordion>.sp-ea-single>.sp-collapse>.ea-body {background: #fff; color: #444;}#sp-ea-17467.sp-easy-accordion>.sp-ea-single {background: #eee;}#sp-ea-17467.sp-easy-accordion>.sp-ea-single>.ea-header a .ea-expand-icon { float: left; color: #444;font-size: 16px;}<\/style><div id=\"sp_easy_accordion-1709625495\"><div id=\"sp-ea-17467\" class=\"sp-ea-one sp-easy-accordion\" data-ea-active=\"ea-click\" data-ea-mode=\"vertical\" data-preloader=\"\" data-scroll-active-item=\"\" data-offset-to-scroll=\"0\"><div class=\"ea-card ea-expand sp-ea-single\"><h3 class=\"ea-header\"><a class=\"collapsed\" id=\"ea-header-174670\" role=\"button\" data-sptoggle=\"spcollapse\" data-sptarget=\"#collapse174670\" aria-controls=\"collapse174670\" href=\"#\" aria-expanded=\"true\" tabindex=\"0\"><i aria-hidden=\"true\" role=\"presentation\" class=\"ea-expand-icon eap-icon-ea-expand-minus\"><\/i> Wie hoch ist der Preis f\u00fcr das Turnier?<\/a><\/h3><div class=\"sp-collapse spcollapse collapsed show\" id=\"collapse174670\" data-parent=\"#sp-ea-17467\" role=\"region\" aria-labelledby=\"ea-header-174670\"> <div class=\"ea-body\"><p><a href=\"https:\/\/bowling.praguesbarrel.eu\/de\/preis\/\">Der Preis<\/a> variiert je nach Art der <a href=\"https:\/\/bowling.praguesbarrel.eu\/de\/preis\/unterkunftsmoeglichkeiten\/\">Unterkunft<\/a> (3 bis 5-Sterne-Hotels im Stadtzentrum oder in der N\u00e4he), die Sie auf unserer Website ausw\u00e4hlen k\u00f6nnen. Der Preis ist pro Person und beinhaltet:<\/p><ul><li>Unterkunft<\/li><li>Bustransfers zu allen mit dem Turnier verbundenen Aktivit\u00e4ten<\/li><li>Nutzung der Bowlingbahnen<\/li><li>Organisation des Bowlingturniers<\/li><li>Nette Betreuung w\u00e4hrend des ganzen Aufenthalts (f\u00fcr Gruppen \u00fcber 10 Teilnehmer)<\/li><li>Vollpension<\/li><li>Freibier bei allen offiziellen Veranstaltungen w\u00e4hrend des Turniers<\/li><li>Dampferfahrt auf der Moldau mit Abendessen<\/li><li>Begleitprogramm f\u00fcr die nicht spielenden Teilnehmer (f\u00fcr Gruppen \u00fcber 30 Teilnehmer)<\/li><li>Souvenirs f\u00fcr jeden Teilnehmer<\/li><\/ul><p>Versicherung des Teilnehmers ist im Preis nicht enthalten.<\/p><\/div><\/div><\/div><div class=\"ea-card sp-ea-single\"><h3 class=\"ea-header\"><a class=\"collapsed\" id=\"ea-header-174671\" role=\"button\" data-sptoggle=\"spcollapse\" data-sptarget=\"#collapse174671\" aria-controls=\"collapse174671\" href=\"#\" aria-expanded=\"false\" tabindex=\"0\"><i aria-hidden=\"true\" role=\"presentation\" class=\"ea-expand-icon eap-icon-ea-expand-plus\"><\/i> Ist der Preis pro Mannschaft, Zimmer oder Person?<\/a><\/h3><div class=\"sp-collapse spcollapse \" id=\"collapse174671\" data-parent=\"#sp-ea-17467\" role=\"region\" aria-labelledby=\"ea-header-174671\"> <div class=\"ea-body\"><p>Alle angegebenen Preise sind pro Person.<\/p><\/div><\/div><\/div><div class=\"ea-card sp-ea-single\"><h3 class=\"ea-header\"><a class=\"collapsed\" id=\"ea-header-174672\" role=\"button\" data-sptoggle=\"spcollapse\" data-sptarget=\"#collapse174672\" aria-controls=\"collapse174672\" href=\"#\" aria-expanded=\"false\" tabindex=\"0\"><i aria-hidden=\"true\" role=\"presentation\" class=\"ea-expand-icon eap-icon-ea-expand-plus\"><\/i> Wie viele Spiele werden wir w\u00e4hrend des Turniers spielen?<\/a><\/h3><div class=\"sp-collapse spcollapse \" id=\"collapse174672\" data-parent=\"#sp-ea-17467\" role=\"region\" aria-labelledby=\"ea-header-174672\"> <div class=\"ea-body\"><p>Das h\u00e4ngt vom System ab, aber in der Regel spielt man mindestens 3 Partien pro Tag (Freitag und Samstag). Selbst wenn man am ersten Tag alles verliert, spielt man immer noch um das Endergebnis und erh\u00e4lt bei der Abschlussfeier am Samstag einen Preis.<\/p><\/div><\/div><\/div><div class=\"ea-card sp-ea-single\"><h3 class=\"ea-header\"><a class=\"collapsed\" id=\"ea-header-174673\" role=\"button\" data-sptoggle=\"spcollapse\" data-sptarget=\"#collapse174673\" aria-controls=\"collapse174673\" href=\"#\" aria-expanded=\"false\" tabindex=\"0\"><i aria-hidden=\"true\" role=\"presentation\" class=\"ea-expand-icon eap-icon-ea-expand-plus\"><\/i> Gibt es wirklich \u00fcberall Freibier?<\/a><\/h3><div class=\"sp-collapse spcollapse \" id=\"collapse174673\" data-parent=\"#sp-ea-17467\" role=\"region\" aria-labelledby=\"ea-header-174673\"> <div class=\"ea-body\"><p>W\u00e4hrend der offiziellen Turnieraktivit\u00e4ten ja. Wir begr\u00fc\u00dfen Sie mit einem frischen Bier am Flughafen, und beim Begr\u00fc\u00dfungsabendessen gibt es Bier vom Fass. An der Sportanlage und w\u00e4hrend der Bootsfahrt gibt es die ganze Zeit Bier. Das gilt auch f\u00fcr die Abschlussfeier am Samstag. Wir schenken verschiedene tschechische Biersorten aus, so dass Sie verschiedene Marken ausprobieren k\u00f6nnen.<\/p><\/div><\/div><\/div><div class=\"ea-card sp-ea-single\"><h3 class=\"ea-header\"><a class=\"collapsed\" id=\"ea-header-174674\" role=\"button\" data-sptoggle=\"spcollapse\" data-sptarget=\"#collapse174674\" aria-controls=\"collapse174674\" href=\"#\" aria-expanded=\"false\" tabindex=\"0\"><i aria-hidden=\"true\" role=\"presentation\" class=\"ea-expand-icon eap-icon-ea-expand-plus\"><\/i> Wo muss ich die Unterkunft buchen?<\/a><\/h3><div class=\"sp-collapse spcollapse \" id=\"collapse174674\" data-parent=\"#sp-ea-17467\" role=\"region\" aria-labelledby=\"ea-header-174674\"> <div class=\"ea-body\"><p>Das brauchen Sie nicht, sagen Sie Ihrer Bierfee einfach das gew\u00fcnschte Hotel und die Art der Zimmer, die Sie ben\u00f6tigen, und sie k\u00fcmmert sich darum!<\/p><\/div><\/div><\/div><div class=\"ea-card sp-ea-single\"><h3 class=\"ea-header\"><a class=\"collapsed\" id=\"ea-header-174675\" role=\"button\" data-sptoggle=\"spcollapse\" data-sptarget=\"#collapse174675\" aria-controls=\"collapse174675\" href=\"#\" aria-expanded=\"false\" tabindex=\"0\"><i aria-hidden=\"true\" role=\"presentation\" class=\"ea-expand-icon eap-icon-ea-expand-plus\"><\/i> Kann ich fr\u00fcher ankommen oder sp\u00e4ter abreisen?<\/a><\/h3><div class=\"sp-collapse spcollapse \" id=\"collapse174675\" data-parent=\"#sp-ea-17467\" role=\"region\" aria-labelledby=\"ea-header-174675\"> <div class=\"ea-body\"><p>Wollen sie mehr Tage in der Stadt verbringen? Kein Problem! Bitten Sie einfach Ihre Bierfee, Ihren Aufenthalt zu verl\u00e4ngern. Der Preis f\u00fcr jede zus\u00e4tzliche Nacht ist in der Preisliste angegeben.<\/p><\/div><\/div><\/div><div class=\"ea-card sp-ea-single\"><h3 class=\"ea-header\"><a class=\"collapsed\" id=\"ea-header-174676\" role=\"button\" data-sptoggle=\"spcollapse\" data-sptarget=\"#collapse174676\" aria-controls=\"collapse174676\" href=\"#\" aria-expanded=\"false\" tabindex=\"0\"><i aria-hidden=\"true\" role=\"presentation\" class=\"ea-expand-icon eap-icon-ea-expand-plus\"><\/i> Kann uns jemand vom Flughafen\/Bahnhof abholen?<\/a><\/h3><div class=\"sp-collapse spcollapse \" id=\"collapse174676\" data-parent=\"#sp-ea-17467\" role=\"region\" aria-labelledby=\"ea-header-174676\"> <div class=\"ea-body\"><p>Nat\u00fcrlich ist im Preis des Turniers auch der Transport vom und zum Flughafen\/Bahnhof\/Busbahnhof f\u00fcr den gr\u00f6\u00dften Teil der Gruppe enthalten. Wenn sich Ihre Mannschaft also in zwei Teile aufgeteilt, k\u00f6nnen wir auch f\u00fcr die zweite Gruppe einen Transport bestellen, allerdings gegen eine zus\u00e4tzliche Geb\u00fchr.<\/p><\/div><\/div><\/div><div class=\"ea-card sp-ea-single\"><h3 class=\"ea-header\"><a class=\"collapsed\" id=\"ea-header-174677\" role=\"button\" data-sptoggle=\"spcollapse\" data-sptarget=\"#collapse174677\" aria-controls=\"collapse174677\" href=\"#\" aria-expanded=\"false\" tabindex=\"0\"><i aria-hidden=\"true\" role=\"presentation\" class=\"ea-expand-icon eap-icon-ea-expand-plus\"><\/i> Wo befindet sich das Bowlingcenter und wie komme ich dorthin?<\/a><\/h3><div class=\"sp-collapse spcollapse \" id=\"collapse174677\" data-parent=\"#sp-ea-17467\" role=\"region\" aria-labelledby=\"ea-header-174677\"> <div class=\"ea-body\"><p>Wir haben mehrere M\u00f6glichkeiten, wo man spielen kann - Xbowling \u017di\u017ekov, Xbowling Stra\u0161nice, Xbowling DUO oder Bowling Celnice, es h\u00e4ngt von der Anzahl der Teams und dem System ab, das ihr bei der Auslosung am Donnerstag erfahren werdet. F\u00fcr Ihren maximalen Komfort organisieren wir einen Shuttle-Service zwischen eurem Hotel und dem Bowlingcenter \ud83d\ude42 Seien Sie einfach im richtigen Moment an Ihrem Abholpunkt bereit. Den Zeitplan f\u00fcr deine Abholung finden Sie auf der Tafel, im WhatsApp-Kanal oder Sie fragen einfach Ihre Gastgeberin.<\/p><\/div><\/div><\/div><div class=\"ea-card sp-ea-single\"><h3 class=\"ea-header\"><a class=\"collapsed\" id=\"ea-header-174678\" role=\"button\" data-sptoggle=\"spcollapse\" data-sptarget=\"#collapse174678\" aria-controls=\"collapse174678\" href=\"#\" aria-expanded=\"false\" tabindex=\"0\"><i aria-hidden=\"true\" role=\"presentation\" class=\"ea-expand-icon eap-icon-ea-expand-plus\"><\/i> Wie kommen wir zum Abendprogramm?<\/a><\/h3><div class=\"sp-collapse spcollapse \" id=\"collapse174678\" data-parent=\"#sp-ea-17467\" role=\"region\" aria-labelledby=\"ea-header-174678\"> <div class=\"ea-body\"><p>Das erste Abendessen findet im Jugendstil-Restaurant Obecn\u00ed d\u016fm statt, das sich im Stadtzentrum befindet, so dass alle, die in den Hotels im Zentrum wohnen, leicht dorthin laufen k\u00f6nnen. Teams in den Hotels au\u00dferhalb des Stadtzentrums, werden wir Tickets f\u00fcr die \u00f6ffentlichen Verkehrsmittel zur Verf\u00fcgung stellen. Das Gleiche gilt f\u00fcr das Boot. Die Abschlussfeier ist etwas weiter entfernt, daher haben wir eine eigene Stra\u00dfenbahn, die von den Bahnh\u00f6fen in der N\u00e4he der Hotels zum Club, wo die Abschlussfeier stattfindet, f\u00e4hrt.<\/p><\/div><\/div><\/div><div class=\"ea-card sp-ea-single\"><h3 class=\"ea-header\"><a class=\"collapsed\" id=\"ea-header-174679\" role=\"button\" data-sptoggle=\"spcollapse\" data-sptarget=\"#collapse174679\" aria-controls=\"collapse174679\" href=\"#\" aria-expanded=\"false\" tabindex=\"0\"><i aria-hidden=\"true\" role=\"presentation\" class=\"ea-expand-icon eap-icon-ea-expand-plus\"><\/i> Kann ich eine Erm\u00e4\u00dfigung bekommen?<\/a><\/h3><div class=\"sp-collapse spcollapse \" id=\"collapse174679\" data-parent=\"#sp-ea-17467\" role=\"region\" aria-labelledby=\"ea-header-174679\"> <div class=\"ea-body\"><p>Ja - wenn Sie Teil der Prague's Barrel-Familie sind (ab der 4. Teilnahme), erh\u00e4lt jedes Mitglied deines Teams 20\u20ac Rabatt. Wenn Sie Kapit\u00e4n eines gro\u00dfen Teams mit 21+ Teilnehmern sind, bekommen Sie einen Rabatt von 50 %. Wenn Sie ein Superkapit\u00e4n sind, der mit 35+ Jungs gleichzeitig jongliert, werden Sie unser Ehrengast \ud83d\ude42 Beachten Sie jedoch, dass die Rabatte nicht kumulierbar sind.<\/p><\/div><\/div><\/div><div class=\"ea-card sp-ea-single\"><h3 class=\"ea-header\"><a class=\"collapsed\" id=\"ea-header-1746710\" role=\"button\" data-sptoggle=\"spcollapse\" data-sptarget=\"#collapse1746710\" aria-controls=\"collapse1746710\" href=\"#\" aria-expanded=\"false\" tabindex=\"0\"><i aria-hidden=\"true\" role=\"presentation\" class=\"ea-expand-icon eap-icon-ea-expand-plus\"><\/i> Wo finde ich Informationen zu dem Turnier, f\u00fcr das ich mich angemeldet habe?<\/a><\/h3><div class=\"sp-collapse spcollapse \" id=\"collapse1746710\" data-parent=\"#sp-ea-17467\" role=\"region\" aria-labelledby=\"ea-header-1746710\"> <div class=\"ea-body\"><p>Sie k\u00f6nnen die Liste <a href=\"https:\/\/bowling.praguesbarrel.eu\/enrolled-teams\/\">der angemeldeten Teams<\/a> jederzeit auf unserer Website einsehen. Wir senden den Mannschaftsf\u00fchrern 14 Tage vor dem Turnier ein detailliertes Bulletin zu. Sie k\u00f6nnen es auch auf unserer <a href=\"https:\/\/bowling.praguesbarrel.eu\/bulletin\/\">Website finden<\/a>. W\u00e4hrend des Turniers finden Sie Informationen auf unserer <a href=\"https:\/\/bowling.praguesbarrel.eu\/bulletin\/\">Website<\/a>, in den sozialen Medien (<a href=\"https:\/\/www.instagram.com\/praguesbarrel\/\">Instagram<\/a>, <a href=\"https:\/\/www.facebook.com\/PraguesBarrelTournaments\">Facebook<\/a>) oder im eigens f\u00fcr das Turnier eingerichteten WhatsApp-Kanal. Nat\u00fcrlich ist auch alles auf der Tafel am Spielfeld, w\u00e4hrend des Abendprogramms und nat\u00fcrlich wei\u00df auch deine Teambetreuerin alles \ud83d\ude42<\/p><\/div><\/div><\/div><div class=\"ea-card sp-ea-single\"><h3 class=\"ea-header\"><a class=\"collapsed\" id=\"ea-header-1746711\" role=\"button\" data-sptoggle=\"spcollapse\" data-sptarget=\"#collapse1746711\" aria-controls=\"collapse1746711\" href=\"#\" aria-expanded=\"false\" tabindex=\"0\"><i aria-hidden=\"true\" role=\"presentation\" class=\"ea-expand-icon eap-icon-ea-expand-plus\"><\/i> Kann ich mir meine Unterkunft selbst aussuchen, wenn ich mich nicht f\u00fcr eine von euch entscheide?<\/a><\/h3><div class=\"sp-collapse spcollapse \" id=\"collapse1746711\" data-parent=\"#sp-ea-17467\" role=\"region\" aria-labelledby=\"ea-header-1746711\"> <div class=\"ea-body\"><p>Ja, das ist m\u00f6glich. In diesem Fall zahlen Sie einen niedrigeren Preis f\u00fcr das Turnier, die Mahlzeiten, den Transport usw. Bitte erkundigen Sie sich bei Ihrer Bierfee nach dem aktuellen Preis. Bitte achten Sie darauf, dass sich Ihre Unterkunft in der N\u00e4he unserer Hop-on-Spots befindet, damit Sie nicht auf die M\u00f6glichkeit verzichten m\u00fcssen, unser Shuttle zwischen Hotel und Sportst\u00e4tte zu nutzen.<\/p><\/div><\/div><\/div><div class=\"ea-card sp-ea-single\"><h3 class=\"ea-header\"><a class=\"collapsed\" id=\"ea-header-1746712\" role=\"button\" data-sptoggle=\"spcollapse\" data-sptarget=\"#collapse1746712\" aria-controls=\"collapse1746712\" href=\"#\" aria-expanded=\"false\" tabindex=\"0\"><i aria-hidden=\"true\" role=\"presentation\" class=\"ea-expand-icon eap-icon-ea-expand-plus\"><\/i> Wird die Kaution zur\u00fcckerstattet?<\/a><\/h3><div class=\"sp-collapse spcollapse \" id=\"collapse1746712\" data-parent=\"#sp-ea-17467\" role=\"region\" aria-labelledby=\"ea-header-1746712\"> <div class=\"ea-body\"><p>Um die Anmeldung Ihres Teams f\u00fcr das Turnier zu best\u00e4tigen, \u00fcberweisen Sie 200 EUR Kaution auf unser Konto. Dann zahlen Sie den Gesamtpreis f\u00fcr alle Spieler. Wir behalten die Kaution w\u00e4hrend des Turniers f\u00fcr den Fall, dass etwas passiert, und wenn alles in Ordnung ist, \u00fcberweisen wir sie nach Ende des Turniers zur\u00fcck auf Ihr Konto.<\/p><\/div><\/div><\/div><div class=\"ea-card sp-ea-single\"><h3 class=\"ea-header\"><a class=\"collapsed\" id=\"ea-header-1746713\" role=\"button\" data-sptoggle=\"spcollapse\" data-sptarget=\"#collapse1746713\" aria-controls=\"collapse1746713\" href=\"#\" aria-expanded=\"false\" tabindex=\"0\"><i aria-hidden=\"true\" role=\"presentation\" class=\"ea-expand-icon eap-icon-ea-expand-plus\"><\/i> Was passiert, wenn ich meine Teilnahme absage?<\/a><\/h3><div class=\"sp-collapse spcollapse \" id=\"collapse1746713\" data-parent=\"#sp-ea-17467\" role=\"region\" aria-labelledby=\"ea-header-1746713\"> <div class=\"ea-body\"><p>Es kann vorkommen, dass sich nicht gen\u00fcgend Spieler finden oder diese verletzt sind. Bitte informieren Sie uns in diesem Fall so schnell wie m\u00f6glich. Dann werden wir die Zahlung entsprechend unserer Stornierungsbedingungen vornehmen:<\/p><ul><li>mehr als 90 Tage vor dem Turnier \u2013 0 %<\/li><li>im Zeitraum 90 Tage bis 50 Tage vor dem Turnier \u2013 50 % des Vorschusses<\/li><li>weniger als 50 Tage vor dem Turnier \u2013 100 % des Vorschusses<\/li><\/ul><\/div><\/div><\/div><\/div><\/div>\n","protected":false},"excerpt":{"rendered":"<p>WILLKOMMEN IM FAQ-BEREICH DES PRAGER BARREL-BOWLINGTURNIER! Egal, ob Sie ein Spieler sind, der unbedingt die Linie betreten m\u00f6chte, oder ein treuer Fan, der Ihr Team anfeuern m\u00f6chte, bei uns sind Sie genau richtig! Unser FAQ-Bereich soll Ihnen dabei helfen, reibungslos durch das Turnier zu navigieren und Ihnen alle wichtigen Informationen und Antworten auf Ihre dringendsten&#8230;<\/p>\n","protected":false},"author":4,"featured_media":0,"parent":0,"menu_order":0,"comment_status":"closed","ping_status":"closed","template":"","meta":{"footnotes":""},"class_list":["post-18314","page","type-page","status-publish","hentry"],"_links":{"self":[{"href":"https:\/\/bowling.praguesbarrel.eu\/de\/wp-json\/wp\/v2\/pages\/18314","targetHints":{"allow":["GET"]}}],"collection":[{"href":"https:\/\/bowling.praguesbarrel.eu\/de\/wp-json\/wp\/v2\/pages"}],"about":[{"href":"https:\/\/bowling.praguesbarrel.eu\/de\/wp-json\/wp\/v2\/types\/page"}],"author":[{"embeddable":true,"href":"https:\/\/bowling.praguesbarrel.eu\/de\/wp-json\/wp\/v2\/users\/4"}],"replies":[{"embeddable":true,"href":"https:\/\/bowling.praguesbarrel.eu\/de\/wp-json\/wp\/v2\/comments?post=18314"}],"version-history":[{"count":1,"href":"https:\/\/bowling.praguesbarrel.eu\/de\/wp-json\/wp\/v2\/pages\/18314\/revisions"}],"predecessor-version":[{"id":18315,"href":"https:\/\/bowling.praguesbarrel.eu\/de\/wp-json\/wp\/v2\/pages\/18314\/revisions\/18315"}],"wp:attachment":[{"href":"https:\/\/bowling.praguesbarrel.eu\/de\/wp-json\/wp\/v2\/media?parent=18314"}],"curies":[{"name":"wp","href":"https:\/\/api.w.org\/{rel}","templated":true}]}}