{"id":1280,"date":"2016-09-30T22:02:50","date_gmt":"2016-09-30T21:02:50","guid":{"rendered":"http:\/\/bowling.praguesbarrel.eu\/de\/thank-you\/"},"modified":"2026-01-18T20:50:50","modified_gmt":"2026-01-18T19:50:50","slug":"thank-you","status":"publish","type":"page","link":"https:\/\/bowling.praguesbarrel.eu\/de\/thank-you\/","title":{"rendered":"Thank you"},"content":{"rendered":"<p style=\"text-align: left;\">Thank you<\/p>\n<p style=\"text-align: left;\">EN: The advance payment (200 eur\/team) must be paid until the end of March..<\/p>\n<p style=\"text-align: left;\">RU: \u0410\u0432\u0430\u043d\u0441\u043e\u0432\u044b\u0439 \u043f\u043b\u0430\u0442\u0435\u0436 (200 \u0435\u0432\u0440\u043e \u043d\u0430 \u043a\u043e\u043c\u0430\u043d\u0434\u0443) \u0434\u043e\u043b\u0436\u0435\u043d \u0431\u044b\u0442\u044c \u0432\u043d\u0435\u0441\u0435\u043d \u0434\u043e \u043a\u043e\u043d\u0446\u0430 \u043c\u0430\u0440\u0442\u0430&#8230;<\/p>\n<p style=\"text-align: left;\">DE:\u00a0<span style=\"text-align: center;\">Die Vorauszahlung (200 eur\/Team) muss bis Ende M\u00e4rz geleistet werden.<\/span><\/p>\n<p style=\"text-align: left;\">FR: L&#8217;acompte (200 eur\/\u00e9quipe) doit \u00eatre pay\u00e9 jusqu&#8217;\u00e0 la fin du mois de mars .<\/p>\n<p style=\"text-align: left;\">IT: L&#8217;anticipo (200 eur\/squadra) deve essere versato entro la fine di marzo.<\/p>\n<p style=\"text-align: left;\"><strong>Account details:<\/strong><\/p>\n<ul>\n<li style=\"text-align: left;\">Name: Martin Zizka<\/li>\n<li style=\"text-align: left;\">IBAN: LT80 3250 0812 6255 4796<\/li>\n<li style=\"text-align: left;\">BIC \/ SWIFT code: REVOLT21<\/li>\n<li style=\"text-align: left;\">Bank name: Revolut Bank UAB<\/li>\n<li style=\"text-align: left;\">Bank address: Konstitucijos ave. 21B, 08130, Vilnius, Lithuania<\/li>\n<li style=\"text-align: left;\">BIC correspondent: CHASDEFX<\/li>\n<\/ul>\n","protected":false},"excerpt":{"rendered":"<p>Thank you EN: The advance payment (200 eur\/team) must be paid until the end of March.. RU: \u0410\u0432\u0430\u043d\u0441\u043e\u0432\u044b\u0439 \u043f\u043b\u0430\u0442\u0435\u0436 (200 \u0435\u0432\u0440\u043e \u043d\u0430 \u043a\u043e\u043c\u0430\u043d\u0434\u0443) \u0434\u043e\u043b\u0436\u0435\u043d \u0431\u044b\u0442\u044c \u0432\u043d\u0435\u0441\u0435\u043d \u0434\u043e \u043a\u043e\u043d\u0446\u0430 \u043c\u0430\u0440\u0442\u0430&#8230; DE:\u00a0Die Vorauszahlung (200 eur\/Team) muss bis Ende M\u00e4rz geleistet werden. FR: L&#8217;acompte (200 eur\/\u00e9quipe) doit \u00eatre pay\u00e9 jusqu&#8217;\u00e0 la fin du mois de mars . IT:&#8230;<\/p>\n","protected":false},"author":4,"featured_media":0,"parent":0,"menu_order":0,"comment_status":"closed","ping_status":"closed","template":"","meta":{"footnotes":""},"class_list":["post-1280","page","type-page","status-publish","hentry"],"_links":{"self":[{"href":"https:\/\/bowling.praguesbarrel.eu\/de\/wp-json\/wp\/v2\/pages\/1280","targetHints":{"allow":["GET"]}}],"collection":[{"href":"https:\/\/bowling.praguesbarrel.eu\/de\/wp-json\/wp\/v2\/pages"}],"about":[{"href":"https:\/\/bowling.praguesbarrel.eu\/de\/wp-json\/wp\/v2\/types\/page"}],"author":[{"embeddable":true,"href":"https:\/\/bowling.praguesbarrel.eu\/de\/wp-json\/wp\/v2\/users\/4"}],"replies":[{"embeddable":true,"href":"https:\/\/bowling.praguesbarrel.eu\/de\/wp-json\/wp\/v2\/comments?post=1280"}],"version-history":[{"count":8,"href":"https:\/\/bowling.praguesbarrel.eu\/de\/wp-json\/wp\/v2\/pages\/1280\/revisions"}],"predecessor-version":[{"id":18357,"href":"https:\/\/bowling.praguesbarrel.eu\/de\/wp-json\/wp\/v2\/pages\/1280\/revisions\/18357"}],"wp:attachment":[{"href":"https:\/\/bowling.praguesbarrel.eu\/de\/wp-json\/wp\/v2\/media?parent=1280"}],"curies":[{"name":"wp","href":"https:\/\/api.w.org\/{rel}","templated":true}]}}