{"id":127,"date":"2016-09-08T05:16:07","date_gmt":"2016-09-08T04:16:07","guid":{"rendered":"http:\/\/bowling.praguesbarrel.eu\/de\/?page_id=127"},"modified":"2025-12-09T20:23:56","modified_gmt":"2025-12-09T19:23:56","slug":"turnier","status":"publish","type":"page","link":"https:\/\/bowling.praguesbarrel.eu\/de\/turnier\/","title":{"rendered":"Turnier"},"content":{"rendered":"<p><strong>Das Prague\u2019s Barrel Bowlingturnier<\/strong> ist eine j\u00e4hrliche internationale Amateurveranstaltung, bei der die einzige Voraussetzung die Liebe zum Spa\u00df ist. Ganz gleich, ob Ihr Team aus erfahrenen \u201eBowling-Genies\u201c oder absoluten Neulingen besteht, jeder ist herzlich eingeladen, ein paar Frames zu spielen und vier unvergessliche Tage in einer der sch\u00f6nsten St\u00e4dte Europas zu genie\u00dfen.<\/p>\n<p><strong>Das Turnier feierte sein 10-j\u00e4hriges Jubil\u00e4um (<a href=\"https:\/\/bowling.praguesbarrel.eu\/de\/turnier\/results\/\">siehe alle Ergebnisse<\/a>) und wird in Zusammenarbeit mit dem Deutschen Betriebsportverband und der Tschechischen Amateur-Bowlingliga veranstaltet<\/strong>, sodass Sie eine erstklassige Organisation ohne steife Formalit\u00e4ten erwarten k\u00f6nnen. Es geht nicht nur um Strikes und Spares \u2013 Ihr Paket umfasst Unterkunft, Transfers, Vollpension, Teilnahme am Wettbewerb, <strong>unbegrenztes Bier vom Fass<\/strong> und Organisatoren, die Ihnen von Ihrer Ankunft bis zu Ihrer Abreise jederzeit gerne zur Seite stehen. Mit anderen Worten: Wir k\u00fcmmern uns um alles, damit Sie sich ganz auf den Spa\u00df konzentrieren k\u00f6nnen.<\/p>\n<p>Sie z\u00f6gern noch? <a href=\"https:\/\/bowling.praguesbarrel.eu\/de\/enrolled-teams\/\">Werfen Sie einen Blick auf die Teams<\/a>, die sich bereits angemeldet haben, und schlie\u00dfen Sie sich der gro\u00dfartigen Gemeinschaft der Teilnehmer des Prague\u2019s Barrel Bowling-Turniers an.<\/p>\n<p>\u2764\ufe0f \ud83c\udfb3 <strong>Bei unserem Turnier bieten wir Ihnen eine Rundum-Betreuung<\/strong>, damit jedes Team ein nahtloses und unvergessliches Turniererlebnis genie\u00dfen kann.<\/p>\n<article class=\"text-token-text-primary w-full focus:outline-none scroll-mt-[calc(var(--header-height)+min(200px,max(70px,20svh)))]\" dir=\"auto\" tabindex=\"-1\" data-turn-id=\"request-WEB:4221071d-7fc2-4b51-900b-ba49b3696b2e-3\" data-testid=\"conversation-turn-8\" data-scroll-anchor=\"true\" data-turn=\"assistant\">\n<div class=\"text-base my-auto mx-auto pb-10 [--thread-content-margin:--spacing(4)] thread-sm:[--thread-content-margin:--spacing(6)] thread-lg:[--thread-content-margin:--spacing(16)] px-(--thread-content-margin)\">\n<div class=\"[--thread-content-max-width:40rem] thread-lg:[--thread-content-max-width:48rem] mx-auto max-w-(--thread-content-max-width) flex-1 group\/turn-messages focus-visible:outline-hidden relative flex w-full min-w-0 flex-col agent-turn\" tabindex=\"-1\">\n<div class=\"z-0 flex min-h-[46px] justify-start\"><\/div>\n<div class=\"mt-3 w-full empty:hidden\">\n<div class=\"text-center\"><\/div>\n<\/div>\n<\/div>\n<\/div>\n<\/article>\n<div class=\"pointer-events-none h-px w-px\" aria-hidden=\"true\" data-edge=\"true\"><\/div>\n<div class=\"ytvideo-wrapper\"><iframe title=\"YouTube video player\" src=\"https:\/\/www.youtube.com\/embed\/3S0spqLwwPo?si=hwtA_-wHWAJHqVbU\" frameborder=\"0\" allowfullscreen=\"allowfullscreen\"><\/iframe><\/div>\n<p>Warum gerade Prag? Weil die Stadt wundersch\u00f6n und leicht erreichbar ist, die Atmosph\u00e4re unschlagbar ist und <strong>die Teams Jahr f\u00fcr Jahr wiederkommen<\/strong> \u2013 ein Beweis daf\u00fcr, dass man s\u00fcchtig wird, wenn man einmal Bowling, Bier und den Charme Prags in einem Paket erlebt hat.<\/p>\n<h2>Sehen Sie sich den Verlauf des Turniers an<\/h2>\n<p><a href=\"http:\/\/bowling.praguesbarrel.eu\/wp-content\/uploads\/2024\/08\/Experience_bowling_prezentace_compressed.pdf\"><img loading=\"lazy\" decoding=\"async\" class=\"alignnone size-full wp-image-76128\" src=\"http:\/\/bowling.praguesbarrel.eu\/wp-content\/uploads\/2024\/08\/Experience_bowling_prezentace-1024x576.gif\" alt=\"\" width=\"1152\" height=\"648\" \/><\/a><\/p>\n<style>#sp-ea-18263 .spcollapsing { height: 0; overflow: hidden; transition-property: height;transition-duration: 300ms;}#sp-ea-18263.sp-easy-accordion>.sp-ea-single {margin-bottom: 10px; border: 1px solid #e2e2e2; }#sp-ea-18263.sp-easy-accordion>.sp-ea-single>.ea-header a {color: #444;}#sp-ea-18263.sp-easy-accordion>.sp-ea-single>.sp-collapse>.ea-body {background: #fff; color: #444;}#sp-ea-18263.sp-easy-accordion>.sp-ea-single {background: #eee;}#sp-ea-18263.sp-easy-accordion>.sp-ea-single>.ea-header a .ea-expand-icon { float: left; color: #444;font-size: 16px;}<\/style><div id=\"sp_easy_accordion-1765308200\"><div id=\"sp-ea-18263\" class=\"sp-ea-one sp-easy-accordion\" data-ea-active=\"ea-click\" data-ea-mode=\"vertical\" data-preloader=\"\" data-scroll-active-item=\"\" data-offset-to-scroll=\"0\"><div class=\"ea-card ea-expand sp-ea-single\"><h3 class=\"ea-header\"><a class=\"collapsed\" id=\"ea-header-182630\" role=\"button\" data-sptoggle=\"spcollapse\" data-sptarget=\"#collapse182630\" aria-controls=\"collapse182630\" href=\"#\" aria-expanded=\"true\" tabindex=\"0\"><i aria-hidden=\"true\" role=\"presentation\" class=\"ea-expand-icon eap-icon-ea-expand-minus\"><\/i> Programm<\/a><\/h3><div class=\"sp-collapse spcollapse collapsed show\" id=\"collapse182630\" data-parent=\"#sp-ea-18263\" role=\"region\" aria-labelledby=\"ea-header-182630\"> <div class=\"ea-body\"><h3>Donnerstag<\/h3><ul><li>10:00 \u2013 18:00 Ankunft \u00a0und Unterkunft<\/li><li>19:30 \u2013 22:00 Abendessen in einem typischen tschechischen Restaurant<\/li><\/ul><h3>Freitag<\/h3><ul><li>7:00 \u2013 9:00\u00a0Fr\u00fchst\u00fcck im Hotel<\/li><li>8:15 \u2013 9:15\u00a0Abfahrt zum Bowlingcenter<\/li><li>9:00 \u2013 18:00<\/li><\/ul><p><strong>a\/<\/strong> Sportprogramm (Mittagessen im Restaurant des Bowlingscenters)<\/p><p><strong>b\/<\/strong> Besichtigung des historischen Stadtzentrums<\/p><ul><li>20:00 \u2013 22:00 Abendessen auf dem Dampfer w\u00e4hrend der Fahrt durch das historische Zentrum<\/li><\/ul><h3>Samstag<\/h3><ul><li>7:00 \u2013 9:00\u00a0Fr\u00fchst\u00fcck im Hotel<\/li><li>8:15 \u2013 9:15\u00a0Abfahrt zum Bowlingcenter<\/li><li>9:00 \u2013 18:00<\/li><\/ul><p><strong>a\/<\/strong> Sportprogramm (Mittagessen im Restaurant des Bowlingcenters)<\/p><p><strong>b\/<\/strong> Freizeit (Eink\u00e4ufe, Stadtbesichtigung)<\/p><ul><li>19:30\u00a0Abschlussfeier mit der Siegerehrung, Abendessen und Musik<\/li><\/ul><h3>Sonntag<\/h3><ul><li>7:00 \u2013 10:00\u00a0Fr\u00fchst\u00fcck im Hotel<\/li><li>Freies Programm, Abfahrt<\/li><\/ul><\/div><\/div><\/div><div class=\"ea-card sp-ea-single\"><h3 class=\"ea-header\"><a class=\"collapsed\" id=\"ea-header-182631\" role=\"button\" data-sptoggle=\"spcollapse\" data-sptarget=\"#collapse182631\" aria-controls=\"collapse182631\" href=\"#\" aria-expanded=\"false\" tabindex=\"0\"><i aria-hidden=\"true\" role=\"presentation\" class=\"ea-expand-icon eap-icon-ea-expand-plus\"><\/i> Regeln<\/a><\/h3><div class=\"sp-collapse spcollapse \" id=\"collapse182631\" data-parent=\"#sp-ea-18263\" role=\"region\" aria-labelledby=\"ea-header-182631\"> <div class=\"ea-body\"><p>Stellen Sie sich vor, Sie tauschen Ihren Alltag gegen vier Tage voller Strikes, Lachen und Bierkr\u00fcge ein \u2013 ganz im Sinne des Prager Barrel. Dies ist ein Amateur-Bowlingturnier, bei dem jeder willkommen ist, vom Anf\u00e4nger bis zum erfahrenen Pin-Crusher, und bei dem der Spa\u00df genauso im Vordergrund steht wie die Punktzahl.<\/p><p><strong>Wir legen ein paar einfache Regeln fest, um Fairness zu gew\u00e4hrleisten, und lassen dann die Pins fliegen, um zu sehen, welches Team sich den Titel aus dem magischen Prag sichern und mit nach Hause nehmen darf.<\/strong> Schnappen Sie sich also Ihre Freunde, bringen Sie Ihre Begeisterung mit und machen Sie sich bereit f\u00fcr eine unvergessliche Mischung aus Sport, Kameradschaft und unbegrenztem Biergenuss.<\/p><h3>Grundregeln<\/h3><ul><li><strong>Eine Mannschaft besteht aus 4 Spielern.<\/strong><\/li><li>Der Austausch eines Spielers ist m\u00f6glich, jedoch darf dieser ausgetauschte Spieler nicht in einer anderen Mannschaft spielen.<\/li><li><strong>Die Damen erhalten in allen von ihnen ausgetragenen Spielen 5 Pins<\/strong> gutgeschrieben (sie bekommen ein Handicap).<\/li><li>Der vollst\u00e4ndige Name der Mannschaft und der Spieler muss im Ergebnissystem eingetragen werden.<\/li><li>Der 5-Pins-Bonus (das Handicap) f\u00fcr Damen muss ebenfalls im System eingetragen werden.<\/li><li>Alle Spiele werden nach dem europ\u00e4ischen Spielmodus ausgetragen. Ein Bahnenwechsel w\u00e4hrend des Spiels ist nicht m\u00f6glich, die Bahnen werden den Mannschaften zugeteilt.<\/li><li>Falls einer Mannschaft der 4. Spieler fehlen sollte, bekommt sie f\u00fcr ihn 120 umgeworfene Kegel.<\/li><li>Wettk\u00e4mpfe verlaufen nach g\u00fcltigen Vorschriften von FIQ, WTBA (Europ\u00e4ische Zone) und \u010cBA (Tschechische Bowlingassoziation) mit Ausnahme der Regel \u00fcber denKonsum von Alkohol und anderer in Anbetracht des Amateurcharakters des Turniers.<\/li><li><strong>Die Auslosung in einzelne Qualifikationszentren und in die Spielgruppen erfolgt am Donnerstagabend w\u00e4hrend des Abendessens<\/strong> oder falls erforderlich wird es fr\u00fcher auf den Internetseiten de.bowling.praguesbarrel.eu ver\u00f6ffentlicht.<\/li><\/ul><\/div><\/div><\/div><div class=\"ea-card sp-ea-single\"><h3 class=\"ea-header\"><a class=\"collapsed\" id=\"ea-header-182632\" role=\"button\" data-sptoggle=\"spcollapse\" data-sptarget=\"#collapse182632\" aria-controls=\"collapse182632\" href=\"#\" aria-expanded=\"false\" tabindex=\"0\"><i aria-hidden=\"true\" role=\"presentation\" class=\"ea-expand-icon eap-icon-ea-expand-plus\"><\/i> Spielmodus<\/a><\/h3><div class=\"sp-collapse spcollapse \" id=\"collapse182632\" data-parent=\"#sp-ea-18263\" role=\"region\" aria-labelledby=\"ea-header-182632\"> <div class=\"ea-body\"><p>Die Regeln werden entsprechend der Anzahl der Teams angepasst. Das \u00d6l-Muster wird vor dem Turnier auf unserer Website ver\u00f6ffentlicht und ist f\u00fcr alle Zentren gleich. Der Entwurf des Vorschlags ist unten verf\u00fcgbar.<\/p><h3>Freitag<\/h3><div>Am 1. Tag findet die Qualifikation statt (jede Mannschaft spielt min. 3 Spiele) und laut Gesamtpunktanzahl einschlie\u00dflich Handicap werden die Mannschaften in leistungsbezogene Klassen eingeteilt (A, B ,C, falls erforderlich auch mehrere). Im Fall einer Punktgleichheit entscheidet die Punktanzahl ohne Handicap oder das h\u00f6chste Ergebnis im letzten (vorletzten) Spiel, falls n\u00f6tig. Wenn es abermals zur Punktanzahlgleichheit k\u00e4me, w\u00e4re der beste Wurf eines Spielers aus einer Mannschaft in der Qualifikation entscheidend.<\/div><h3>Samstag<\/h3><div>Es wird in Gruppen gespielt (jeder gegen jeden in der Gruppe), und danach <span style=\"font-weight: 400\">im Sinne eines Ausscheidesystems<\/span> in jeder leistungsbezogenen Klasse (jede Mannschaft spielt min. 3 Spiele).<\/div><\/div><\/div><\/div><div class=\"ea-card sp-ea-single\"><h3 class=\"ea-header\"><a class=\"collapsed\" id=\"ea-header-182633\" role=\"button\" data-sptoggle=\"spcollapse\" data-sptarget=\"#collapse182633\" aria-controls=\"collapse182633\" href=\"#\" aria-expanded=\"false\" tabindex=\"0\"><i aria-hidden=\"true\" role=\"presentation\" class=\"ea-expand-icon eap-icon-ea-expand-plus\"><\/i> Bowlingcentren<\/a><\/h3><div class=\"sp-collapse spcollapse \" id=\"collapse182633\" data-parent=\"#sp-ea-18263\" role=\"region\" aria-labelledby=\"ea-header-182633\"> <div class=\"ea-body\"><p>Wir haben uns mit den f\u00fchrenden <strong>Xbowling-Centern<\/strong> in <a href=\"https:\/\/prosek.xbowling.cz\/\">Prosek<\/a> und <a href=\"https:\/\/zizkov.xbowling.cz\/\">\u017di\u017ekov<\/a> in Prag zusammengetan, um Ihnen die bestm\u00f6gliche B\u00fchne f\u00fcr Ihre Strikes zu bieten. Beide Veranstaltungsorte verf\u00fcgen \u00fcber gut ausgebildetes Personal und ihre modernisierten Brunswick- und QubicaAMF-Bahnen werden nach den h\u00f6chsten technischen Standards gewartet. Durch die Zusammenarbeit mit diesen Zentren stellen wir sicher, dass Sie, egal ob Sie Amateur oder Ligaspieler sind, erstklassige Einrichtungen und die Gastfreundschaft genie\u00dfen k\u00f6nnen, die unser Turnier so besonders machen. Diese Bowlingzentren z\u00e4hlen zu den f\u00fchrenden Bowlinganlagen in Prag und sind regelm\u00e4\u00dfig Austragungsort renommierter Wettbewerbe wie der tschechischen <strong>ABL-Meisterschaft, der 9-Pin-Teamliga und des Prosek IRON Ten<\/strong> sowie zahlreicher nationaler und internationaler Turniere.<\/p><\/div><\/div><\/div><\/div><\/div>\n","protected":false},"excerpt":{"rendered":"<p>Das Prague\u2019s Barrel Bowlingturnier ist eine j\u00e4hrliche internationale Amateurveranstaltung, bei der die einzige Voraussetzung die Liebe zum Spa\u00df ist. Ganz gleich, ob Ihr Team aus erfahrenen \u201eBowling-Genies\u201c oder absoluten Neulingen besteht, jeder ist herzlich eingeladen, ein paar Frames zu spielen und vier unvergessliche Tage in einer der sch\u00f6nsten St\u00e4dte Europas zu genie\u00dfen. Das Turnier feierte&#8230;<\/p>\n","protected":false},"author":5,"featured_media":17292,"parent":0,"menu_order":0,"comment_status":"closed","ping_status":"closed","template":"","meta":{"footnotes":""},"class_list":["post-127","page","type-page","status-publish","has-post-thumbnail","hentry"],"_links":{"self":[{"href":"https:\/\/bowling.praguesbarrel.eu\/de\/wp-json\/wp\/v2\/pages\/127","targetHints":{"allow":["GET"]}}],"collection":[{"href":"https:\/\/bowling.praguesbarrel.eu\/de\/wp-json\/wp\/v2\/pages"}],"about":[{"href":"https:\/\/bowling.praguesbarrel.eu\/de\/wp-json\/wp\/v2\/types\/page"}],"author":[{"embeddable":true,"href":"https:\/\/bowling.praguesbarrel.eu\/de\/wp-json\/wp\/v2\/users\/5"}],"replies":[{"embeddable":true,"href":"https:\/\/bowling.praguesbarrel.eu\/de\/wp-json\/wp\/v2\/comments?post=127"}],"version-history":[{"count":17,"href":"https:\/\/bowling.praguesbarrel.eu\/de\/wp-json\/wp\/v2\/pages\/127\/revisions"}],"predecessor-version":[{"id":18264,"href":"https:\/\/bowling.praguesbarrel.eu\/de\/wp-json\/wp\/v2\/pages\/127\/revisions\/18264"}],"wp:featuredmedia":[{"embeddable":true,"href":"https:\/\/bowling.praguesbarrel.eu\/de\/wp-json\/wp\/v2\/media\/17292"}],"wp:attachment":[{"href":"https:\/\/bowling.praguesbarrel.eu\/de\/wp-json\/wp\/v2\/media?parent=127"}],"curies":[{"name":"wp","href":"https:\/\/api.w.org\/{rel}","templated":true}]}}