{"id":1166,"date":"2016-09-28T21:22:01","date_gmt":"2016-09-28T20:22:01","guid":{"rendered":"http:\/\/bowling.praguesbarrel.eu\/de\/?page_id=1166"},"modified":"2025-12-28T19:38:31","modified_gmt":"2025-12-28T18:38:31","slug":"kontakt","status":"publish","type":"page","link":"https:\/\/bowling.praguesbarrel.eu\/de\/kontakt\/","title":{"rendered":"Kontakte"},"content":{"rendered":"<p>Wir m\u00f6gen Bier, Menschen und Bowling. Aus dieser Kombination entstand das Prague\u2019s Barrel Turnier: ein Wochenende voller Bowling, erfrischendem Bier und fr\u00f6hlichen Menschen aus verschiedenen Teilen Europas und der Welt. Unser Ziel ist es, dass Sie den Alltag hinter sich lassen, sich sportlich bet\u00e4tigen, Spa\u00df haben und sich um nichts k\u00fcmmern m\u00fcssen \u2013 das ist unsere Aufgabe.<\/p>\n<p>Das Organisationsteam des Amateur-Bowlingturniers steht Ihnen f\u00fcr alle Fragen gerne zur Verf\u00fcgung. Z\u00f6gern Sie nicht, uns zu kontaktieren.<\/p>\n<h2>UNSER TEAM<\/h2>\n<div class=\"contact-grid\">\n<div class=\"contact-card\">\n<p><img decoding=\"async\" src=\"https:\/\/bowling.praguesbarrel.eu\/wp-content\/uploads\/2023\/05\/ROBK3477.jpg\" alt=\"Sofie\" \/><\/p>\n<h3>Sofie<\/h3>\n<p>Koordinator f\u00fcr Deutschland<br \/>\nemail:\u00a0<a href=\"mailto:sofie@praguesbarrel.eu\">sofie@praguesbarrel.eu<\/a><br \/>\ngsm: <a href=\"tel:+420732797139\">+420 732 79 71 39\u200b<\/a>, <a href=\"tel:+393318472549\">+39 331 847 25 49\u200b<\/a><\/p>\n<\/div>\n<div class=\"contact-card\">\n<p><img decoding=\"async\" src=\"https:\/\/bowling.praguesbarrel.eu\/wp-content\/uploads\/2023\/05\/ROBK3476.jpg\" alt=\"Barbara\" \/><\/p>\n<h3>Barbara<\/h3>\n<p>Koordinator f\u00fcr Skandinavien und Finnland, f\u00fcr Franz\u00f6sisch sprechenden L\u00e4ndern<br \/>\nemail: <a style=\"font-size: 15.008px;\" href=\"mailto:barbara@praguesbarrel.eu\">barbara@praguesbarrel.eu<\/a><br \/>\ngsm: <a href=\"tel:+420604974394\">+420 604 974 394<\/a><\/p>\n<\/div>\n<div class=\"contact-card\">\n<p><img decoding=\"async\" src=\"https:\/\/bowling.praguesbarrel.eu\/wp-content\/uploads\/2023\/05\/Masha_01.jpg\" alt=\"Masha\" \/><\/p>\n<h3>Masha<\/h3>\n<p>Koordinator f\u00fcr Russland<br \/>\nemail: <a href=\"mailto:masha@praguesbarrel.eu\">masha@praguesbarrel.eu<\/a><br \/>\ngsm: <a href=\"tel:+420732938233\">+420 732 938 233<\/a><\/p>\n<\/div>\n<div class=\"contact-card\">\n<p><img decoding=\"async\" src=\"https:\/\/bowling.praguesbarrel.eu\/wp-content\/uploads\/2023\/05\/ROBK3467.jpg\" alt=\"Martin\" \/><\/p>\n<h3>Martin<\/h3>\n<p>sport manager<br \/>\nemail: <a href=\"mailto:martin@praguesbarrel.eu\">martin@praguesbarrel.eu<\/a><br \/>\ngsm: <a href=\"tel:+420724906168\">+420 724 906 168<\/a><\/p>\n<\/div>\n<\/div>\n<h2>Unternehmen<\/h2>\n<p><strong>Prague&#8217;s Barrel s.r.o.<\/strong><br \/>\nT\u00e1borsk\u00e1 4<br \/>\n140 00 Praha<br \/>\nCzech Republic<br \/>\nID: 22103716<br \/>\nVAT ID: CZ22103716<br \/>\n<a href=\"mailto:info@praguesbarrel.eu\">info@praguesbarrel.eu<\/a><\/p>\n<h2>Folgen Sie uns in den sozialen Medien<\/h2>\n<p><a href=\"https:\/\/www.facebook.com\/PraguesBarrelTournaments\"><img loading=\"lazy\" decoding=\"async\" class=\"alignnone wp-image-61595\" src=\"https:\/\/praguesbarrel.eu\/y0OH9L\/themes\/praguesbarrel\/img\/fb-ico.png\" alt=\"\" width=\"50\" height=\"50\" \/><\/a> <a href=\"https:\/\/www.instagram.com\/praguesbarrel\/\"><img loading=\"lazy\" decoding=\"async\" class=\"alignnone wp-image-61595\" src=\"http:\/\/praguesbarrel.eu\/y0OH9L\/uploads\/2022\/08\/Instagram-ikona.png\" alt=\"\" width=\"50\" height=\"50\" \/><\/a> <a href=\"https:\/\/www.youtube.com\/user\/PraguesBarrelTV\"><img loading=\"lazy\" decoding=\"async\" class=\"alignnone wp-image-61601\" src=\"http:\/\/praguesbarrel.eu\/y0OH9L\/uploads\/2022\/09\/2018_social_media_popular_app_logo_youtube-1024.webp\" alt=\"\" width=\"50\" height=\"50\" \/><\/a> <a href=\"https:\/\/whatsapp.com\/channel\/0029VaTXl94FXUui3S9que2U\"> <img loading=\"lazy\" decoding=\"async\" class=\"alignnone wp-image-61601\" src=\"http:\/\/praguesbarrel.eu\/y0OH9L\/uploads\/2024\/03\/whatsapp.png\" alt=\"\" width=\"50\" height=\"50\" \/><\/a> <a href=\"https:\/\/www.tiktok.com\/@pragues.barrel\"> <img loading=\"lazy\" decoding=\"async\" class=\"alignnone wp-image-61601\" src=\"https:\/\/hockey.praguesbarrel.eu\/wp-content\/uploads\/2024\/12\/tiktok.png\" alt=\"\" width=\"50\" height=\"50\" \/><\/a><\/p>\n","protected":false},"excerpt":{"rendered":"<p>Wir m\u00f6gen Bier, Menschen und Bowling. Aus dieser Kombination entstand das Prague\u2019s Barrel Turnier: ein Wochenende voller Bowling, erfrischendem Bier und fr\u00f6hlichen Menschen aus verschiedenen Teilen Europas und der Welt. Unser Ziel ist es, dass Sie den Alltag hinter sich lassen, sich sportlich bet\u00e4tigen, Spa\u00df haben und sich um nichts k\u00fcmmern m\u00fcssen \u2013 das ist&#8230;<\/p>\n","protected":false},"author":4,"featured_media":0,"parent":0,"menu_order":0,"comment_status":"closed","ping_status":"closed","template":"","meta":{"footnotes":""},"class_list":["post-1166","page","type-page","status-publish","hentry"],"_links":{"self":[{"href":"https:\/\/bowling.praguesbarrel.eu\/de\/wp-json\/wp\/v2\/pages\/1166","targetHints":{"allow":["GET"]}}],"collection":[{"href":"https:\/\/bowling.praguesbarrel.eu\/de\/wp-json\/wp\/v2\/pages"}],"about":[{"href":"https:\/\/bowling.praguesbarrel.eu\/de\/wp-json\/wp\/v2\/types\/page"}],"author":[{"embeddable":true,"href":"https:\/\/bowling.praguesbarrel.eu\/de\/wp-json\/wp\/v2\/users\/4"}],"replies":[{"embeddable":true,"href":"https:\/\/bowling.praguesbarrel.eu\/de\/wp-json\/wp\/v2\/comments?post=1166"}],"version-history":[{"count":25,"href":"https:\/\/bowling.praguesbarrel.eu\/de\/wp-json\/wp\/v2\/pages\/1166\/revisions"}],"predecessor-version":[{"id":18292,"href":"https:\/\/bowling.praguesbarrel.eu\/de\/wp-json\/wp\/v2\/pages\/1166\/revisions\/18292"}],"wp:attachment":[{"href":"https:\/\/bowling.praguesbarrel.eu\/de\/wp-json\/wp\/v2\/media?parent=1166"}],"curies":[{"name":"wp","href":"https:\/\/api.w.org\/{rel}","templated":true}]}}