{"id":1163,"date":"2016-09-28T21:20:10","date_gmt":"2016-09-28T20:20:10","guid":{"rendered":"http:\/\/bowling.praguesbarrel.eu\/de\/?page_id=1163"},"modified":"2025-12-09T20:18:09","modified_gmt":"2025-12-09T19:18:09","slug":"das-bowlingturnier-ums-prager-faesschen","status":"publish","type":"page","link":"https:\/\/bowling.praguesbarrel.eu\/de\/","title":{"rendered":"Prague&#8217;s Barrel Bowling-Turnier 2026"},"content":{"rendered":"<p><span style=\"font-weight: 400;\"><strong>Das Bowlingturnier \u201ePrague\u2019s Barrel\u201c<\/strong> (auf Deutsch Ums Prager F\u00e4sschen) ist eine internationale Veranstaltung f\u00fcr Amateurmannschaften \u2013 ein Ort, an dem sich Kollegen und Bowlingfreunde zu <strong>vier unvergesslichen Tagen in Prag treffen<\/strong>. Es geht um freundschaftlichen Wettbewerb, gute Stimmung und endlosen Spa\u00df sowohl auf als auch neben den Bahnen. <strong>Freuen Sie sich auf perfekt organisierte Spiele, Abende voller Gel\u00e4chter und nat\u00fcrlich kostenloses Bier vom Fass bei allen offiziellen Veranstaltungen.<\/strong> Wir haben die ECSG in Prag organisiert und arbeiten mit dem Deutschen Betriebsport Verband und der Tschechischen Amateur-Bowlingliga zusammen. <strong>Werden Sie Teil der Tradition und erleben Sie, warum so viele Teams Jahr f\u00fcr Jahr wiederkommen!<\/strong><\/span><\/p>\n<p><strong><a href=\"https:\/\/bowling.praguesbarrel.eu\/ppt\/\">Entdecken Sie, was Sie beim Turnier erwartet \u2013 sehen Sie sich die vollst\u00e4ndige 4-Tage-\u00dcbersicht an!<\/a><\/strong><\/p>\n<p><strong>Bowlingturnier 28. 5. \u2013 31. 5. 2026 (12. Ausgabe)<\/strong><\/p>\n<div class=\"button-row\">\n<p><a class=\"btn\" href=\"https:\/\/bowling.praguesbarrel.eu\/de\/anmeldung\/\">Registrieren Sie Ihr Team<\/a><\/p>\n<p><a class=\"btn btn-inverted\" href=\"https:\/\/youtu.be\/3S0spqLwwPo\">Videopr\u00e4sentation<\/a><\/p>\n<p><a class=\"btn btn-inverted\" href=\"https:\/\/bowling.praguesbarrel.eu\/de\/enrolled-teams\/\">Angemeldete Teams<\/a><\/p>\n<\/div>\n","protected":false},"excerpt":{"rendered":"<p>Das Bowlingturnier \u201ePrague\u2019s Barrel\u201c (auf Deutsch Ums Prager F\u00e4sschen) ist eine internationale Veranstaltung f\u00fcr Amateurmannschaften \u2013 ein Ort, an dem sich Kollegen und Bowlingfreunde zu vier unvergesslichen Tagen in Prag treffen. Es geht um freundschaftlichen Wettbewerb, gute Stimmung und endlosen Spa\u00df sowohl auf als auch neben den Bahnen. Freuen Sie sich auf perfekt organisierte Spiele,&#8230;<\/p>\n","protected":false},"author":4,"featured_media":0,"parent":0,"menu_order":0,"comment_status":"closed","ping_status":"open","template":"templates\/homepage.php","meta":{"footnotes":""},"class_list":["post-1163","page","type-page","status-publish","hentry"],"_links":{"self":[{"href":"https:\/\/bowling.praguesbarrel.eu\/de\/wp-json\/wp\/v2\/pages\/1163","targetHints":{"allow":["GET"]}}],"collection":[{"href":"https:\/\/bowling.praguesbarrel.eu\/de\/wp-json\/wp\/v2\/pages"}],"about":[{"href":"https:\/\/bowling.praguesbarrel.eu\/de\/wp-json\/wp\/v2\/types\/page"}],"author":[{"embeddable":true,"href":"https:\/\/bowling.praguesbarrel.eu\/de\/wp-json\/wp\/v2\/users\/4"}],"replies":[{"embeddable":true,"href":"https:\/\/bowling.praguesbarrel.eu\/de\/wp-json\/wp\/v2\/comments?post=1163"}],"version-history":[{"count":30,"href":"https:\/\/bowling.praguesbarrel.eu\/de\/wp-json\/wp\/v2\/pages\/1163\/revisions"}],"predecessor-version":[{"id":18258,"href":"https:\/\/bowling.praguesbarrel.eu\/de\/wp-json\/wp\/v2\/pages\/1163\/revisions\/18258"}],"wp:attachment":[{"href":"https:\/\/bowling.praguesbarrel.eu\/de\/wp-json\/wp\/v2\/media?parent=1163"}],"curies":[{"name":"wp","href":"https:\/\/api.w.org\/{rel}","templated":true}]}}