{"id":22,"date":"2016-08-10T22:41:40","date_gmt":"2016-08-10T21:41:40","guid":{"rendered":"http:\/\/bowling.praguesbarrel.eu\/?page_id=22"},"modified":"2023-10-21T14:57:22","modified_gmt":"2023-10-21T13:57:22","slug":"registrace-pragues-barrel-bowling","status":"publish","type":"page","link":"https:\/\/bowling.praguesbarrel.eu\/cs\/registrace-pragues-barrel-bowling\/","title":{"rendered":"Registrace"},"content":{"rendered":"<p><iframe style=\"width: 100%; max-width: 640px;\" height=\"960px\" src=\"https:\/\/oembed.jotform.com\/62031059188353\" sandbox=\"allow-forms allow-scripts allow-same-origin allow-top-navigation allow-popups allow-popups-to-escape-sandbox\"><\/iframe><\/p>\n<p>Pokud se V\u00e1m nezobrazuje registra\u010dn\u00ed formul\u00e1\u0159, pros\u00edm otev\u0159ete si tuto str\u00e1nku v jin\u00e9m prohl\u00ed\u017ee\u010di. D\u011bkujeme!<\/p>\n","protected":false},"excerpt":{"rendered":"<p>Pokud se V\u00e1m nezobrazuje registra\u010dn\u00ed formul\u00e1\u0159, pros\u00edm otev\u0159ete si tuto str\u00e1nku v jin\u00e9m prohl\u00ed\u017ee\u010di. D\u011bkujeme!<\/p>\n","protected":false},"author":8,"featured_media":17302,"parent":0,"menu_order":0,"comment_status":"closed","ping_status":"closed","template":"","meta":{"footnotes":""},"class_list":["post-22","page","type-page","status-publish","has-post-thumbnail","hentry"],"_links":{"self":[{"href":"https:\/\/bowling.praguesbarrel.eu\/cs\/wp-json\/wp\/v2\/pages\/22","targetHints":{"allow":["GET"]}}],"collection":[{"href":"https:\/\/bowling.praguesbarrel.eu\/cs\/wp-json\/wp\/v2\/pages"}],"about":[{"href":"https:\/\/bowling.praguesbarrel.eu\/cs\/wp-json\/wp\/v2\/types\/page"}],"author":[{"embeddable":true,"href":"https:\/\/bowling.praguesbarrel.eu\/cs\/wp-json\/wp\/v2\/users\/8"}],"replies":[{"embeddable":true,"href":"https:\/\/bowling.praguesbarrel.eu\/cs\/wp-json\/wp\/v2\/comments?post=22"}],"version-history":[{"count":8,"href":"https:\/\/bowling.praguesbarrel.eu\/cs\/wp-json\/wp\/v2\/pages\/22\/revisions"}],"predecessor-version":[{"id":11932,"href":"https:\/\/bowling.praguesbarrel.eu\/cs\/wp-json\/wp\/v2\/pages\/22\/revisions\/11932"}],"wp:featuredmedia":[{"embeddable":true,"href":"https:\/\/bowling.praguesbarrel.eu\/cs\/wp-json\/wp\/v2\/media\/17302"}],"wp:attachment":[{"href":"https:\/\/bowling.praguesbarrel.eu\/cs\/wp-json\/wp\/v2\/media?parent=22"}],"curies":[{"name":"wp","href":"https:\/\/api.w.org\/{rel}","templated":true}]}}