{"id":2,"date":"2016-08-10T21:45:43","date_gmt":"2016-08-10T20:45:43","guid":{"rendered":"http:\/\/bowling.praguesbarrel.eu\/?page_id=2"},"modified":"2025-10-08T11:23:05","modified_gmt":"2025-10-08T10:23:05","slug":"bowlingovy-amatersky-turnaj-o-prazsky-soudek","status":"publish","type":"page","link":"https:\/\/bowling.praguesbarrel.eu\/cs\/","title":{"rendered":"Bowlingov\u00fd turnaj &#8222;Prague&#8217;s Barrel&#8220; 2026"},"content":{"rendered":"<p><strong>Bowlingov\u00fd turnaj Prague&#8217;s Barrel <\/strong>(neboli O pra\u017esk\u00fd soudek)<strong> je mezin\u00e1rodn\u00ed turnaj amat\u00e9rsk\u00fdch t\u00fdm\u016f<\/strong> po\u0159\u00e1d\u00e1n pro firemn\u00ed a jin\u00e9 amat\u00e9rsk\u00e9 sportovce organiz\u00e1torem Evropsk\u00fdch firemn\u00edch sportovn\u00edch her 2013 v Praze, ve spolupr\u00e1ci s N\u011bmeck\u00fdm BSV (Deutsche Betriebsport Verband) a \u010deskou Amat\u00e9rskou bowlingovou ligou. Jde o p\u0159\u00e1telsk\u00fd turnaj s <strong>dobrou atmosf\u00e9ru, neomezen\u00fdm pivem zdarma<\/strong> a nekone\u010dnou z\u00e1bavou na lajn\u00e1ch i mimo n\u011b. P\u0159idejte se k tradici a za\u017eijte, pro\u010d se tolik t\u00fdm\u016f vrac\u00ed rok co rok!<\/p>\n<p><strong><a href=\"https:\/\/bowling.praguesbarrel.eu\/ppt\/\">Objevte, co v\u00e1s \u010dek\u00e1 na turnaji \u2013 pod\u00edvejte se na kompletn\u00ed p\u0159ehled v\u0161ech 4 dn\u00ed!<\/a><\/strong><\/p>\n<ul>\n<li><strong>12. ro\u010dn\u00edk bowlingov\u00e9ho turnaje 28.\u201331. 5. 2026<\/strong><\/li>\n<\/ul>\n<div class=\"button-row\">\n<p><a class=\"btn\" href=\"https:\/\/bowling.praguesbarrel.eu\/cs\/registrace-pragues-barrel-bowling\/\">Registrujte sv\u016fj t\u00fdm<\/a><\/p>\n<p><a class=\"btn btn-inverted\" href=\"https:\/\/youtu.be\/3S0spqLwwPo\">Video<\/a><\/p>\n<p><a class=\"btn btn-inverted\" href=\"https:\/\/bowling.praguesbarrel.eu\/cs\/enrolled-teams\/\">P\u0159ihl\u00e1\u0161en\u00e9 t\u00fdmy<\/a><\/p>\n<\/div>\n","protected":false},"excerpt":{"rendered":"<p>Bowlingov\u00fd turnaj Prague&#8217;s Barrel (neboli O pra\u017esk\u00fd soudek) je mezin\u00e1rodn\u00ed turnaj amat\u00e9rsk\u00fdch t\u00fdm\u016f po\u0159\u00e1d\u00e1n pro firemn\u00ed a jin\u00e9 amat\u00e9rsk\u00e9 sportovce organiz\u00e1torem Evropsk\u00fdch firemn\u00edch sportovn\u00edch her 2013 v Praze, ve spolupr\u00e1ci s N\u011bmeck\u00fdm BSV (Deutsche Betriebsport Verband) a \u010deskou Amat\u00e9rskou bowlingovou ligou. Jde o p\u0159\u00e1telsk\u00fd turnaj s dobrou atmosf\u00e9ru, neomezen\u00fdm pivem zdarma a nekone\u010dnou z\u00e1bavou na&#8230;<\/p>\n","protected":false},"author":8,"featured_media":0,"parent":0,"menu_order":0,"comment_status":"closed","ping_status":"open","template":"templates\/homepage.php","meta":{"footnotes":""},"class_list":["post-2","page","type-page","status-publish","hentry"],"_links":{"self":[{"href":"https:\/\/bowling.praguesbarrel.eu\/cs\/wp-json\/wp\/v2\/pages\/2","targetHints":{"allow":["GET"]}}],"collection":[{"href":"https:\/\/bowling.praguesbarrel.eu\/cs\/wp-json\/wp\/v2\/pages"}],"about":[{"href":"https:\/\/bowling.praguesbarrel.eu\/cs\/wp-json\/wp\/v2\/types\/page"}],"author":[{"embeddable":true,"href":"https:\/\/bowling.praguesbarrel.eu\/cs\/wp-json\/wp\/v2\/users\/8"}],"replies":[{"embeddable":true,"href":"https:\/\/bowling.praguesbarrel.eu\/cs\/wp-json\/wp\/v2\/comments?post=2"}],"version-history":[{"count":34,"href":"https:\/\/bowling.praguesbarrel.eu\/cs\/wp-json\/wp\/v2\/pages\/2\/revisions"}],"predecessor-version":[{"id":18137,"href":"https:\/\/bowling.praguesbarrel.eu\/cs\/wp-json\/wp\/v2\/pages\/2\/revisions\/18137"}],"wp:attachment":[{"href":"https:\/\/bowling.praguesbarrel.eu\/cs\/wp-json\/wp\/v2\/media?parent=2"}],"curies":[{"name":"wp","href":"https:\/\/api.w.org\/{rel}","templated":true}]}}