{"id":18350,"date":"2026-01-07T23:20:29","date_gmt":"2026-01-07T22:20:29","guid":{"rendered":"https:\/\/bowling.praguesbarrel.eu\/?page_id=18350"},"modified":"2026-01-18T20:53:52","modified_gmt":"2026-01-18T19:53:52","slug":"cena","status":"publish","type":"page","link":"https:\/\/bowling.praguesbarrel.eu\/cs\/cena\/","title":{"rendered":"Cena"},"content":{"rendered":"<p>Aby byl v\u00e1\u0161 pobyt v Praze co nejjednodu\u0161\u0161\u00ed a nejp\u0159\u00edjemn\u011bj\u0161\u00ed, prod\u00e1v\u00e1me cel\u00fd bal\u00ed\u010dek slu\u017eeb. Cena bal\u00ed\u010dk\u016f z\u00e1vis\u00ed pouze <a href=\"https:\/\/bowling.praguesbarrel.eu\/cs\/cena-pragues-barrel-bowling\/ubytovani-pragues-barrel-bowling\/\">na zvolen\u00e9m ubytov\u00e1n\u00ed<\/a>, cena je uvedena v eurech a za osobu.<\/p>\n\t\t\t\t\t\t\t<h3 style=\"margin-bottom:20px ;display:block;width:100%;margin-top:10px\">Price <\/h3>\r\n\t\t\t\t\t\t\t\t<style>\r\n\t\t\t\t\r\n\t\t\t\t\t#tab_container_5877 {\r\n\toverflow:hidden;\r\n\tdisplay:block;\r\n\twidth:100%;\r\n\tborder:0px solid #ddd;\r\n\tmargin-bottom:30px;\r\n\t}\r\n\r\n#tab_container_5877 .tab-content{\r\n\tpadding:20px;\r\n\tborder: 1px solid #e6e6e6 !important;\r\n\tmargin-top: 0px;\r\n\tbackground-color:#ffffff !important;\r\n\tcolor: #000000 !important;\r\n\tfont-size:16px !important;\r\n\tfont-family: Open Sans !important;\r\n\t\r\n\t\tborder: 1px solid #e6e6e6 !important;\r\n\t}\r\n#tab_container_5877 .wpsm_nav-tabs {\r\n    border-bottom: 0px solid #ddd;\r\n}\r\n#tab_container_5877 .wpsm_nav-tabs > li.active > a, #tab_container_5877 .wpsm_nav-tabs > li.active > a:hover, #tab_container_5877 .wpsm_nav-tabs > li.active > a:focus {\r\n\tcolor: #000000 !important;\r\n\tcursor: default;\r\n\tbackground-color: #ffffff !important;\r\n\tborder: 1px solid #e6e6e6 !important;\r\n}\r\n\r\n#tab_container_5877 .wpsm_nav-tabs > li > a {\r\n    margin-right: 0px !important; \r\n    line-height: 1.42857143 !important;\r\n    border: 1px solid #d5d5d5 !important;\r\n    border-radius: 0px 0px 0 0 !important; \r\n\tbackground-color: #e8e8e8 !important;\r\n\tcolor: #000000 !important;\r\n\tpadding: 15px 18px 15px 18px !important;\r\n\ttext-decoration: none !important;\r\n\tfont-size: 14px !important;\r\n\ttext-align:center !important;\r\n\tfont-family: Open Sans !important;\r\n}\r\n#tab_container_5877 .wpsm_nav-tabs > li > a:focus {\r\noutline: 0px !important;\r\n}\r\n\r\n#tab_container_5877 .wpsm_nav-tabs > li > a:before {\r\n\tdisplay:none !important;\r\n}\r\n#tab_container_5877 .wpsm_nav-tabs > li > a:after {\r\n\tdisplay:none !important ;\r\n}\r\n#tab_container_5877 .wpsm_nav-tabs > li{\r\npadding:0px !important ;\r\nmargin:0px;\r\n}\r\n\r\n#tab_container_5877 .wpsm_nav-tabs > li > a:hover , #tab_container_5877 .wpsm_nav-tabs > li > a:focus {\r\n    color: #000000 !important;\r\n    background-color: #e8e8e8 !important;\r\n\tborder: 1px solid #d5d5d5 !important;\r\n\t\r\n}\r\n#tab_container_5877 .wpsm_nav-tabs > li > a .fa{\r\n\r\nmargin-right:5px !important;\r\n\r\nmargin-left:5px !important;\r\n\r\n\r\n}\r\n\r\n\t\t#tab_container_5877 .wpsm_nav-tabs a{\r\n\t\t\tbackground-image: none;\r\n\t\t\tbackground-position: 0 0;\r\n\t\t\tbackground-repeat: repeat-x;\r\n\t\t}\r\n\t\t\t\r\n\r\n\r\n#tab_container_5877 .wpsm_nav-tabs > li {\r\n    float: left;\r\n    margin-bottom: -1px !important;\r\n\tmargin-right:0px !important; \r\n}\r\n\r\n\r\n#tab_container_5877 .tab-content{\r\noverflow:hidden !important;\r\n}\r\n\r\n\r\n@media (min-width: 769px) {\r\n\r\n\t#tab_container_5877 .wpsm_nav-tabs > li{\r\n\t\tfloat:left !important ;\r\n\t\t\t\tmargin-right:-1px !important;\r\n\t\t\t\t\t}\r\n\t#tab_container_5877 .wpsm_nav-tabs{\r\n\t\tfloat:none !important;\r\n\t\tmargin:0px !important;\r\n\t}\r\n\r\n\t#tab_container_5877 .wpsm_nav-tabs > li {\r\n\t\t\t\t\r\n\t}\r\n\t#tab_container_5877 .wpsm_nav{\r\n\t\t\t}\r\n\r\n}\r\n\r\n\r\n\r\n@media (max-width: 768px) {\r\n\t#tab_container_5877 .wpsm_nav-tabs > li {\r\n\t\t\t\t\r\n\t}\r\n\t#tab_container_5877 .wpsm_nav{\r\n\t\t\t}\r\n}\r\n\r\n\r\n\t.wpsm_nav-tabs li:before{\r\n\t\tdisplay:none !important;\r\n\t}\r\n\r\n\t@media (max-width: 768px) {\r\n\t\t\t\t\r\n\t\t\t\t.wpsm_nav-tabs{\r\n\t\t\tmargin-left:0px !important;\r\n\t\t\tmargin-right:0px !important; \r\n\t\t\t\r\n\t\t}\r\n\t\t\t\t#tab_container_5877 .wpsm_nav-tabs > li{\r\n\t\t\tfloat:none !important;\r\n\t\t}\r\n\t\t\t\r\n\t}\t\t\t\t<\/style>\r\n\t\t\t\t<div id=\"tab_container_5877\" >\r\n\t \r\n\t\t\t\t\t<ul class=\"wpsm_nav wpsm_nav-tabs\" role=\"tablist\" id=\"myTab_5877\">\r\n\t\t\t\t\t\t\t\r\n\t\t\t\t\t\t\t<li role=\"presentation\"  class=\"active\"  onclick=\"do_resize()\">\r\n\t\t\t\t\t\t\t\t<a href=\"#tabs_desc_5877_1\" aria-controls=\"tabs_desc_5877_1\" role=\"tab\" data-toggle=\"tab\">\r\n\t\t\t\t\t\t\t\t\t\r\n\t\t\t\t\t\t\t\t\t\t\t\t\t\t\t\t\t\t\t\t\t\t\t\t\t\t\t\t\t\t\t<i class=\"fa fa-laptop\"><\/i> \t\t\t\t\t\t\t\t\t\t\t\t\t\t\t\t\t\t\t\r\n\t\t\t\t\t\t\t\t\t\t\t\t\t\t\t\t\t\t\r\n\t\t\t\t\t\t\t\t\t<span>28. 5. - 31. 5. 2026<\/span>\r\n\t\t\t\t\t\t\t\t\t\r\n\t\t\t\t\t\t\t\t\t\t\t\t\t\t\t\t\t\t\r\n\t\t\t\t\t\t\t\t\t\t\t\t\t\t\t\t\t\t\t\t\r\n\t\t\t\t\t\t\t\t\t\r\n\t\t\t\t\t\t\t\t<\/a>\r\n\t\t\t\t\t\t\t<\/li>\r\n\t\t\t\t\t\t\t\t\t\t\t <\/ul>\r\n\r\n\t\t\t\t\t  <!-- Tab panes -->\r\n\t\t\t\t\t  <div class=\"tab-content\" id=\"tab-content_5877\">\r\n\t\t\t\t\t\t\t\t\t\t\t\t <div role=\"tabpanel\" class=\"tab-pane  in active \" id=\"tabs_desc_5877_1\">\r\n\t\t\t\t\t\t\t\t<strong>28. 5. - 31. 5. 2026<\/strong>\r\n<div style=\"max-width: 100%;overflow: auto\">\r\n<table width=\"518\">\r\n<tbody>\r\n<tr>\r\n<td width=\"139\">Hotel\/Type of room \u20ac<\/td>\r\n<td width=\"84\">Twin\/double<\/td>\r\n<td width=\"71\">extra night<\/td>\r\n<td width=\"41\">Single<\/td>\r\n<td width=\"71\">extra night<\/td>\r\n<td width=\"41\">Triple<\/td>\r\n<td width=\"71\">extra night<\/td>\r\n<\/tr>\r\n<tr>\r\n<td>Prague Centre Plaza 3*<\/td>\r\n<td>470<\/td>\r\n<td>60<\/td>\r\n<td>610<\/td>\r\n<td>105<\/td>\r\n<td>440<\/td>\r\n<td>45<\/td>\r\n<\/tr>\r\n<tr>\r\n<td>Ol\u0161anka 3*<\/td>\r\n<td>480<\/td>\r\n<td>60<\/td>\r\n<td>580<\/td>\r\n<td>100<\/td>\r\n<td>460<\/td>\r\n<td>50<\/td>\r\n<\/tr>\r\n<tr>\r\n<td>Superior 3*+<\/td>\r\n<td>480<\/td>\r\n<td>60<\/td>\r\n<td>630<\/td>\r\n<td>110<\/td>\r\n<td>460<\/td>\r\n<td>50<\/td>\r\n<\/tr>\r\n<tr>\r\n<td>Duo 4*<\/td>\r\n<td>500<\/td>\r\n<td>65<\/td>\r\n<td>650<\/td>\r\n<td>115<\/td>\r\n<td>470<\/td>\r\n<td>60<\/td>\r\n<\/tr>\r\n<tr>\r\n<td>ST. George 4*<\/td>\r\n<td>530<\/td>\r\n<td>80<\/td>\r\n<td>720<\/td>\r\n<td>140<\/td>\r\n<td>510<\/td>\r\n<td>70<\/td>\r\n<\/tr>\r\n<tr>\r\n<td>Ambassador 5*<\/td>\r\n<td>560<\/td>\r\n<td>85<\/td>\r\n<td>750<\/td>\r\n<td>150<\/td>\r\n<td>520<\/td>\r\n<td>70<\/td>\r\n<\/tr>\r\n<\/tbody>\r\n<\/table>\r\n<\/div>\t\t\t\t\t\t <\/div>\r\n\t\t\t\t\t\t\t\r\n\t\t\t\t\t <\/div>\r\n\t\t\t\t\t \r\n\t\t\t\t <\/div>\r\n <script>\r\n\t\tjQuery(function () {\r\n\t\t\tjQuery('#myTab_5877 a:first').tab('show')\r\n\t\t});\r\n\t\t\r\n\t\t\t\tjQuery(function(){\r\n\t\t\tvar b=\"fadeIn\";\r\n\t\t\tvar c;\r\n\t\t\tvar a;\r\n\t\t\td(jQuery(\"#myTab_5877 a\"),jQuery(\"#tab-content_5877\"));function d(e,f,g){\r\n\t\t\t\te.click(function(i){\r\n\t\t\t\t\ti.preventDefault();\r\n\t\t\t\t\tjQuery(this).tab(\"show\");\r\n\t\t\t\t\tvar h=jQuery(this).data(\"easein\");\r\n\t\t\t\t\tif(c){c.removeClass(a);}\r\n\t\t\t\t\tif(h){f.find(\"div.active\").addClass(\"animated \"+h);a=h;}\r\n\t\t\t\t\telse{if(g){f.find(\"div.active\").addClass(\"animated \"+g);a=g;}else{f.find(\"div.active\").addClass(\"animated \"+b);a=b;}}c=f.find(\"div.active\");\r\n\t\t\t\t});\r\n\t\t\t}\r\n\t\t});\r\n\t\t\r\n\r\n\t\tfunction do_resize(){\r\n\r\n\t\t\tvar width=jQuery( '.tab-content .tab-pane iframe' ).width();\r\n\t\t\tvar height=jQuery( '.tab-content .tab-pane iframe' ).height();\r\n\r\n\t\t\tvar toggleSize = true;\r\n\t\t\tjQuery('iframe').animate({\r\n\t\t\t    width: toggleSize ? width : 640,\r\n\t\t\t    height: toggleSize ? height : 360\r\n\t\t\t  }, 250);\r\n\r\n\t\t\t  toggleSize = !toggleSize;\r\n\t\t}\r\n\r\n\r\n\t<\/script>\r\n\t\t\t\t\r\n\t\t\t\n<p>Cena za extra noc zahrnuje ubytov\u00e1n\u00ed, sn\u00eddani, asistenci t\u00fdmu Prague&#8217;s Barrel a organizaci jak\u00e9hokoliv v\u00fdletu jen za n\u00e1klady.<\/p>\n<h2>Cena bal\u00ed\u010dku zahrnuje<\/h2>\n<ul>\n<li><a href=\"https:\/\/bowling.praguesbarrel.eu\/cs\/cena-pragues-barrel-bowling\/ubytovani-pragues-barrel-bowling\/\"><strong>Ubytov\u00e1n\u00ed<\/strong><\/a><\/li>\n<li><strong>Dopravu<\/strong> na v\u0161echny aktivity spojen\u00e9 s turnajem.<\/li>\n<li>Pron\u00e1jem <strong>bowlingov\u00fdch drah.<\/strong><\/li>\n<li><strong>Organizaci<\/strong> turnaje.<\/li>\n<li>P\u0159\u00edjemnou deleg\u00e1tku, kter\u00e1 se bude o t\u00fdm starat po dobu cel\u00e9ho turnaje (pro skupiny nad 10 osob).<\/li>\n<li><strong>Stravov\u00e1n\u00ed<\/strong> formou pln\u00e9 penze.<\/li>\n<li><strong>Pivo zdarma v neomezen\u00e9m mno\u017estv\u00ed<\/strong> b\u011bhem v\u0161ech ofici\u00e1ln\u00edch aktivit turnaje.<\/li>\n<li><b>Spole\u010dn\u00fd ve\u010dern\u00ed program.<\/b><\/li>\n<li><strong>Suven\u00fdr<\/strong> pro ka\u017ed\u00e9ho \u00fa\u010dastn\u00edka turnaje.<\/li>\n<\/ul>\n<p>Cena <strong>NEzahrnuje poji\u0161t\u011bn\u00ed \u00fa\u010dastn\u00edka.<br \/>\n<\/strong>Pokud se va\u0161i fanou\u0161ci na turnaji dr\u017e\u00ed celou dobu s t\u00fdmem, pova\u017eujeme je za pr\u00e1voplatn\u00e9 \u00fa\u010dastn\u00edky turnaje, i co se ceny t\u00fd\u010de. \ud83d\ude42<strong><br \/>\n<\/strong><\/p>\n<p>\u2764\ufe0f \ud83c\udfb3 M\u016f\u017eete se t\u011b\u0161it na <strong>all-inclusive p\u00e9\u010di<\/strong>, z na\u0161eho turnaje si ka\u017ed\u00fd \u010dlen t\u00fdmu odnese nezapomenuteln\u00fd z\u00e1\u017eitek.<\/p>\n<p><img loading=\"lazy\" decoding=\"async\" class=\"alignnone size-full wp-image-17955\" src=\"http:\/\/bowling.praguesbarrel.eu\/wp-content\/uploads\/2025\/09\/Navrh-bez-nazvu-1.jpg\" alt=\"bowling trophy\" width=\"1000\" height=\"500\" srcset=\"https:\/\/bowling.praguesbarrel.eu\/wp-content\/uploads\/2025\/09\/Navrh-bez-nazvu-1.jpg 1000w, https:\/\/bowling.praguesbarrel.eu\/wp-content\/uploads\/2025\/09\/Navrh-bez-nazvu-1-300x150.jpg 300w, https:\/\/bowling.praguesbarrel.eu\/wp-content\/uploads\/2025\/09\/Navrh-bez-nazvu-1-768x384.jpg 768w\" sizes=\"auto, (max-width: 1000px) 100vw, 1000px\" \/><\/p>\n<h2>dodate\u010dn\u00e9 informace<\/h2>\n<p>Ka\u017ed\u00fd t\u00fdm plat\u00ed 200 \u20ac z\u00e1lohu, a to do konce b\u0159ezna 2026. Z\u00e1lohu vr\u00e1t\u00edme na v\u00e1\u0161 \u00fa\u010det hned po skon\u010den\u00ed turnaje.<\/p>\n<ul>\n<li>N\u00e1zev banky: Revolut Bank UAB<\/li>\n<li>SWIFT \/ BIC k\u00f3d: REVOLT21<\/li>\n<li>Adresa banky: Konstitucijos ave. 21B, 08130, Vilnius, Lithuania<\/li>\n<li>Jm\u00e9no p\u0159\u00edjemce: Martin \u017di\u017eka<\/li>\n<li>IBAN: LT80 3250 0812 6255 4796<\/li>\n<li>BIC correspondent: CHASDEFX<\/li>\n<\/ul>\n<p>Fin\u00e1ln\u00ed platba na \u00fa\u010det je mo\u017en\u00e1 pouze 14 dn\u00ed p\u0159ed turnajem.<\/p>\n<p>Pozn\u00e1mka organiz\u00e1tor\u016f: Turnaj nen\u00ed vhodn\u00fd pro mal\u00e9 d\u011bti.<\/p>\n<div style=\"max-width: 100%; overflow: auto;\">\n<style>#sp-ea-18119 .spcollapsing { height: 0; overflow: hidden; transition-property: height;transition-duration: 300ms;}#sp-ea-18119.sp-easy-accordion>.sp-ea-single {margin-bottom: 10px; border: 1px solid #e2e2e2; }#sp-ea-18119.sp-easy-accordion>.sp-ea-single>.ea-header a {color: #444;}#sp-ea-18119.sp-easy-accordion>.sp-ea-single>.sp-collapse>.ea-body {background: #fff; color: #444;}#sp-ea-18119.sp-easy-accordion>.sp-ea-single {background: #eee;}#sp-ea-18119.sp-easy-accordion>.sp-ea-single>.ea-header a .ea-expand-icon { float: left; color: #444;font-size: 16px;}<\/style><div id=\"sp_easy_accordion-1759917496\"><div id=\"sp-ea-18119\" class=\"sp-ea-one sp-easy-accordion\" data-ea-active=\"ea-click\" data-ea-mode=\"vertical\" data-preloader=\"\" data-scroll-active-item=\"\" data-offset-to-scroll=\"0\"><div class=\"ea-card ea-expand sp-ea-single\"><h3 class=\"ea-header\"><a class=\"collapsed\" id=\"ea-header-181190\" role=\"button\" data-sptoggle=\"spcollapse\" data-sptarget=\"#collapse181190\" aria-controls=\"collapse181190\" href=\"#\" aria-expanded=\"true\" tabindex=\"0\"><i aria-hidden=\"true\" role=\"presentation\" class=\"ea-expand-icon eap-icon-ea-expand-minus\"><\/i> Slevy<\/a><\/h3><div class=\"sp-collapse spcollapse collapsed show\" id=\"collapse181190\" data-parent=\"#sp-ea-18119\" role=\"region\" aria-labelledby=\"ea-header-181190\"> <div class=\"ea-body\"><ul><li>Vedouc\u00ed skupiny s 21 \u010dleny a v\u00edce \u2013 50 %.<\/li><li>Vedouc\u00ed skupiny s 35 \u010dleny a v\u00edce \u2013 zdarma.<\/li><li>\u0158idi\u010d t\u00fdmov\u00e9ho autobusu (bez \u00fa\u010dasti na turnaji) \u2013 zdarma pro skupiny s 20 a v\u00edce \u010dleny.<\/li><li><strong>V\u011aRNOSTN\u00cd SLEVA:\u00a0<\/strong>T\u00fdmy, kter\u00e9 jsou u n\u00e1s po \u010dtvrt\u00e9 a v\u00edcekr\u00e1t z\u00edsk\u00e1vaj\u00ed slevu 20 \u20ac na osobu.<\/li><\/ul><p>* Slevy se nes\u010d\u00edtaj\u00ed.<\/p><\/div><\/div><\/div><div class=\"ea-card sp-ea-single\"><h3 class=\"ea-header\"><a class=\"collapsed\" id=\"ea-header-181191\" role=\"button\" data-sptoggle=\"spcollapse\" data-sptarget=\"#collapse181191\" aria-controls=\"collapse181191\" href=\"#\" aria-expanded=\"false\" tabindex=\"0\"><i aria-hidden=\"true\" role=\"presentation\" class=\"ea-expand-icon eap-icon-ea-expand-plus\"><\/i> Storno podm\u00ednky<\/a><\/h3><div class=\"sp-collapse spcollapse \" id=\"collapse181191\" data-parent=\"#sp-ea-18119\" role=\"region\" aria-labelledby=\"ea-header-181191\"> <div class=\"ea-body\"><ul><li>storno 90 dn\u00ed a v\u00edce p\u0159ed za\u010d\u00e1tkem turnaje: 0 % z\u00e1lohy,<\/li><li>storno v obdob\u00ed 90 dn\u00ed a\u017e 50 dn\u00ed p\u0159ed za\u010d\u00e1tkem turnaje: 50 % z\u00e1lohy,<\/li><li>storno m\u00e9n\u011b ne\u017e 50 dn\u00ed p\u0159ed za\u010d\u00e1tkem turnaje a b\u011bhem turnaje: 100 % z\u00e1lohy.<\/li><\/ul><\/div><\/div><\/div><\/div><\/div>\n<\/div>\n","protected":false},"excerpt":{"rendered":"<p>Aby byl v\u00e1\u0161 pobyt v Praze co nejjednodu\u0161\u0161\u00ed a nejp\u0159\u00edjemn\u011bj\u0161\u00ed, prod\u00e1v\u00e1me cel\u00fd bal\u00ed\u010dek slu\u017eeb. Cena bal\u00ed\u010dk\u016f z\u00e1vis\u00ed pouze na zvolen\u00e9m ubytov\u00e1n\u00ed, cena je uvedena v eurech a za osobu. Cena za extra noc zahrnuje ubytov\u00e1n\u00ed, sn\u00eddani, asistenci t\u00fdmu Prague&#8217;s Barrel a organizaci jak\u00e9hokoliv v\u00fdletu jen za n\u00e1klady. Cena bal\u00ed\u010dku zahrnuje Ubytov\u00e1n\u00ed Dopravu na v\u0161echny aktivity&#8230;<\/p>\n","protected":false},"author":4,"featured_media":0,"parent":0,"menu_order":1,"comment_status":"closed","ping_status":"closed","template":"","meta":{"footnotes":""},"class_list":["post-18350","page","type-page","status-publish","hentry"],"_links":{"self":[{"href":"https:\/\/bowling.praguesbarrel.eu\/cs\/wp-json\/wp\/v2\/pages\/18350","targetHints":{"allow":["GET"]}}],"collection":[{"href":"https:\/\/bowling.praguesbarrel.eu\/cs\/wp-json\/wp\/v2\/pages"}],"about":[{"href":"https:\/\/bowling.praguesbarrel.eu\/cs\/wp-json\/wp\/v2\/types\/page"}],"author":[{"embeddable":true,"href":"https:\/\/bowling.praguesbarrel.eu\/cs\/wp-json\/wp\/v2\/users\/4"}],"replies":[{"embeddable":true,"href":"https:\/\/bowling.praguesbarrel.eu\/cs\/wp-json\/wp\/v2\/comments?post=18350"}],"version-history":[{"count":2,"href":"https:\/\/bowling.praguesbarrel.eu\/cs\/wp-json\/wp\/v2\/pages\/18350\/revisions"}],"predecessor-version":[{"id":18363,"href":"https:\/\/bowling.praguesbarrel.eu\/cs\/wp-json\/wp\/v2\/pages\/18350\/revisions\/18363"}],"wp:attachment":[{"href":"https:\/\/bowling.praguesbarrel.eu\/cs\/wp-json\/wp\/v2\/media?parent=18350"}],"curies":[{"name":"wp","href":"https:\/\/api.w.org\/{rel}","templated":true}]}}