{"id":18334,"date":"2026-01-07T23:08:24","date_gmt":"2026-01-07T22:08:24","guid":{"rendered":"https:\/\/bowling.praguesbarrel.eu\/?page_id=18334"},"modified":"2026-01-07T23:08:24","modified_gmt":"2026-01-07T22:08:24","slug":"ubytovani","status":"publish","type":"page","link":"https:\/\/bowling.praguesbarrel.eu\/cs\/cena\/ubytovani\/","title":{"rendered":"Ubytov\u00e1n\u00ed"},"content":{"rendered":"<div class=\"ytvideo-wrapper\"><iframe loading=\"lazy\" src=\"https:\/\/www.google.com\/maps\/d\/u\/1\/embed?mid=162JkbF4Cvw27ZIEIw9PPFuzuUw0\" width=\"640\" height=\"480\"><span data-mce-type=\"bookmark\" style=\"display: inline-block; width: 0px; overflow: hidden; line-height: 0;\" class=\"mce_SELRES_start\">\ufeff<\/span><span data-mce-type=\"bookmark\" style=\"display: inline-block; width: 0px; overflow: hidden; line-height: 0;\" class=\"mce_SELRES_start\">\ufeff<\/span><\/iframe><\/div>\n<h2>Ambassador *****<\/h2>\n<p>Hotel Ambassador se nach\u00e1z\u00ed v doln\u00ed \u010d\u00e1sti V\u00e1clavsk\u00e9ho n\u00e1m\u011bst\u00ed, 5 minut ch\u016fze od Starom\u011bstsk\u00e9ho n\u00e1m\u011bst\u00ed. Pokoje (alespo\u0148 25 m2) jsou vybaveny v secesn\u00edm stylu n\u00e1bytku a dekorac\u00ed. V\u0161echny mramorov\u00e9 koupelny jsou prostorn\u00e9 a vybaven\u00e9 hydromas\u00e1\u017en\u00ed vanou a sprchou. V\u0161echny pokoje jsou vybaveny TV s plochou obrazovkou a s r\u016fzn\u00fdmi satelitn\u00edmi programy, trezorem, minibarem a Wi-Fi. M\u016f\u017eete si tak\u00e9 odpo\u010dinout ve wellness klubu, kter\u00fd nab\u00edz\u00ed \u0161irokou \u0161k\u00e1lu thajsk\u00fdch a \u00e1jurv\u00e9dsk\u00e9 mas\u00e1\u017e\u00ed, z\u00e1baly a r\u016fzn\u00e9 speci\u00e1ln\u00ed mas\u00e1\u017ee jako medov\u00e1, \u010dokol\u00e1dov\u00e1 nebo \u010dakra kamenn\u00e1 mas\u00e1\u017e.<br \/>\n<a href=\"https:\/\/bowling.praguesbarrel.eu\/ambassador\/\"><img decoding=\"async\" class=\"aligncenter size-full wp-image-3804\" src=\"https:\/\/bowling.praguesbarrel.eu\/wp-content\/uploads\/2017\/01\/Bowling-tournament-hotel-ambassador03.jpg\" alt=\"\" width=\"100%\" \/><\/a><\/p>\n<h2>AMBIANCE ****<\/h2>\n<p>V hotelu Ambiance Praha, nov\u011b zrekonstruovan\u00e9 budov\u011b z 19. stolet\u00ed, vyb\u00edrejte z 99 komfortn\u011b za\u0159\u00edzen\u00fdch pokoj\u016f s 1, 2 a 3 l\u016f\u017eky. Ve v\u0161ech je mo\u017enost p\u0159ist\u00fdlky, individu\u00e1ln\u011b nastaviteln\u00e1 klimatizace, trezor, bezplatn\u00e9 Wi-Fi p\u0159ipojen\u00ed, LCD TV se satelitn\u00edm p\u0159\u00edjmem a telefon. Koupelny jsou vybaveny vanou nebo sprchov\u00fdm koutem a vysou\u0161e\u010dem vlas\u016f. Cel\u00e9 za\u0159\u00edzen\u00ed je neku\u0159\u00e1ck\u00e9. Parkov\u00e1n\u00ed je mo\u017en\u00e9 v hotelu Superior.<br \/>\n<a href=\"https:\/\/bowling.praguesbarrel.eu\/ambiance\/\"><img decoding=\"async\" class=\"aligncenter size-full wp-image-3804\" src=\"https:\/\/bowling.praguesbarrel.eu\/wp-content\/uploads\/2017\/08\/bowlingl-international-tournament-07-1.jpg\" alt=\"\" width=\"100%\" \/><\/a><\/p>\n<h2>DUO ****<\/h2>\n<p>Hotel Duo je velk\u00fd hotel v t\u011bsn\u00e9 bl\u00edzkosti bowlingov\u00e9ho centra DUO a stanice metra St\u0159\u00ed\u017ekov, odkud se dostanete do centra za 15 minut. Nach\u00e1z\u00ed se v okrajov\u00e9 \u010d\u00e1sti Prahy v bl\u00edzkosti nejstar\u0161\u00edho pra\u017esk\u00e9ho s\u00eddli\u0161t\u011b, v bl\u00edzkosti je tedy spousta park\u016f, bar\u016f, restaurac\u00ed a supermarket\u016f. Pokoje jsou jednoduch\u00e9 ale \u00fatuln\u00e9, v ka\u017ed\u00e9m je konvice a trezor. Ve voln\u00e9 \u010dase si m\u016f\u017eete d\u00e1t v\u00fdbornou k\u00e1vu nebo koktejl v elegantn\u00edm lobby, zahr\u00e1t si bowling nebo zaj\u00edt ke kade\u0159n\u00edkovi. Zrelaxovat m\u016f\u017eete p\u0159i thajsk\u00e9 nebo sportovn\u00ed mas\u00e1\u017ei, hotel nab\u00edz\u00ed tak\u00e9 saunu, baz\u00e9n nebo fitness centrum zdarma pro hotelov\u00e9 hosty. Pokud r\u00e1di nakupujete, ur\u010dit\u011b se v\u00e1m bude l\u00edbit bl\u00edzk\u00e9 n\u00e1kupn\u00ed centrum, nejv\u011bt\u0161\u00ed v Praze, OC Let\u0148any.<\/p>\n<p><a href=\"https:\/\/bowling.praguesbarrel.eu\/hotel-duo\/\"><img decoding=\"async\" class=\"aligncenter size-full wp-image-3804\" src=\"https:\/\/bowling.praguesbarrel.eu\/wp-content\/uploads\/2021\/08\/hotel_duo1.jpeg\" alt=\"\" width=\"100%\" \/><\/a><\/p>\n<h2>Ol\u0161anka ***<\/h2>\n<p>Hotel Ol\u0161anka je v\u00fdbornou volbou pro ty, kte\u0159\u00ed preferuj\u00ed ubytov\u00e1n\u00ed bl\u00edzko bowlingov\u00e9ho centra \u017di\u017ekov. Hotel se nach\u00e1z\u00ed ve st\u0159edu pra\u017esk\u00e9 \u010dtvrti \u017di\u017ekov, v okol\u00ed najdete bezpo\u010det bar\u016f a kav\u00e1ren. Z hotelu Ol\u0161anka se za 10 minut tramvaj\u00ed dostanete do samotn\u00e9ho srdce Prahy. V\u0161echny pokoje jsou vybaveny televizorem se satelitn\u00edm sign\u00e1lem a WiFi zdarma. Sou\u010d\u00e1st\u00ed hotelu je i sportovn\u00ed komplex, kter\u00fd mimo jin\u00e9 nab\u00edz\u00ed: baz\u00e9n, saunu, posilovnu, mas\u00e1\u017ee nebo badminton.<\/p>\n<p><a href=\"https:\/\/bowling.praguesbarrel.eu\/cs\/olsanka\/\"><img decoding=\"async\" class=\"aligncenter wp-image-3800 size-full\" src=\"https:\/\/bowling.praguesbarrel.eu\/wp-content\/uploads\/2016\/09\/olsanka-min.jpg\" alt=\"\" width=\"100%\" srcset=\"https:\/\/bowling.praguesbarrel.eu\/wp-content\/uploads\/2016\/09\/olsanka-min.jpg 640w, https:\/\/bowling.praguesbarrel.eu\/wp-content\/uploads\/2016\/09\/olsanka-min-300x199.jpg 300w\" sizes=\"(max-width: 640px) 100vw, 640px\" \/><\/a><\/p>\n<h2>Prague Centre Plaza ***<\/h2>\n<p>P\u011bkn\u00fd t\u0159\u00edhv\u011bzdi\u010dkov\u00fd hotel v pra\u017esk\u00e9 \u010dtvrti Vinohrady. Za 12 minut se dostanete do centra Prahy (V\u00e1clavsk\u00e9 n\u00e1m\u011bst\u00ed), kde v\u00e1\u0161 ve\u010dern\u00ed program napln\u00ed spousta bar\u016f a restaurac\u00ed. Sou\u010d\u00e1st\u00ed hotelu jsou unik\u00e1tn\u00ed pivn\u00ed l\u00e1zn\u011b Bernard, kde maj\u00ed motto \u201eVyl\u00e9\u010d\u00edme va\u0161e t\u011blo zevnit\u0159 i z venku.\u201c <a href=\"http:\/\/www.pivnilaznebernard.cz\">V\u00edce informac\u00ed o spa.<\/a><\/p>\n<p><a href=\"https:\/\/bowling.praguesbarrel.eu\/cs\/prague-centre-plaza\/\"><img decoding=\"async\" class=\"aligncenter size-full wp-image-3801\" src=\"https:\/\/bowling.praguesbarrel.eu\/wp-content\/uploads\/2016\/09\/praguecentreplaza.jpg\" alt=\"\" width=\"100%\" srcset=\"https:\/\/bowling.praguesbarrel.eu\/wp-content\/uploads\/2016\/09\/praguecentreplaza.jpg 640w, https:\/\/bowling.praguesbarrel.eu\/wp-content\/uploads\/2016\/09\/praguecentreplaza-300x208.jpg 300w\" sizes=\"(max-width: 640px) 100vw, 640px\" \/><\/a><\/p>\n<h2>st. george ****<\/h2>\n<p>Hotel St. George se nach\u00e1z\u00ed v centru m\u011bsta bl\u00edzko stanice metra I. P. Pavlova a cca 15 minut ch\u016fze od V\u00e1clavsk\u00e9ho n\u00e1m\u011bst\u00ed. V okol\u00ed jsou dob\u0159e dostupn\u00e9 restaurace, hospody a bary. Pokoje jsou vybaveny sejfem, minibarem TV. Pokoje nab\u00edz\u00ed vanu nebo sprchu. V hotelu je k dispozici lobby bar s terasou, kule\u010dn\u00edk a l\u00e1zn\u011b se saunou a jacuzzi. Wi-Fi je k dispozici v cel\u00e9m hotelu.<\/p>\n<p><a href=\"https:\/\/bowling.praguesbarrel.eu\/st-george\/\"><img decoding=\"async\" class=\"aligncenter size-full wp-image-3803\" src=\"https:\/\/bowling.praguesbarrel.eu\/wp-content\/uploads\/2019\/08\/196248717.jpg\" alt=\"\" width=\"100%\" \/><\/a><\/p>\n","protected":false},"excerpt":{"rendered":"<p>\ufeff\ufeff Ambassador ***** Hotel Ambassador se nach\u00e1z\u00ed v doln\u00ed \u010d\u00e1sti V\u00e1clavsk\u00e9ho n\u00e1m\u011bst\u00ed, 5 minut ch\u016fze od Starom\u011bstsk\u00e9ho n\u00e1m\u011bst\u00ed. Pokoje (alespo\u0148 25 m2) jsou vybaveny v secesn\u00edm stylu n\u00e1bytku a dekorac\u00ed. V\u0161echny mramorov\u00e9 koupelny jsou prostorn\u00e9 a vybaven\u00e9 hydromas\u00e1\u017en\u00ed vanou a sprchou. V\u0161echny pokoje jsou vybaveny TV s plochou obrazovkou a s r\u016fzn\u00fdmi satelitn\u00edmi programy, trezorem,&#8230;<\/p>\n","protected":false},"author":4,"featured_media":0,"parent":18350,"menu_order":0,"comment_status":"closed","ping_status":"closed","template":"","meta":{"footnotes":""},"class_list":["post-18334","page","type-page","status-publish","hentry"],"_links":{"self":[{"href":"https:\/\/bowling.praguesbarrel.eu\/cs\/wp-json\/wp\/v2\/pages\/18334","targetHints":{"allow":["GET"]}}],"collection":[{"href":"https:\/\/bowling.praguesbarrel.eu\/cs\/wp-json\/wp\/v2\/pages"}],"about":[{"href":"https:\/\/bowling.praguesbarrel.eu\/cs\/wp-json\/wp\/v2\/types\/page"}],"author":[{"embeddable":true,"href":"https:\/\/bowling.praguesbarrel.eu\/cs\/wp-json\/wp\/v2\/users\/4"}],"replies":[{"embeddable":true,"href":"https:\/\/bowling.praguesbarrel.eu\/cs\/wp-json\/wp\/v2\/comments?post=18334"}],"version-history":[{"count":1,"href":"https:\/\/bowling.praguesbarrel.eu\/cs\/wp-json\/wp\/v2\/pages\/18334\/revisions"}],"predecessor-version":[{"id":18335,"href":"https:\/\/bowling.praguesbarrel.eu\/cs\/wp-json\/wp\/v2\/pages\/18334\/revisions\/18335"}],"up":[{"embeddable":true,"href":"https:\/\/bowling.praguesbarrel.eu\/cs\/wp-json\/wp\/v2\/pages\/18350"}],"wp:attachment":[{"href":"https:\/\/bowling.praguesbarrel.eu\/cs\/wp-json\/wp\/v2\/media?parent=18334"}],"curies":[{"name":"wp","href":"https:\/\/api.w.org\/{rel}","templated":true}]}}