{"id":18216,"date":"2025-11-26T21:04:37","date_gmt":"2025-11-26T20:04:37","guid":{"rendered":"https:\/\/bowling.praguesbarrel.eu\/?page_id=18216"},"modified":"2025-11-26T21:05:14","modified_gmt":"2025-11-26T20:05:14","slug":"faq","status":"publish","type":"page","link":"https:\/\/bowling.praguesbarrel.eu\/cs\/faq\/","title":{"rendered":"FAQ"},"content":{"rendered":"<div>\n<p data-start=\"92\" data-end=\"359\">A\u0165 u\u017e jste hr\u00e1\u010d, kter\u00fd se nem\u016f\u017ee do\u010dkat, a\u017e bude p\u0159ipraven ke sv\u00e9mu hodu, nebo fanou\u0161ek p\u0159ipraven\u00fd fandit sv\u00e9mu t\u00fdmu, jste na spr\u00e1vn\u00e9m m\u00edst\u011b! Na\u0161e sekce FAQ v\u00e1m pom\u016f\u017ee hladce proj\u00edt cel\u00fdm turnajem a nab\u00eddne v\u0161echny kl\u00ed\u010dov\u00e9 informace i odpov\u011bdi na va\u0161e nej\u010dast\u011bj\u0161\u00ed dotazy.<\/p>\n<p data-start=\"361\" data-end=\"598\">Najdete tu v\u0161e \u2014 od registrace, harmonogramu a informac\u00ed o sportovi\u0161t\u00edch a\u017e po pravidla pro sestaven\u00ed t\u00fdmu, slu\u017eby pro div\u00e1ky a mnoho dal\u0161\u00edho. Chceme, aby byla va\u0161e \u00fa\u010dast na Prague\u2019s Barrel nejen vzru\u0161uj\u00edc\u00ed, ale i maxim\u00e1ln\u011b bez starost\u00ed.<\/p>\n<p data-start=\"600\" data-end=\"728\" data-is-last-node=\"\" data-is-only-node=\"\">A nena\u0161li jste, co hled\u00e1te? \u017d\u00e1dn\u00fd probl\u00e9m. Jsme tu pro v\u00e1s. Pokud odpov\u011b\u010f v FAQ chyb\u00ed, ozv\u011bte se n\u00e1m a r\u00e1di v\u00e1m porad\u00edme osobn\u011b.<\/p>\n<\/div>\n<style>#sp-ea-17475 .spcollapsing { height: 0; overflow: hidden; transition-property: height;transition-duration: 300ms;}#sp-ea-17475.sp-easy-accordion>.sp-ea-single {margin-bottom: 10px; border: 1px solid #e2e2e2; }#sp-ea-17475.sp-easy-accordion>.sp-ea-single>.ea-header a {color: #444;}#sp-ea-17475.sp-easy-accordion>.sp-ea-single>.sp-collapse>.ea-body {background: #fff; color: #444;}#sp-ea-17475.sp-easy-accordion>.sp-ea-single {background: #eee;}#sp-ea-17475.sp-easy-accordion>.sp-ea-single>.ea-header a .ea-expand-icon { float: left; color: #444;font-size: 16px;}<\/style><div id=\"sp_easy_accordion-1709627164\"><div id=\"sp-ea-17475\" class=\"sp-ea-one sp-easy-accordion\" data-ea-active=\"ea-click\" data-ea-mode=\"vertical\" data-preloader=\"\" data-scroll-active-item=\"\" data-offset-to-scroll=\"0\"><div class=\"ea-card ea-expand sp-ea-single\"><h3 class=\"ea-header\"><a class=\"collapsed\" id=\"ea-header-174750\" role=\"button\" data-sptoggle=\"spcollapse\" data-sptarget=\"#collapse174750\" aria-controls=\"collapse174750\" href=\"#\" aria-expanded=\"true\" tabindex=\"0\"><i aria-hidden=\"true\" role=\"presentation\" class=\"ea-expand-icon eap-icon-ea-expand-minus\"><\/i> Jak\u00e1 je cena turnaje?<\/a><\/h3><div class=\"sp-collapse spcollapse collapsed show\" id=\"collapse174750\" data-parent=\"#sp-ea-17475\" role=\"region\" aria-labelledby=\"ea-header-174750\"> <div class=\"ea-body\"><p><a href=\"https:\/\/bowling.praguesbarrel.eu\/cs\/cena-pragues-barrel-bowling\/\">Cena<\/a> se li\u0161\u00ed podle zvolen\u00e9ho typu <a href=\"https:\/\/bowling.praguesbarrel.eu\/cs\/cena-pragues-barrel-bowling\/ubytovani-pragues-barrel-bowling\/\">ubytov\u00e1n\u00ed<\/a> (3 a\u017e 5 hv\u011bzdi\u010dkov\u00e9 hotely v centru m\u011bsta nebo v jeho bl\u00edzkosti), kter\u00e9 si m\u016f\u017eete prohl\u00e9dnout na na\u0161em webu. Cena je stanovena za osobu a zahrnuje:<\/p><ul><li>T\u0159i noci ve zvolen\u00e9m hotelu.<\/li><li>Dopravu na v\u0161echny aktivity spojen\u00e9 s turnajem.<\/li><li>Pron\u00e1jem bowlingov\u00fdch drah.<\/li><li>Organizaci turnaje.<\/li><li>P\u0159\u00edjemnou deleg\u00e1tku, kter\u00e1 se bude o t\u00fdm starat po dobu cel\u00e9ho turnaje (pro skupiny nad 10 osob).<\/li><li>Stravov\u00e1n\u00ed formou pln\u00e9 penze.<\/li><li>Pivo zdarma v neomezen\u00e9m mno\u017estv\u00ed b\u011bhem v\u0161ech ofici\u00e1ln\u00edch aktivit turnaje.<\/li><li>Spole\u010dn\u00fd ve\u010dern\u00ed program.<\/li><li>Suven\u00fdr pro ka\u017ed\u00e9ho \u00fa\u010dastn\u00edka turnaje.<\/li><\/ul><p>Cena NEzahrnuje poji\u0161t\u011bn\u00ed \u00fa\u010dastn\u00edka.<\/p><\/div><\/div><\/div><div class=\"ea-card sp-ea-single\"><h3 class=\"ea-header\"><a class=\"collapsed\" id=\"ea-header-174751\" role=\"button\" data-sptoggle=\"spcollapse\" data-sptarget=\"#collapse174751\" aria-controls=\"collapse174751\" href=\"#\" aria-expanded=\"false\" tabindex=\"0\"><i aria-hidden=\"true\" role=\"presentation\" class=\"ea-expand-icon eap-icon-ea-expand-plus\"><\/i> Uveden\u00e1 cena je za t\u00fdm, pokoj nebo osobu?<\/a><\/h3><div class=\"sp-collapse spcollapse \" id=\"collapse174751\" data-parent=\"#sp-ea-17475\" role=\"region\" aria-labelledby=\"ea-header-174751\"> <div class=\"ea-body\"><p>V\u0161echny uveden\u00e9 ceny jsou za osobu.<\/p><\/div><\/div><\/div><div class=\"ea-card sp-ea-single\"><h3 class=\"ea-header\"><a class=\"collapsed\" id=\"ea-header-174752\" role=\"button\" data-sptoggle=\"spcollapse\" data-sptarget=\"#collapse174752\" aria-controls=\"collapse174752\" href=\"#\" aria-expanded=\"false\" tabindex=\"0\"><i aria-hidden=\"true\" role=\"presentation\" class=\"ea-expand-icon eap-icon-ea-expand-plus\"><\/i> Je z\u00e1loha vratn\u00e1?<\/a><\/h3><div class=\"sp-collapse spcollapse \" id=\"collapse174752\" data-parent=\"#sp-ea-17475\" role=\"region\" aria-labelledby=\"ea-header-174752\"> <div class=\"ea-body\"><p>Pro potvrzen\u00ed va\u0161\u00ed \u00fa\u010dasti v turnaji n\u00e1m pos\u00edl\u00e1te z\u00e1lohu 200 EUR. N\u00e1sledn\u011b plat\u00edte celkovou cenu dle po\u010dtu \u00fa\u010dastn\u00edk\u016f a vybran\u00e9ho ubytov\u00e1n\u00ed. Z\u00e1lohu po \u010das turnaje \u201edr\u017e\u00edme\u201c pro p\u0159\u00edpad, \u017ee by se stala ne\u010dekan\u00e1 ud\u00e1lost nebo \u0161koda. Pokud je v\u0161e v po\u0159\u00e1dku, hned po turnaji v\u00e1m ji pos\u00edl\u00e1me zp\u011bt na \u00fa\u010det.<\/p><\/div><\/div><\/div><div class=\"ea-card sp-ea-single\"><h3 class=\"ea-header\"><a class=\"collapsed\" id=\"ea-header-174753\" role=\"button\" data-sptoggle=\"spcollapse\" data-sptarget=\"#collapse174753\" aria-controls=\"collapse174753\" href=\"#\" aria-expanded=\"false\" tabindex=\"0\"><i aria-hidden=\"true\" role=\"presentation\" class=\"ea-expand-icon eap-icon-ea-expand-plus\"><\/i> Kolik her budeme b\u011bhem turnaje hr\u00e1t?<\/a><\/h3><div class=\"sp-collapse spcollapse \" id=\"collapse174753\" data-parent=\"#sp-ea-17475\" role=\"region\" aria-labelledby=\"ea-header-174753\"> <div class=\"ea-body\"><p>Z\u00e1le\u017e\u00ed na syst\u00e9mu, kter\u00fd se stav\u00ed podle po\u010dtu t\u00fdm\u016f, ale budou to minim\u00e1ln\u011b 3 hry za den (p\u00e1tek a sobota). I kdy\u017e byste prvn\u00ed den v\u0161e prohr\u00e1li, st\u00e1le budete druh\u00fd den pokra\u010dovat ve h\u0159e o celkov\u00e9 um\u00edst\u011bn\u00ed a p\u0159i slavnostn\u00edm sobotn\u00edm vyhl\u00e1\u0161en\u00ed si dojdete pro cenu.<\/p><\/div><\/div><\/div><div class=\"ea-card sp-ea-single\"><h3 class=\"ea-header\"><a class=\"collapsed\" id=\"ea-header-174754\" role=\"button\" data-sptoggle=\"spcollapse\" data-sptarget=\"#collapse174754\" aria-controls=\"collapse174754\" href=\"#\" aria-expanded=\"false\" tabindex=\"0\"><i aria-hidden=\"true\" role=\"presentation\" class=\"ea-expand-icon eap-icon-ea-expand-plus\"><\/i> Je opravdu v\u0161ude pivo zdarma?<\/a><\/h3><div class=\"sp-collapse spcollapse \" id=\"collapse174754\" data-parent=\"#sp-ea-17475\" role=\"region\" aria-labelledby=\"ea-header-174754\"> <div class=\"ea-body\"><p>Ano, b\u011bhem cel\u00e9ho ofici\u00e1ln\u00edho programu turnaje. P\u0159iv\u00edt\u00e1me v\u00e1s se studen\u00fdm pivem na leti\u0161ti\/n\u00e1dra\u017e\u00ed a budete si moci u\u017e\u00edt to\u010den\u00e9ho piva co hrdlo r\u00e1\u010d\u00ed b\u011bhem uv\u00edtac\u00ed ve\u010de\u0159e. Pivo si m\u016f\u017eete d\u00e1t kdykoliv b\u011bhem dne v bowlingov\u00e9m centru a p\u0159i p\u00e1te\u010dn\u00ed plavb\u011b lod\u00ed. Stejn\u011b to plat\u00ed i na z\u00e1v\u011bre\u010dn\u00e9m vyhl\u00e1\u0161en\u00ed. B\u011bhem turnaje budete moci vyzkou\u0161et r\u016fzn\u00e9 \u010desk\u00e9 zna\u010dky piva, tak\u017ee ochutn\u00e1te r\u016fzn\u00e9 zlat\u00e9 moky.<\/p><\/div><\/div><\/div><div class=\"ea-card sp-ea-single\"><h3 class=\"ea-header\"><a class=\"collapsed\" id=\"ea-header-174755\" role=\"button\" data-sptoggle=\"spcollapse\" data-sptarget=\"#collapse174755\" aria-controls=\"collapse174755\" href=\"#\" aria-expanded=\"false\" tabindex=\"0\"><i aria-hidden=\"true\" role=\"presentation\" class=\"ea-expand-icon eap-icon-ea-expand-plus\"><\/i> Kde si zamluv\u00edm ubytov\u00e1n\u00ed?<\/a><\/h3><div class=\"sp-collapse spcollapse \" id=\"collapse174755\" data-parent=\"#sp-ea-17475\" role=\"region\" aria-labelledby=\"ea-header-174755\"> <div class=\"ea-body\"><p>Nemus\u00edte se o nic starat, sta\u010d\u00ed napsat va\u0161\u00ed pivn\u00ed v\u00edle, jak\u00fd hotel jste si vybrali a jak\u00e9 pokoje budete pot\u0159ebovat a ona se o v\u0161e postar\u00e1.<\/p><\/div><\/div><\/div><div class=\"ea-card sp-ea-single\"><h3 class=\"ea-header\"><a class=\"collapsed\" id=\"ea-header-174756\" role=\"button\" data-sptoggle=\"spcollapse\" data-sptarget=\"#collapse174756\" aria-controls=\"collapse174756\" href=\"#\" aria-expanded=\"false\" tabindex=\"0\"><i aria-hidden=\"true\" role=\"presentation\" class=\"ea-expand-icon eap-icon-ea-expand-plus\"><\/i> Kdy\u017e bychom cht\u011bli dorazit d\u0159\u00edve nebo odjet pozd\u011bji, co m\u00e1me ud\u011blat? <\/a><\/h3><div class=\"sp-collapse spcollapse \" id=\"collapse174756\" data-parent=\"#sp-ea-17475\" role=\"region\" aria-labelledby=\"ea-header-174756\"> <div class=\"ea-body\"><p>Chcete v Praze z\u016fstat v\u00edce dn\u00ed, abyste prozkoumali m\u011bsto? Nen\u00ed probl\u00e9m! Sta\u010d\u00ed \u0159\u00edct va\u0161\u00ed pivn\u00ed v\u00edle, \u017ee pot\u0159ebujete noci nav\u00edc a ona se op\u011bt o v\u0161e postar\u00e1. Cena za extra noc je uvedena v cen\u00edku vedle ceny za cel\u00fd turnajov\u00fd bal\u00ed\u010dek.<\/p><\/div><\/div><\/div><div class=\"ea-card sp-ea-single\"><h3 class=\"ea-header\"><a class=\"collapsed\" id=\"ea-header-174757\" role=\"button\" data-sptoggle=\"spcollapse\" data-sptarget=\"#collapse174757\" aria-controls=\"collapse174757\" href=\"#\" aria-expanded=\"false\" tabindex=\"0\"><i aria-hidden=\"true\" role=\"presentation\" class=\"ea-expand-icon eap-icon-ea-expand-plus\"><\/i> Vyzvedne n\u00e1s n\u011bkdo na leti\u0161ti\/n\u00e1dra\u017e\u00ed? <\/a><\/h3><div class=\"sp-collapse spcollapse \" id=\"collapse174757\" data-parent=\"#sp-ea-17475\" role=\"region\" aria-labelledby=\"ea-header-174757\"> <div class=\"ea-body\"><p>Samoz\u0159ejm\u011b, v cen\u011b turnaje m\u00e1te transport z a na leti\u0161t\u011b\/autobusov\u00e9\/vlakov\u00e9 n\u00e1dra\u017e\u00ed pro nejv\u011bt\u0161\u00ed \u010d\u00e1st t\u00fdmu. Pokud se tedy rozd\u011bl\u00edte na dv\u011b \u010d\u00e1sti a n\u011bkdo p\u0159ijede pozd\u011bji, m\u016f\u017eeme jim tak\u00e9 objednat dopravu, bude to ov\u0161em za dodate\u010dn\u00fd poplatek.<\/p><\/div><\/div><\/div><div class=\"ea-card sp-ea-single\"><h3 class=\"ea-header\"><a class=\"collapsed\" id=\"ea-header-174758\" role=\"button\" data-sptoggle=\"spcollapse\" data-sptarget=\"#collapse174758\" aria-controls=\"collapse174758\" href=\"#\" aria-expanded=\"false\" tabindex=\"0\"><i aria-hidden=\"true\" role=\"presentation\" class=\"ea-expand-icon eap-icon-ea-expand-plus\"><\/i> Kde je bowlingov\u00e9 centrum a jak se tam dostanu?<\/a><\/h3><div class=\"sp-collapse spcollapse \" id=\"collapse174758\" data-parent=\"#sp-ea-17475\" role=\"region\" aria-labelledby=\"ea-header-174758\"> <div class=\"ea-body\"><p>M\u00e1me v\u00edce mo\u017enost\u00ed, kde se m\u016f\u017ee bowlingov\u00fd turnaj hr\u00e1t \u2013 Xbowling \u017di\u017ekov, Xbowling Stra\u0161nice, Xbowling DUO or Bowling Celnice. Bude z\u00e1le\u017eet na po\u010dtu p\u0159ihl\u00e1\u0161en\u00fdch t\u00fdm\u016f a syst\u00e9mu, kde budete hr\u00e1t, se dozv\u00edte po rozlosov\u00e1n\u00ed na \u010dtvrte\u010dn\u00ed ve\u010de\u0159i. Op\u011bt se nemus\u00edte o nic starat, dopravu mezi hotelem a bowlingov\u00fdm centrem zajist\u00edme. Sta\u010d\u00ed b\u00fdt v\u010das p\u0159ipraven na m\u00edst\u011b setk\u00e1n\u00ed pobl\u00ed\u017e hotelu. \u010casy odjezd\u016f budou vystaveny na n\u00e1st\u011bnk\u00e1ch, ve WhatsApp skupin\u011b a samoz\u0159ejm\u011b je bude v\u017edy v\u011bd\u011bt va\u0161e hosteska.<\/p><\/div><\/div><\/div><div class=\"ea-card sp-ea-single\"><h3 class=\"ea-header\"><a class=\"collapsed\" id=\"ea-header-174759\" role=\"button\" data-sptoggle=\"spcollapse\" data-sptarget=\"#collapse174759\" aria-controls=\"collapse174759\" href=\"#\" aria-expanded=\"false\" tabindex=\"0\"><i aria-hidden=\"true\" role=\"presentation\" class=\"ea-expand-icon eap-icon-ea-expand-plus\"><\/i> Jak se dostanu na m\u00edsto ve\u010dern\u00edho programu?<\/a><\/h3><div class=\"sp-collapse spcollapse \" id=\"collapse174759\" data-parent=\"#sp-ea-17475\" role=\"region\" aria-labelledby=\"ea-header-174759\"> <div class=\"ea-body\"><p>Prvn\u00ed ve\u010de\u0159e se kon\u00e1 v secesn\u00ed restauraci Obecn\u00edho domu, kter\u00fd se nach\u00e1z\u00ed v sam\u00e9m centru, tak\u017ee je v dochoz\u00ed vzd\u00e1lenosti v\u0161ech hotel\u016f v centru m\u011bsta. Pokud bydl\u00edte mimo centrum, d\u00e1me v\u00e1m l\u00edstky na MHD. Stejn\u011b tak to je s dopravou na lo\u010f. A proto\u017ee sobotn\u00ed vyhl\u00e1\u0161en\u00ed je v klubu, kter\u00fd je trochu d\u00e1le, vys\u00edl\u00e1me Prague\u2019s Barrel tramvaj, kter\u00e1 pojede ze zast\u00e1vek v bl\u00edzkosti na\u0161ich hotel\u016f.<\/p><\/div><\/div><\/div><div class=\"ea-card sp-ea-single\"><h3 class=\"ea-header\"><a class=\"collapsed\" id=\"ea-header-1747510\" role=\"button\" data-sptoggle=\"spcollapse\" data-sptarget=\"#collapse1747510\" aria-controls=\"collapse1747510\" href=\"#\" aria-expanded=\"false\" tabindex=\"0\"><i aria-hidden=\"true\" role=\"presentation\" class=\"ea-expand-icon eap-icon-ea-expand-plus\"><\/i> Za jak\u00fdch podm\u00ednek dostanu slevu?<\/a><\/h3><div class=\"sp-collapse spcollapse \" id=\"collapse1747510\" data-parent=\"#sp-ea-17475\" role=\"region\" aria-labelledby=\"ea-header-1747510\"> <div class=\"ea-body\"><p>Pokud jste sou\u010d\u00e1st\u00ed tzv. barrelov\u00e9 rodiny, tedy jste na turnaji po \u010dtvrt\u00e9 nebo v\u00edckr\u00e1t, ka\u017ed\u00fd \u00fa\u010dastn\u00edk m\u00e1 slevu 20 EUR z dan\u00e9 ceny. Pokud jste kapit\u00e1n t\u00fdmu, kter\u00fd m\u00e1 v\u00edce ne\u017e 21 \u00fa\u010dastn\u00edk\u016f, dostanete 50% slevu. A pokud jste super kapit\u00e1n, kter\u00fd obhospoda\u0159uje dokonce 35 a v\u00edce hr\u00e1\u010d\u016f, m\u00e1te to zdarma. Jenom pozor, slevy se nes\u010d\u00edtaj\u00ed.<\/p><\/div><\/div><\/div><div class=\"ea-card sp-ea-single\"><h3 class=\"ea-header\"><a class=\"collapsed\" id=\"ea-header-1747511\" role=\"button\" data-sptoggle=\"spcollapse\" data-sptarget=\"#collapse1747511\" aria-controls=\"collapse1747511\" href=\"#\" aria-expanded=\"false\" tabindex=\"0\"><i aria-hidden=\"true\" role=\"presentation\" class=\"ea-expand-icon eap-icon-ea-expand-plus\"><\/i> Kde najdu informace o pr\u016fb\u011bhu turnaje, na kter\u00fd jsem p\u0159ihl\u00e1\u0161en\/a?<\/a><\/h3><div class=\"sp-collapse spcollapse \" id=\"collapse1747511\" data-parent=\"#sp-ea-17475\" role=\"region\" aria-labelledby=\"ea-header-1747511\"> <div class=\"ea-body\"><p>Na webu m\u016f\u017eete v\u017edy naj\u00edt seznam <a href=\"https:\/\/bowling.praguesbarrel.eu\/enrolled-teams\/\">p\u0159ihl\u00e1\u0161en\u00fdch t\u00fdm\u016f<\/a>. 14 dn\u00ed p\u0159ed turnajem pak pos\u00edl\u00e1me bulletin se v\u0161emi detaily kapit\u00e1novi t\u00fdmu. V pr\u016fb\u011bhu turnaje budou aktualizovan\u00e9 informace takt\u00e9\u017e <a href=\"https:\/\/bowling.praguesbarrel.eu\/bulletin\/\">na na\u0161em webu<\/a>, na na\u0161ich soci\u00e1ln\u00edch s\u00edt\u00edch (<a href=\"https:\/\/www.instagram.com\/praguesbarrel\/\">Instagram<\/a> a <a href=\"https:\/\/www.facebook.com\/PraguesBarrelTournaments\">Facebook<\/a>) nebo ve WhatsApp skupin\u011b, kter\u00e1 je vytvo\u0159ena p\u0159\u00edmo pro dan\u00fd turnaj. V\u0161echno je tak\u00e9 k vid\u011bn\u00ed na n\u00e1st\u011bnk\u00e1ch v m\u00edstech turnaje a v neposledn\u00ed \u0159ad\u011b va\u0161e hosteska v\u0161echno v\u00ed! \ud83d\ude42<\/p><\/div><\/div><\/div><div class=\"ea-card sp-ea-single\"><h3 class=\"ea-header\"><a class=\"collapsed\" id=\"ea-header-1747512\" role=\"button\" data-sptoggle=\"spcollapse\" data-sptarget=\"#collapse1747512\" aria-controls=\"collapse1747512\" href=\"#\" aria-expanded=\"false\" tabindex=\"0\"><i aria-hidden=\"true\" role=\"presentation\" class=\"ea-expand-icon eap-icon-ea-expand-plus\"><\/i> M\u016f\u017eeme si vybrat na\u0161e vlastn\u00ed ubytov\u00e1n\u00ed, pokud n\u00e1m va\u0161e nevyhovuje?<\/a><\/h3><div class=\"sp-collapse spcollapse \" id=\"collapse1747512\" data-parent=\"#sp-ea-17475\" role=\"region\" aria-labelledby=\"ea-header-1747512\"> <div class=\"ea-body\"><p>Je to ur\u010dit\u011b mo\u017en\u00e9. V tom p\u0159\u00edpad\u011b budete platit ni\u017e\u0161\u00ed cenu za turnaj, j\u00eddlo, dopravu a dal\u0161\u00ed. Pros\u00edm kontaktujte va\u0161i pivn\u00ed v\u00edlu ohledn\u011b aktu\u00e1ln\u00ed ceny. Jen si zkuste pohl\u00eddat, aby va\u0161e ubytov\u00e1n\u00ed bylo bl\u00edzko m\u00edst, ze kter\u00fdch vyj\u00ed\u017ed\u00ed n\u00e1\u0161 autobus sm\u011br bowling, abyste nemuseli \u0159e\u0161it dopravu.<\/p><\/div><\/div><\/div><div class=\"ea-card sp-ea-single\"><h3 class=\"ea-header\"><a class=\"collapsed\" id=\"ea-header-1747513\" role=\"button\" data-sptoggle=\"spcollapse\" data-sptarget=\"#collapse1747513\" aria-controls=\"collapse1747513\" href=\"#\" aria-expanded=\"false\" tabindex=\"0\"><i aria-hidden=\"true\" role=\"presentation\" class=\"ea-expand-icon eap-icon-ea-expand-plus\"><\/i> Co se stane, kdybychom zru\u0161ili na\u0161i \u00fa\u010dast?<\/a><\/h3><div class=\"sp-collapse spcollapse \" id=\"collapse1747513\" data-parent=\"#sp-ea-17475\" role=\"region\" aria-labelledby=\"ea-header-1747513\"> <div class=\"ea-body\"><p>M\u016f\u017ee se samoz\u0159ejm\u011b st\u00e1t, \u017ee nakonec ned\u00e1te dohromady dostate\u010dn\u00fd po\u010det hr\u00e1\u010d\u016f nebo se jich v\u00edce zran\u00ed. V ka\u017ed\u00e9m p\u0159\u00edpad\u011b n\u00e1m to dejte v\u011bd\u011bt co nejd\u0159\u00edve. Ohledn\u011b platby pak postupujeme dle na\u0161ich storno podm\u00ednek:<\/p><ul><li>storno 90 dn\u00ed a v\u00edce p\u0159ed za\u010d\u00e1tkem turnaje: 0 %,<\/li><li>storno v obdob\u00ed 90 dn\u00ed a\u017e 50 dn\u00ed p\u0159ed za\u010d\u00e1tkem turnaje: 50 %,<\/li><li>storno m\u00e9n\u011b ne\u017e 50 dn\u00ed p\u0159ed za\u010d\u00e1tkem turnaje: 100 %,<\/li><li>storno na za\u010d\u00e1tku turnaje: 100 % z \u010d\u00e1stky potvrzen\u00e9ho po\u010dtu \u00fa\u010dastn\u00edk\u016f.<\/li><\/ul><\/div><\/div><\/div><\/div><\/div>\n","protected":false},"excerpt":{"rendered":"<p>A\u0165 u\u017e jste hr\u00e1\u010d, kter\u00fd se nem\u016f\u017ee do\u010dkat, a\u017e bude p\u0159ipraven ke sv\u00e9mu hodu, nebo fanou\u0161ek p\u0159ipraven\u00fd fandit sv\u00e9mu t\u00fdmu, jste na spr\u00e1vn\u00e9m m\u00edst\u011b! Na\u0161e sekce FAQ v\u00e1m pom\u016f\u017ee hladce proj\u00edt cel\u00fdm turnajem a nab\u00eddne v\u0161echny kl\u00ed\u010dov\u00e9 informace i odpov\u011bdi na va\u0161e nej\u010dast\u011bj\u0161\u00ed dotazy. Najdete tu v\u0161e \u2014 od registrace, harmonogramu a informac\u00ed o sportovi\u0161t\u00edch&#8230;<\/p>\n","protected":false},"author":4,"featured_media":0,"parent":0,"menu_order":0,"comment_status":"closed","ping_status":"closed","template":"","meta":{"footnotes":""},"class_list":["post-18216","page","type-page","status-publish","hentry"],"_links":{"self":[{"href":"https:\/\/bowling.praguesbarrel.eu\/cs\/wp-json\/wp\/v2\/pages\/18216","targetHints":{"allow":["GET"]}}],"collection":[{"href":"https:\/\/bowling.praguesbarrel.eu\/cs\/wp-json\/wp\/v2\/pages"}],"about":[{"href":"https:\/\/bowling.praguesbarrel.eu\/cs\/wp-json\/wp\/v2\/types\/page"}],"author":[{"embeddable":true,"href":"https:\/\/bowling.praguesbarrel.eu\/cs\/wp-json\/wp\/v2\/users\/4"}],"replies":[{"embeddable":true,"href":"https:\/\/bowling.praguesbarrel.eu\/cs\/wp-json\/wp\/v2\/comments?post=18216"}],"version-history":[{"count":2,"href":"https:\/\/bowling.praguesbarrel.eu\/cs\/wp-json\/wp\/v2\/pages\/18216\/revisions"}],"predecessor-version":[{"id":18218,"href":"https:\/\/bowling.praguesbarrel.eu\/cs\/wp-json\/wp\/v2\/pages\/18216\/revisions\/18218"}],"wp:attachment":[{"href":"https:\/\/bowling.praguesbarrel.eu\/cs\/wp-json\/wp\/v2\/media?parent=18216"}],"curies":[{"name":"wp","href":"https:\/\/api.w.org\/{rel}","templated":true}]}}