{"id":15,"date":"2016-08-10T22:29:08","date_gmt":"2016-08-10T21:29:08","guid":{"rendered":"http:\/\/bowling.praguesbarrel.eu\/?page_id=15"},"modified":"2025-12-28T19:37:08","modified_gmt":"2025-12-28T18:37:08","slug":"kontakt-pragues-barrel-bowling","status":"publish","type":"page","link":"https:\/\/bowling.praguesbarrel.eu\/cs\/kontakt-pragues-barrel-bowling\/","title":{"rendered":"Kontakt"},"content":{"rendered":"<div>\n<p>M\u00e1me r\u00e1di pivo, lidi a bowling. Z t\u00e9to kombinace vznikl turnaj Prague\u2019s Barrel: v\u00edkend pln\u00fd bowlingu, osv\u011b\u017euj\u00edc\u00edho piva a vesel\u00fdch lid\u00ed z r\u016fzn\u00fdch kout\u016f Evropy a sv\u011bta. Na\u0161\u00edm c\u00edlem je, abyste se zbavili b\u0159emen ka\u017edodenn\u00edho \u017eivota, zasportovali si, pobavili se a nemuseli se o nic starat \u2013 to je na\u0161e pr\u00e1ce.<\/p>\n<p>T\u00fdm organiz\u00e1tor\u016f amat\u00e9rsk\u00e9ho bowlingov\u00e9ho turnaje je p\u0159ipraven zodpov\u011bd\u011bt v\u0161echny va\u0161e dotazy. Nev\u00e1hejte n\u00e1s kontaktovat.<\/p>\n<\/div>\n<h2>N\u00e1\u0161 t\u00fdm<\/h2>\n<div class=\"contact-grid\">\n<div class=\"contact-card\">\n<p><img decoding=\"async\" src=\"https:\/\/bowling.praguesbarrel.eu\/wp-content\/uploads\/2023\/05\/ROBK3477.jpg\" alt=\"Sofie\" \/><\/p>\n<h3>Sofie<\/h3>\n<p>Koordin\u00e1torka pro anglicky a n\u011bmecky mluv\u00edc\u00ed zem\u011b<br \/>\nE-mail:\u00a0<a href=\"mailto:sofie@praguesbarrel.eu\">sofie@praguesbarrel.eu<\/a><br \/>\nTel.: <a href=\"tel:+420732797139\">+420 732 79 71 39\u200b<\/a><\/p>\n<\/div>\n<div class=\"contact-card\">\n<p><img decoding=\"async\" src=\"https:\/\/bowling.praguesbarrel.eu\/wp-content\/uploads\/2023\/05\/ROBK3476.jpg\" alt=\"Barbara\" \/><\/p>\n<h3>Barbara<\/h3>\n<p>Koordin\u00e1torka pro Skandin\u00e1vii a Finsko a francouzsky mluv\u00edc\u00ed zem\u011b<br \/>\nE-mail: <a style=\"font-size: 15.008px;\" href=\"mailto:barbara@praguesbarrel.eu\">barbara@praguesbarrel.eu<\/a><br \/>\nTel.: <a href=\"tel:+420604974394\">+420 604 974 394<\/a><\/p>\n<\/div>\n<div class=\"contact-card\">\n<p><img decoding=\"async\" src=\"https:\/\/bowling.praguesbarrel.eu\/wp-content\/uploads\/2023\/05\/Masha_01.jpg\" alt=\"Masha\" \/><\/p>\n<h3>Masha<\/h3>\n<p>Koordin\u00e1torka pro rusky mluv\u00edc\u00ed zem\u011b<br \/>\nE-mail: <a href=\"mailto:masha@praguesbarrel.eu\">masha@praguesbarrel.eu<\/a><br \/>\nTel.:\u00a0<a href=\"tel:+420732938233\">+420 732 938 233<\/a><\/p>\n<\/div>\n<div class=\"contact-card\">\n<p><img decoding=\"async\" src=\"https:\/\/bowling.praguesbarrel.eu\/wp-content\/uploads\/2023\/05\/ROBK3467.jpg\" alt=\"Martin\" \/><\/p>\n<h3>Martin<\/h3>\n<p>Sportovn\u00ed mana\u017eer<br \/>\nE-mail: <a href=\"mailto:martin@praguesbarrel.eu\">martin@praguesbarrel.eu<\/a><br \/>\nTel.: <a href=\"tel:+420724906168\">+420 724 906 168<\/a><\/p>\n<\/div>\n<\/div>\n<h2>Firemn\u00ed \u00fadaje<\/h2>\n<p><strong>Prague&#8217;s Barrel s.r.o.<\/strong><br \/>\nT\u00e1borsk\u00e1 4<br \/>\n140 00 Praha<br \/>\n\u010cesk\u00e1 republika<br \/>\nI\u010c: 22103716<br \/>\nDI\u010c: CZ22103716<br \/>\n<a href=\"info@praguesbarrel.eu\">info@praguesbarrel.eu<\/a><\/p>\n<h2>sledujte n\u00e1s na soci\u00e1ln\u00edch s\u00edt\u00edch<\/h2>\n<p><a href=\"https:\/\/www.facebook.com\/PraguesBarrelTournaments\"><img loading=\"lazy\" decoding=\"async\" class=\"alignnone wp-image-61595\" src=\"https:\/\/praguesbarrel.eu\/y0OH9L\/themes\/praguesbarrel\/img\/fb-ico.png\" alt=\"\" width=\"50\" height=\"50\" \/><\/a> <a href=\"https:\/\/www.instagram.com\/praguesbarrel\/\"><img loading=\"lazy\" decoding=\"async\" class=\"alignnone wp-image-61595\" src=\"http:\/\/praguesbarrel.eu\/y0OH9L\/uploads\/2022\/08\/Instagram-ikona.png\" alt=\"\" width=\"50\" height=\"50\" \/><\/a> <a href=\"https:\/\/www.youtube.com\/user\/PraguesBarrelTV\"><img loading=\"lazy\" decoding=\"async\" class=\"alignnone wp-image-61601\" src=\"http:\/\/praguesbarrel.eu\/y0OH9L\/uploads\/2022\/09\/2018_social_media_popular_app_logo_youtube-1024.webp\" alt=\"\" width=\"50\" height=\"50\" \/><\/a> <a href=\"https:\/\/whatsapp.com\/channel\/0029VaTXl94FXUui3S9que2U\"> <img loading=\"lazy\" decoding=\"async\" class=\"alignnone wp-image-61601\" src=\"http:\/\/praguesbarrel.eu\/y0OH9L\/uploads\/2024\/03\/whatsapp.png\" alt=\"\" width=\"50\" height=\"50\" \/><\/a> <a href=\"https:\/\/www.tiktok.com\/@pragues.barrel\"> <img loading=\"lazy\" decoding=\"async\" class=\"alignnone wp-image-61601\" src=\"https:\/\/hockey.praguesbarrel.eu\/wp-content\/uploads\/2024\/12\/tiktok.png\" alt=\"\" width=\"50\" height=\"50\" \/><\/a><\/p>\n","protected":false},"excerpt":{"rendered":"<p>M\u00e1me r\u00e1di pivo, lidi a bowling. Z t\u00e9to kombinace vznikl turnaj Prague\u2019s Barrel: v\u00edkend pln\u00fd bowlingu, osv\u011b\u017euj\u00edc\u00edho piva a vesel\u00fdch lid\u00ed z r\u016fzn\u00fdch kout\u016f Evropy a sv\u011bta. Na\u0161\u00edm c\u00edlem je, abyste se zbavili b\u0159emen ka\u017edodenn\u00edho \u017eivota, zasportovali si, pobavili se a nemuseli se o nic starat \u2013 to je na\u0161e pr\u00e1ce. T\u00fdm organiz\u00e1tor\u016f amat\u00e9rsk\u00e9ho bowlingov\u00e9ho&#8230;<\/p>\n","protected":false},"author":8,"featured_media":17671,"parent":0,"menu_order":0,"comment_status":"closed","ping_status":"closed","template":"","meta":{"footnotes":""},"class_list":["post-15","page","type-page","status-publish","has-post-thumbnail","hentry"],"_links":{"self":[{"href":"https:\/\/bowling.praguesbarrel.eu\/cs\/wp-json\/wp\/v2\/pages\/15","targetHints":{"allow":["GET"]}}],"collection":[{"href":"https:\/\/bowling.praguesbarrel.eu\/cs\/wp-json\/wp\/v2\/pages"}],"about":[{"href":"https:\/\/bowling.praguesbarrel.eu\/cs\/wp-json\/wp\/v2\/types\/page"}],"author":[{"embeddable":true,"href":"https:\/\/bowling.praguesbarrel.eu\/cs\/wp-json\/wp\/v2\/users\/8"}],"replies":[{"embeddable":true,"href":"https:\/\/bowling.praguesbarrel.eu\/cs\/wp-json\/wp\/v2\/comments?post=15"}],"version-history":[{"count":29,"href":"https:\/\/bowling.praguesbarrel.eu\/cs\/wp-json\/wp\/v2\/pages\/15\/revisions"}],"predecessor-version":[{"id":18290,"href":"https:\/\/bowling.praguesbarrel.eu\/cs\/wp-json\/wp\/v2\/pages\/15\/revisions\/18290"}],"wp:featuredmedia":[{"embeddable":true,"href":"https:\/\/bowling.praguesbarrel.eu\/cs\/wp-json\/wp\/v2\/media\/17671"}],"wp:attachment":[{"href":"https:\/\/bowling.praguesbarrel.eu\/cs\/wp-json\/wp\/v2\/media?parent=15"}],"curies":[{"name":"wp","href":"https:\/\/api.w.org\/{rel}","templated":true}]}}