{"id":136,"date":"2016-09-08T05:25:09","date_gmt":"2016-09-08T04:25:09","guid":{"rendered":"http:\/\/bowling.praguesbarrel.eu\/cs\/?page_id=136"},"modified":"2025-10-09T10:53:51","modified_gmt":"2025-10-09T09:53:51","slug":"bowlingovy-turnaj-o-prazsky-soudek","status":"publish","type":"page","link":"https:\/\/bowling.praguesbarrel.eu\/cs\/bowlingovy-turnaj-o-prazsky-soudek\/","title":{"rendered":"Turnaj"},"content":{"rendered":"<p><strong>Bowlingov\u00fd turnaj \u201eO pra\u017esk\u00fd soudek\u201d<\/strong> je mezin\u00e1rodn\u00ed bowlingov\u00fd turnaj amat\u00e9rsk\u00fdch t\u00fdm\u016f, kter\u00fd se ka\u017edoro\u010dn\u011b odehr\u00e1v\u00e1 v Praze, v \u010cesk\u00e9 republice. Jedn\u00e1 se o turnaj, kter\u00e9ho se \u00fa\u010dastn\u00ed mu\u017estva z cel\u00e9 Evropy. Turnaje se mohou z\u00fa\u010dastnit t\u00fdmy v\u0161ech sportovn\u00edch \u00farovn\u00ed, jedin\u00fdm m\u011b\u0159\u00edtkem je l\u00e1ska k bowlingu, pivu a z\u00e1bav\u011b. Soudek je sympatick\u00fd turnaj nejen pro bowlingov\u00e9 nad\u0161ence, ale pro v\u0161echny, kdo si r\u00e1di u\u017eij\u00ed 4 dny v p\u0159ekr\u00e1sn\u00e9m m\u011bst\u011b.<\/p>\n<p><strong>Turnaj ji\u017e oslavil 10. narozeniny<\/strong> (pod\u00edvejte se na v\u0161echny <a href=\"https:\/\/bowling.praguesbarrel.eu\/cs\/bowlingovy-turnaj-o-prazsky-soudek\/results\/\">v\u00fdsledky posledn\u00edch let<\/a>) a po\u0159\u00e1d\u00e1me ho ve spolupr\u00e1ci s N\u011bmeck\u00fdm BSV (Deutsche Betriebsport Verband) a <strong>\u010deskou Amat\u00e9rskou bowlingovou ligou<\/strong>. M\u016f\u017eete tedy o\u010dek\u00e1vat prvot\u0159\u00eddn\u00ed organizaci bez nudn\u00fdch formalit. Nejde jen o hru \u2013 v\u00e1\u0161 bal\u00ed\u010dek obsahuje ubytov\u00e1n\u00ed, plnou penzi, registra\u010dn\u00ed poplatek, <strong>neomezen\u00e9 pivo b\u011bhem v\u0161ech ofici\u00e1ln\u00edch aktivit turnaje<\/strong> a organiz\u00e1tory, kte\u0159\u00ed jsou v\u017edy k dispozici a r\u00e1di pomohou od va\u0161eho p\u0159\u00edjezdu a\u017e po odjezd. Je o v\u00e1s skv\u011ble postar\u00e1no a vy se m\u016f\u017eete soust\u0159edit jen na z\u00e1bavu.<\/p>\n<p>Je\u0161t\u011b v\u00e1h\u00e1te? Pod\u00edvejte se, <a href=\"https:\/\/bowling.praguesbarrel.eu\/cs\/enrolled-teams\/\">jak\u00e9 t\u00fdmy u\u017e se p\u0159ihl\u00e1sily<\/a> a p\u0159ipojte se ke skv\u011bl\u00e9 komunit\u011b \u00fa\u010dastn\u00edk\u016f bowlingov\u00e9ho turnaje Prague&#8217;s Barrel.<\/p>\n<p>\u2764\ufe0f \ud83c\udfb3 M\u016f\u017eete se t\u011b\u0161it na <strong>all-inclusive turnaj<\/strong>, ze kter\u00e9ho si ka\u017ed\u00fd \u010dlen t\u00fdmu odnese <strong>nezapomenuteln\u00fd z\u00e1\u017eitek<\/strong>.<\/p>\n<article class=\"text-token-text-primary w-full focus:outline-none scroll-mt-[calc(var(--header-height)+min(200px,max(70px,20svh)))]\" dir=\"auto\" tabindex=\"-1\" data-turn-id=\"request-WEB:4221071d-7fc2-4b51-900b-ba49b3696b2e-3\" data-testid=\"conversation-turn-8\" data-scroll-anchor=\"true\" data-turn=\"assistant\">\n<div class=\"text-base my-auto mx-auto pb-10 [--thread-content-margin:--spacing(4)] thread-sm:[--thread-content-margin:--spacing(6)] thread-lg:[--thread-content-margin:--spacing(16)] px-(--thread-content-margin)\">\n<div class=\"[--thread-content-max-width:40rem] thread-lg:[--thread-content-max-width:48rem] mx-auto max-w-(--thread-content-max-width) flex-1 group\/turn-messages focus-visible:outline-hidden relative flex w-full min-w-0 flex-col agent-turn\" tabindex=\"-1\">\n<div class=\"z-0 flex min-h-[46px] justify-start\"><\/div>\n<div class=\"mt-3 w-full empty:hidden\">\n<div class=\"text-center\"><\/div>\n<\/div>\n<\/div>\n<\/div>\n<\/article>\n<div class=\"pointer-events-none h-px w-px\" aria-hidden=\"true\" data-edge=\"true\"><\/div>\n<div class=\"ytvideo-wrapper\"><iframe title=\"YouTube video player\" src=\"https:\/\/www.youtube.com\/embed\/3S0spqLwwPo?si=hwtA_-wHWAJHqVbU\" frameborder=\"0\" allowfullscreen=\"allowfullscreen\"><\/iframe><\/div>\n<div><\/div>\n<h2><\/h2>\n<p>Pro\u010d si vybrat pr\u00e1v\u011b Prague&#8217;s Barrel? <strong>Praha je n\u00e1dhern\u00e9 m\u011bsto<\/strong>, kter\u00e9 je <strong>dob\u0159e dostupn\u00e9<\/strong>, atmosf\u00e9ra je nezapomenuteln\u00e1 a v\u011bt\u0161ina t\u00fdm\u016f k n\u00e1m jezd\u00ed <strong>pravideln\u011b ka\u017ed\u00fd rok<\/strong>, co\u017e nazna\u010duje, \u017ee jakmile n\u00e1\u0161 turnaj jednou okus\u00edte, u\u017e nikdy nebudete cht\u00edt jinam.<\/p>\n<h2>Na co se m\u016f\u017eete na turnaji t\u011b\u0161it?<\/h2>\n<p><a href=\"http:\/\/bowling.praguesbarrel.eu\/wp-content\/uploads\/2024\/08\/Experience_bowling_prezentace_compressed.pdf\"><img loading=\"lazy\" decoding=\"async\" class=\"alignnone size-full wp-image-76128\" src=\"http:\/\/bowling.praguesbarrel.eu\/wp-content\/uploads\/2024\/08\/Experience_bowling_prezentace-1024x576.gif\" alt=\"\" width=\"1152\" height=\"648\" \/><\/a><br \/>\n<style>#sp-ea-18107 .spcollapsing { height: 0; overflow: hidden; transition-property: height;transition-duration: 300ms;}#sp-ea-18107.sp-easy-accordion>.sp-ea-single {margin-bottom: 10px; border: 1px solid #e2e2e2; }#sp-ea-18107.sp-easy-accordion>.sp-ea-single>.ea-header a {color: #444;}#sp-ea-18107.sp-easy-accordion>.sp-ea-single>.sp-collapse>.ea-body {background: #fff; color: #444;}#sp-ea-18107.sp-easy-accordion>.sp-ea-single {background: #eee;}#sp-ea-18107.sp-easy-accordion>.sp-ea-single>.ea-header a .ea-expand-icon { float: left; color: #444;font-size: 16px;}<\/style><div id=\"sp_easy_accordion-1759866682\"><div id=\"sp-ea-18107\" class=\"sp-ea-one sp-easy-accordion\" data-ea-active=\"ea-click\" data-ea-mode=\"vertical\" data-preloader=\"\" data-scroll-active-item=\"\" data-offset-to-scroll=\"0\"><div class=\"ea-card ea-expand sp-ea-single\"><h3 class=\"ea-header\"><a class=\"collapsed\" id=\"ea-header-181070\" role=\"button\" data-sptoggle=\"spcollapse\" data-sptarget=\"#collapse181070\" aria-controls=\"collapse181070\" href=\"#\" aria-expanded=\"true\" tabindex=\"0\"><i aria-hidden=\"true\" role=\"presentation\" class=\"ea-expand-icon eap-icon-ea-expand-minus\"><\/i> Program<\/a><\/h3><div class=\"sp-collapse spcollapse collapsed show\" id=\"collapse181070\" data-parent=\"#sp-ea-18107\" role=\"region\" aria-labelledby=\"ea-header-181070\"> <div class=\"ea-body\"><h3>\u010ctvrtek<\/h3><ul><li>10:00\u201318:00 P\u0159\u00edjezd a ubytov\u00e1n\u00ed<\/li><li>19:30\u201322:00 Ve\u010de\u0159e v tradi\u010dn\u00ed \u010desk\u00e9 restauraci<\/li><li>Voln\u00fd program<\/li><\/ul><h3>P\u00e1tek<\/h3><ul><li>7:00\u20139:00 Sn\u00eddan\u011b v hotelu<\/li><li>8:15\u20139:15 Odjezd na sportovi\u0161t\u011b<\/li><li>9:00\u201318:00<br \/>a\/ Sportovn\u00ed program (ob\u011bd v restauraci na sportovi\u0161ti)<br \/>b\/ Prohl\u00eddka historick\u00e9ho centra<\/li><li>20:00\u201322:00 Ve\u010de\u0159e na lodi spojena s plavbou historick\u00fdm centrem<\/li><li>Voln\u00fd program<\/li><\/ul><h3>Sobota<\/h3><ul><li>7:00\u20139:00 Sn\u00eddan\u011b v hotelu<\/li><li>8:15\u20139:15 Odjezd na sportovi\u0161t\u011b<\/li><li>9:00\u201318:00<br \/>a\/ Sportovn\u00ed program (ob\u011bd v restauraci na sportovi\u0161ti)<br \/>b\/ Voln\u00fd \u010das (n\u00e1kupy, prohl\u00eddka m\u011bsta)<\/li><li>19:30\u00a0Z\u00e1v\u011bre\u010dn\u00fd ceremoni\u00e1l s vyhl\u00e1\u0161en\u00edm v\u00edt\u011bz\u016f, ve\u010de\u0159\u00ed a hudbou<\/li><li>Voln\u00fd program<\/li><\/ul><h3>Ned\u011ble<\/h3><ul><li>7:00\u201310:00 Sn\u00eddan\u011b v hotelu<\/li><li>Voln\u00fd program, odjezd<\/li><\/ul><\/div><\/div><\/div><div class=\"ea-card sp-ea-single\"><h3 class=\"ea-header\"><a class=\"collapsed\" id=\"ea-header-181071\" role=\"button\" data-sptoggle=\"spcollapse\" data-sptarget=\"#collapse181071\" aria-controls=\"collapse181071\" href=\"#\" aria-expanded=\"false\" tabindex=\"0\"><i aria-hidden=\"true\" role=\"presentation\" class=\"ea-expand-icon eap-icon-ea-expand-plus\"><\/i> Z\u00e1kladn\u00ed pravidla<\/a><\/h3><div class=\"sp-collapse spcollapse \" id=\"collapse181071\" data-parent=\"#sp-ea-18107\" role=\"region\" aria-labelledby=\"ea-header-181071\"> <div class=\"ea-body\"><p><strong>Bowlingov\u00fd turnaj \u201eO pra\u017esk\u00fd soudek\u201c je amat\u00e9rsk\u00fd turnaj pln\u00fd emoc\u00ed<\/strong>, vzru\u0161en\u00ed, dobr\u00e9 n\u00e1lady, piva a kvalitn\u00edch v\u00fdkon\u016f. K tomu, aby se mohlo rozhodnout, kter\u00fd t\u00fdm bude nejlep\u0161\u00ed a odveze si z Prahy titul soudkov\u00e9ho \u0161ampi\u00f3na je nutn\u00e9 stanovit z\u00e1kladn\u00ed pravidla \u2013 jak\u00e1 pravidla to jsou?<\/p><ul><li>T\u00fdm se <strong>skl\u00e1d\u00e1 ze 4 hr\u00e1\u010d\u016f<\/strong>.<\/li><li>V\u00fdm\u011bna hr\u00e1\u010d\u016f je mo\u017en\u00e1, av\u0161ak tento vym\u011bn\u011bn\u00fd hr\u00e1\u010d nesm\u00ed hr\u00e1t v jin\u00e9m t\u00fdmu.<\/li><li>\u017deny dostanou <strong>handicap 5 ku\u017eelek<\/strong> p\u0159ipsan\u00fdch k dobru ve v\u0161ech hr\u00e1ch, kter\u00e9 odehraj\u00ed.\u00a0Handicap 5 ku\u017eelek pro \u017eeny mus\u00ed b\u00fdt v syst\u00e9mu rovn\u011b\u017e zaps\u00e1n.<\/li><li>\u00dapln\u00e1 jm\u00e9na t\u00fdmu a hr\u00e1\u010d\u016f mus\u00ed b\u00fdt zaps\u00e1na ve v\u00fdsledkov\u00e9m syst\u00e9mu.<\/li><li>V\u0161echny hry budou odehr\u00e1ny podle <strong>evropsk\u00e9ho zp\u016fsobu hry.<\/strong> Nen\u00ed mo\u017en\u00e1 zm\u011bna dr\u00e1hy b\u011bhem hry, dr\u00e1hy budou dru\u017estv\u016fm p\u0159id\u011bleny.<\/li><li>Pokud n\u011bkter\u00e9mu t\u00fdmu bude chyb\u011bt \u010dtvrt\u00fd hr\u00e1\u010d, <strong>dostane za n\u011bj 120 shozen\u00fdch ku\u017eelek<\/strong>.<\/li><li>Plat\u00ed z\u00e1kladn\u00ed p\u0159edpisy FIQ, WTBA (Evropsk\u00e1 z\u00f3na) a \u010cBA (\u010cesk\u00e1 bowlingov\u00e1 asociace) s v\u00fdjimkou pravidel o konzumaci alkoholu a jin\u00fdch s ohledem na amat\u00e9rsk\u00fd charakter turnaje.<\/li><li><strong>Rozlosov\u00e1n\u00ed do jednotliv\u00fdch kvalifika\u010dn\u00edch center a do hrac\u00edch rund se provede ve \u010dtvrtek p\u0159i ve\u010de\u0159i.<\/strong><\/li><\/ul><\/div><\/div><\/div><div class=\"ea-card sp-ea-single\"><h3 class=\"ea-header\"><a class=\"collapsed\" id=\"ea-header-181072\" role=\"button\" data-sptoggle=\"spcollapse\" data-sptarget=\"#collapse181072\" aria-controls=\"collapse181072\" href=\"#\" aria-expanded=\"false\" tabindex=\"0\"><i aria-hidden=\"true\" role=\"presentation\" class=\"ea-expand-icon eap-icon-ea-expand-plus\"><\/i> Syst\u00e9m<\/a><\/h3><div class=\"sp-collapse spcollapse \" id=\"collapse181072\" data-parent=\"#sp-ea-18107\" role=\"region\" aria-labelledby=\"ea-header-181072\"> <div class=\"ea-body\"><p><span style=\"font-size: 15.008px\">Hrac\u00ed syst\u00e9m bowlingov\u00e9ho turnaje bude up\u0159esn\u011bn podle po\u010dtu p\u0159ihl\u00e1\u0161en\u00fdch dru\u017estev, n\u00ed\u017ee je p\u0159edb\u011b\u017en\u00fd harmonogram. Mazac\u00ed graf pro v\u0161echny centra bude k dispozici p\u0159ed turnajem.\u00a0<\/span><\/p><h2>P\u00e1tek<\/h2><p>Prvn\u00ed den se uskute\u010dn\u00ed kvalifikace (ka\u017ed\u00fd t\u00fdm odehraje minim\u00e1ln\u011b 3 hry) a podle celkov\u00e9ho sou\u010dtu bod\u016f v\u010detn\u011b handicapu budou dru\u017estva rozd\u011blena do v\u00fdkonnostn\u00edch t\u0159\u00edd (A, B, C, podle pot\u0159eby i v\u00edce). V p\u0159\u00edpad\u011b shody se po\u0159ad\u00ed dru\u017estev stanov\u00ed podle sou\u010dtu bod\u016f bez handicapu, p\u0159\u00edpadn\u011b podle vy\u0161\u0161\u00ed posledn\u00ed hry dru\u017estva (p\u0159edposledn\u00ed hry) a i kdyby v\u0161e bylo shodn\u00e9 podle nejvy\u0161\u0161\u00edho n\u00e1hozu hr\u00e1\u010de dru\u017estva v kvalifikaci.<\/p><h2>Sobota<\/h2><p>Hraj\u00ed se skupiny (ka\u017ed\u00fd s ka\u017ed\u00fdm ve skupin\u011b), a pot\u00e9 vy\u0159azovac\u00ed syst\u00e9m v ka\u017ed\u00e9 v\u00fdkonnostn\u00ed t\u0159\u00edd\u011b (ka\u017ed\u00fd t\u00fdm odehraje minim\u00e1ln\u011b 3 hry).<\/p><\/div><\/div><\/div><div class=\"ea-card sp-ea-single\"><h3 class=\"ea-header\"><a class=\"collapsed\" id=\"ea-header-181073\" role=\"button\" data-sptoggle=\"spcollapse\" data-sptarget=\"#collapse181073\" aria-controls=\"collapse181073\" href=\"#\" aria-expanded=\"false\" tabindex=\"0\"><i aria-hidden=\"true\" role=\"presentation\" class=\"ea-expand-icon eap-icon-ea-expand-plus\"><\/i> Bowlingov\u00e1 centra<\/a><\/h3><div class=\"sp-collapse spcollapse \" id=\"collapse181073\" data-parent=\"#sp-ea-18107\" role=\"region\" aria-labelledby=\"ea-header-181073\"> <div class=\"ea-body\"><p>Tradi\u010dn\u011b hrajeme v p\u0159edn\u00edch pra\u017esk\u00fdch bowlingov\u00fdch centrech \u2013 <strong><a href=\"https:\/\/prosek.xbowling.cz\/\">Xbowling Prosek<\/a> a <a href=\"https:\/\/zizkov.xbowling.cz\/\">Xbowling \u017di\u017ekov<\/a><\/strong>, abychom v\u00e1m poskytli co nejlep\u0161\u00ed prost\u0159ed\u00ed. Ob\u011b m\u00edsta se py\u0161n\u00ed vy\u0161kolen\u00fdm person\u00e1lem a jejich modernizovan\u00e9 dr\u00e1hy Brunswick a QubicaAMF jsou udr\u017eov\u00e1ny na nejvy\u0161\u0161\u00ed technick\u00e9 \u00farovni. D\u00edky spolupr\u00e1ci s t\u011bmito centry v\u00e1m zaru\u010dujeme, \u017ee a\u0165 u\u017e jste amat\u00e9r, nebo pravideln\u00fd \u00fa\u010dastn\u00edk ligy, budete si moci u\u017e\u00edvat \u0161pi\u010dkov\u00e9 z\u00e1zem\u00ed, kter\u00e9 d\u011bl\u00e1 n\u00e1\u0161 turnaj tak v\u00fdjime\u010dn\u00fdm. Tato bowlingov\u00e1 centra pat\u0159\u00ed k p\u0159edn\u00edm pra\u017esk\u00fdm bowlingov\u00fdm are\u00e1l\u016fm a pravideln\u011b <strong>host\u00ed presti\u017en\u00ed sout\u011b\u017ee<\/strong>, jako je Mistrovstv\u00ed \u010cesk\u00e9 republiky v ABL, Liga dru\u017estev na 9 ku\u017eelek, Prosek IRON Ten a tak\u00e9 \u0159adu n\u00e1rodn\u00edch i mezin\u00e1rodn\u00edch turnaj\u016f.<\/p><\/div><\/div><\/div><\/div><\/div><\/p>\n","protected":false},"excerpt":{"rendered":"<p>Bowlingov\u00fd turnaj \u201eO pra\u017esk\u00fd soudek\u201d je mezin\u00e1rodn\u00ed bowlingov\u00fd turnaj amat\u00e9rsk\u00fdch t\u00fdm\u016f, kter\u00fd se ka\u017edoro\u010dn\u011b odehr\u00e1v\u00e1 v Praze, v \u010cesk\u00e9 republice. Jedn\u00e1 se o turnaj, kter\u00e9ho se \u00fa\u010dastn\u00ed mu\u017estva z cel\u00e9 Evropy. Turnaje se mohou z\u00fa\u010dastnit t\u00fdmy v\u0161ech sportovn\u00edch \u00farovn\u00ed, jedin\u00fdm m\u011b\u0159\u00edtkem je l\u00e1ska k bowlingu, pivu a z\u00e1bav\u011b. Soudek je sympatick\u00fd turnaj nejen pro bowlingov\u00e9&#8230;<\/p>\n","protected":false},"author":5,"featured_media":17290,"parent":0,"menu_order":0,"comment_status":"closed","ping_status":"closed","template":"","meta":{"footnotes":""},"class_list":["post-136","page","type-page","status-publish","has-post-thumbnail","hentry"],"_links":{"self":[{"href":"https:\/\/bowling.praguesbarrel.eu\/cs\/wp-json\/wp\/v2\/pages\/136","targetHints":{"allow":["GET"]}}],"collection":[{"href":"https:\/\/bowling.praguesbarrel.eu\/cs\/wp-json\/wp\/v2\/pages"}],"about":[{"href":"https:\/\/bowling.praguesbarrel.eu\/cs\/wp-json\/wp\/v2\/types\/page"}],"author":[{"embeddable":true,"href":"https:\/\/bowling.praguesbarrel.eu\/cs\/wp-json\/wp\/v2\/users\/5"}],"replies":[{"embeddable":true,"href":"https:\/\/bowling.praguesbarrel.eu\/cs\/wp-json\/wp\/v2\/comments?post=136"}],"version-history":[{"count":16,"href":"https:\/\/bowling.praguesbarrel.eu\/cs\/wp-json\/wp\/v2\/pages\/136\/revisions"}],"predecessor-version":[{"id":18158,"href":"https:\/\/bowling.praguesbarrel.eu\/cs\/wp-json\/wp\/v2\/pages\/136\/revisions\/18158"}],"wp:featuredmedia":[{"embeddable":true,"href":"https:\/\/bowling.praguesbarrel.eu\/cs\/wp-json\/wp\/v2\/media\/17290"}],"wp:attachment":[{"href":"https:\/\/bowling.praguesbarrel.eu\/cs\/wp-json\/wp\/v2\/media?parent=136"}],"curies":[{"name":"wp","href":"https:\/\/api.w.org\/{rel}","templated":true}]}}